{"id":31924,"date":"2026-02-27T00:15:20","date_gmt":"2026-02-27T00:15:20","guid":{"rendered":"https:\/\/nordicmart.andreevmaster.com\/product\/songmics-meikkijarjestelija-akryylista-valkoinen\/"},"modified":"2026-02-27T09:37:35","modified_gmt":"2026-02-27T09:37:35","slug":"songmics-meikkijarjestelija-akryylista-valkoinen","status":"publish","type":"product","link":"https:\/\/nordicmart.andreevmaster.com\/fi\/tuote\/songmics-meikkijarjestelija-akryylista-valkoinen\/","title":{"rendered":"SONGMICS meikkij\u00e4rjestelij\u00e4 akryylist\u00e4, valkoinen"},"content":{"rendered":"<p>Kauneudenhoidon v\u00e4ltt\u00e4m\u00e4tt\u00f6myys Se, ett\u00e4 olet tyytyv\u00e4inen meikkiisi aikaisin aamulla, ei riipu pelk\u00e4st\u00e4\u00e4n taidoistasi tai siit\u00e4, ett\u00e4 olet erityisen aktiivinen aamuvirkku. Se, ett\u00e4 l\u00f6yd\u00e4t meikkiv\u00e4lineesi nopeasti, vaikuttaa my\u00f6s suuresti tyytyv\u00e4isyyteesi. J\u00e4rjest\u00e4 siis meikkisi t\u00e4ll\u00e4 SONGMICS-kosmetiikan j\u00e4rjestelij\u00e4ll\u00e4 ja tee el\u00e4m\u00e4st\u00e4si miellytt\u00e4v\u00e4mp\u00e4\u00e4 ja stressitt\u00f6m\u00e4mp\u00e4\u00e4! 2-in-1-meikkij\u00e4rjestelij\u00e4 K\u00e4yt\u00e4 kosmetiikkalaatikon kahta osaa yhdess\u00e4, jos sinulla on vain rajoitetusti s\u00e4ilytystilaa, tai kahdessa eri paikassa. Voit esimerkiksi sijoittaa 15 lokerolla varustetun yl\u00e4osan, jossa on tilaa huulipunille, siveltimille ja kynsilakoille, erikseen meikkip\u00f6yd\u00e4llesi. N\u00e4in alaosan pinta j\u00e4\u00e4 vapaaksi parfyymipulloille tai voiteille. Kolmeen laatikkoon voi lis\u00e4ksi s\u00e4il\u00f6\u00e4 luomiv\u00e4rej\u00e4, pinsettej\u00e4 ja muita tarvikkeita. Tyytyv\u00e4isyytesi on meille t\u00e4rke\u00e4\u00e4. Jos sinulla on lis\u00e4kysymyksi\u00e4, ota rohkeasti yhteytt\u00e4 asiakaspalveluumme. Yst\u00e4v\u00e4llinen henkil\u00f6kuntamme on aina valmiina auttamaan sinua. Varusta kauneudenhoitoparatiisisi t\u00e4ll\u00e4 kosmetiikan s\u00e4ilytyslaatikolla! Tuotetiedot:- V\u00e4ri: valkoinen (mustat sis\u00e4osat) &#8211; Materiaali: polystyreeni &#8211; Koko: 24 x 13,5 x 18,5 cm (P x L x K) &#8211; Paino: 1,2 kg Toimitus sis\u00e4lt\u00e4\u00e4: &#8211; 1 x kosmetiikan s\u00e4ilytyslaatikko SONGMICS-ohjeet: &#8211; K\u00e4sittele tuotetta varoen.<\/p>\n","protected":false},"excerpt":{"rendered":"<p>SONGMICS kosmetiikan s\u00e4ilytyslaatikko, 3 laatikkoa, meikille, akryyli, l\u00e4pin\u00e4kyv\u00e4 JKA002TP<\/p>\n","protected":false},"featured_media":40991,"comment_status":"open","ping_status":"closed","template":"","meta":[],"product_brand":[],"product_cat":[32],"product_tag":[],"class_list":{"0":"post-31924","1":"product","2":"type-product","3":"status-publish","4":"has-post-thumbnail","6":"product_cat-uncategorized-fi","8":"first","9":"instock","10":"shipping-taxable","11":"purchasable","12":"product-type-simple"},"_links":{"self":[{"href":"https:\/\/nordicmart.andreevmaster.com\/fi\/wp-json\/wp\/v2\/product\/31924","targetHints":{"allow":["GET"]}}],"collection":[{"href":"https:\/\/nordicmart.andreevmaster.com\/fi\/wp-json\/wp\/v2\/product"}],"about":[{"href":"https:\/\/nordicmart.andreevmaster.com\/fi\/wp-json\/wp\/v2\/types\/product"}],"replies":[{"embeddable":true,"href":"https:\/\/nordicmart.andreevmaster.com\/fi\/wp-json\/wp\/v2\/comments?post=31924"}],"wp:featuredmedia":[{"embeddable":true,"href":"https:\/\/nordicmart.andreevmaster.com\/fi\/wp-json\/wp\/v2\/media\/40991"}],"wp:attachment":[{"href":"https:\/\/nordicmart.andreevmaster.com\/fi\/wp-json\/wp\/v2\/media?parent=31924"}],"wp:term":[{"taxonomy":"product_brand","embeddable":true,"href":"https:\/\/nordicmart.andreevmaster.com\/fi\/wp-json\/wp\/v2\/product_brand?post=31924"},{"taxonomy":"product_cat","embeddable":true,"href":"https:\/\/nordicmart.andreevmaster.com\/fi\/wp-json\/wp\/v2\/product_cat?post=31924"},{"taxonomy":"product_tag","embeddable":true,"href":"https:\/\/nordicmart.andreevmaster.com\/fi\/wp-json\/wp\/v2\/product_tag?post=31924"}],"curies":[{"name":"wp","href":"https:\/\/api.w.org\/{rel}","templated":true}]}}