{"id":31923,"date":"2026-02-27T00:15:20","date_gmt":"2026-02-27T00:15:20","guid":{"rendered":"https:\/\/nordicmart.andreevmaster.com\/product\/songmics-kosmetiikan-sailytyslaatikko-3-isoa-laatikkoa\/"},"modified":"2026-02-27T09:37:35","modified_gmt":"2026-02-27T09:37:35","slug":"songmics-kosmetiikan-sailytyslaatikko-3-isoa-laatikkoa","status":"publish","type":"product","link":"https:\/\/nordicmart.andreevmaster.com\/fi\/tuote\/songmics-kosmetiikan-sailytyslaatikko-3-isoa-laatikkoa\/","title":{"rendered":"SONGMICS kosmetiikan s\u00e4ilytyslaatikko 3 isoa laatikkoa"},"content":{"rendered":"<p>Kajal, sivellin, kynsilakka, puuteriJoudutko aina etsim\u00e4\u00e4n tuntikausia huulipunaasi tai ripsiv\u00e4ri\u00e4si? Sitten t\u00e4m\u00e4 akryylinen kosmetiikan s\u00e4ilytyslaatikko on t\u00e4ydellinen sinulle! L\u00e4pin\u00e4kyv\u00e4n materiaalin ansiosta n\u00e4et heti, miss\u00e4 meikkisi ovat. Laatikon laatikot ja erikokoiset lokerot sopivat monenlaisiin kosmetiikkatuotteisiin. Monipuolinen k\u00e4ytt\u00f6 K\u00e4yt\u00e4 laatikkoa my\u00f6s muiden tarvikkeiden, kuten ompelulangojen, ruuvien, toimistotarvikkeiden jne. j\u00e4rjest\u00e4miseen, lajitteluun ja j\u00e4rjestelyyn. Tuotetiedot: &#8211; V\u00e4ri: l\u00e4pin\u00e4kyv\u00e4 &#8211; Materiaali: akryyli &#8211; Mitat: 24 x 13,5 x 18,5 cm &#8211; Laatikon mitat: 22,5 x 13,5 x 3,3 cm  Toimitus sis\u00e4lt\u00e4\u00e4: &#8211; 1 x kosmetiikan s\u00e4ilytyslaatikko SONGMICS Huomautukset: &#8211; Pid\u00e4 tuote poissa ter\u00e4vien tai ter\u00e4vien esineiden l\u00e4heisyydest\u00e4 naarmujen v\u00e4ltt\u00e4miseksi.<\/p>\n","protected":false},"excerpt":{"rendered":"<p>SONGMICS kosmetiikan s\u00e4ilytyslaatikko, 3 laatikkoa, meikille, akryyli, l\u00e4pin\u00e4kyv\u00e4 JKA002TP<\/p>\n","protected":false},"featured_media":40990,"comment_status":"open","ping_status":"closed","template":"","meta":[],"product_brand":[],"product_cat":[32],"product_tag":[],"class_list":{"0":"post-31923","1":"product","2":"type-product","3":"status-publish","4":"has-post-thumbnail","6":"product_cat-uncategorized-fi","8":"first","9":"instock","10":"shipping-taxable","11":"purchasable","12":"product-type-simple"},"_links":{"self":[{"href":"https:\/\/nordicmart.andreevmaster.com\/fi\/wp-json\/wp\/v2\/product\/31923","targetHints":{"allow":["GET"]}}],"collection":[{"href":"https:\/\/nordicmart.andreevmaster.com\/fi\/wp-json\/wp\/v2\/product"}],"about":[{"href":"https:\/\/nordicmart.andreevmaster.com\/fi\/wp-json\/wp\/v2\/types\/product"}],"replies":[{"embeddable":true,"href":"https:\/\/nordicmart.andreevmaster.com\/fi\/wp-json\/wp\/v2\/comments?post=31923"}],"wp:featuredmedia":[{"embeddable":true,"href":"https:\/\/nordicmart.andreevmaster.com\/fi\/wp-json\/wp\/v2\/media\/40990"}],"wp:attachment":[{"href":"https:\/\/nordicmart.andreevmaster.com\/fi\/wp-json\/wp\/v2\/media?parent=31923"}],"wp:term":[{"taxonomy":"product_brand","embeddable":true,"href":"https:\/\/nordicmart.andreevmaster.com\/fi\/wp-json\/wp\/v2\/product_brand?post=31923"},{"taxonomy":"product_cat","embeddable":true,"href":"https:\/\/nordicmart.andreevmaster.com\/fi\/wp-json\/wp\/v2\/product_cat?post=31923"},{"taxonomy":"product_tag","embeddable":true,"href":"https:\/\/nordicmart.andreevmaster.com\/fi\/wp-json\/wp\/v2\/product_tag?post=31923"}],"curies":[{"name":"wp","href":"https:\/\/api.w.org\/{rel}","templated":true}]}}