{"id":31921,"date":"2026-02-27T00:15:20","date_gmt":"2026-02-27T00:15:20","guid":{"rendered":"https:\/\/nordicmart.andreevmaster.com\/product\/songmics-meikkijarjestelija-3-laatikkoa-musta\/"},"modified":"2026-02-27T09:37:35","modified_gmt":"2026-02-27T09:37:35","slug":"songmics-meikkijarjestelija-3-laatikkoa-musta","status":"publish","type":"product","link":"https:\/\/nordicmart.andreevmaster.com\/fi\/tuote\/songmics-meikkijarjestelija-3-laatikkoa-musta\/","title":{"rendered":"SONGMICS meikkij\u00e4rjestelij\u00e4, 3 laatikkoa, musta"},"content":{"rendered":"<p>Valmistaudu aamulla nopeammin Voi ei, taas my\u00f6h\u00e4ss\u00e4! Meill\u00e4 kaikilla on kiire aamuisin, mutta miten voimme valmistautua aamulla nopeammin? SONGMICS-meikkij\u00e4rjestelij\u00e4n avulla voit s\u00e4ilytt\u00e4\u00e4 huulipunaa, luomiv\u00e4ri\u00e4 tai siveltimi\u00e4 siististi. Et en\u00e4\u00e4 tuhlaa aikaa etsim\u00e4ll\u00e4 tarvitsemiasi esineit\u00e4. Yksi nurkka riitt\u00e4\u00e4 Uskomatonta \u2013 t\u00e4m\u00e4 kosmetiikan s\u00e4ilytyslaatikko tarjoaa paljon s\u00e4ilytystilaa, mutta vie vain v\u00e4h\u00e4n tilaa. Pinoa yl\u00e4- ja alaosa p\u00e4\u00e4llekk\u00e4in, jotta meikkip\u00f6yt\u00e4si pysyy siistin\u00e4. Aseta meikkilaatikko nurkkaan, niin kaikki tarvitsemasi on yhdess\u00e4 paikassa. Tuotetiedot:- V\u00e4ri: l\u00e4pin\u00e4kyv\u00e4 musta-ruusukulta &#8211; Materiaali: polystyreeni &#8211; Koko: 24 x 13,5 x 18,5 cm (P x L x K) &#8211; Paino: 1,2 kg Toimitus sis\u00e4lt\u00e4\u00e4: &#8211; 1 x kosmetiikan s\u00e4ilytyslaatikko SONGMICS Huomautukset: &#8211; K\u00e4sittele tuotetta varoen.<\/p>\n","protected":false},"excerpt":{"rendered":"<p>SONGMICS kosmetiikan s\u00e4ilytyslaatikko, 3 laatikkoa, meikille, akryyli, l\u00e4pin\u00e4kyv\u00e4 JKA002TP<\/p>\n","protected":false},"featured_media":40988,"comment_status":"open","ping_status":"closed","template":"","meta":[],"product_brand":[],"product_cat":[32],"product_tag":[],"class_list":{"0":"post-31921","1":"product","2":"type-product","3":"status-publish","4":"has-post-thumbnail","6":"product_cat-uncategorized-fi","8":"first","9":"instock","10":"shipping-taxable","11":"purchasable","12":"product-type-simple"},"_links":{"self":[{"href":"https:\/\/nordicmart.andreevmaster.com\/fi\/wp-json\/wp\/v2\/product\/31921","targetHints":{"allow":["GET"]}}],"collection":[{"href":"https:\/\/nordicmart.andreevmaster.com\/fi\/wp-json\/wp\/v2\/product"}],"about":[{"href":"https:\/\/nordicmart.andreevmaster.com\/fi\/wp-json\/wp\/v2\/types\/product"}],"replies":[{"embeddable":true,"href":"https:\/\/nordicmart.andreevmaster.com\/fi\/wp-json\/wp\/v2\/comments?post=31921"}],"wp:featuredmedia":[{"embeddable":true,"href":"https:\/\/nordicmart.andreevmaster.com\/fi\/wp-json\/wp\/v2\/media\/40988"}],"wp:attachment":[{"href":"https:\/\/nordicmart.andreevmaster.com\/fi\/wp-json\/wp\/v2\/media?parent=31921"}],"wp:term":[{"taxonomy":"product_brand","embeddable":true,"href":"https:\/\/nordicmart.andreevmaster.com\/fi\/wp-json\/wp\/v2\/product_brand?post=31921"},{"taxonomy":"product_cat","embeddable":true,"href":"https:\/\/nordicmart.andreevmaster.com\/fi\/wp-json\/wp\/v2\/product_cat?post=31921"},{"taxonomy":"product_tag","embeddable":true,"href":"https:\/\/nordicmart.andreevmaster.com\/fi\/wp-json\/wp\/v2\/product_tag?post=31921"}],"curies":[{"name":"wp","href":"https:\/\/api.w.org\/{rel}","templated":true}]}}