{"id":31920,"date":"2026-02-27T00:15:20","date_gmt":"2026-02-27T00:15:20","guid":{"rendered":"https:\/\/nordicmart.andreevmaster.com\/product\/songmics-meikkijarjestelija-4-laatikkoa-valkoinen\/"},"modified":"2026-02-27T09:37:35","modified_gmt":"2026-02-27T09:37:35","slug":"songmics-meikkijarjestelija-4-laatikkoa-valkoinen","status":"publish","type":"product","link":"https:\/\/nordicmart.andreevmaster.com\/fi\/tuote\/songmics-meikkijarjestelija-4-laatikkoa-valkoinen\/","title":{"rendered":"SONGMICS meikkij\u00e4rjestelij\u00e4 4 laatikkoa valkoinen"},"content":{"rendered":"<p>Kauneudenhoidon v\u00e4ltt\u00e4m\u00e4tt\u00f6myys: Se, ett\u00e4 olet tyytyv\u00e4inen meikkiisi aikaisin aamulla, ei riipu pelk\u00e4st\u00e4\u00e4n taidoistasi tai siit\u00e4, ett\u00e4 olet erityisen aktiivinen aamuvirkku. Se, ett\u00e4 l\u00f6yd\u00e4t meikkitarvikkeesi nopeasti, vaikuttaa my\u00f6s suuresti tyytyv\u00e4isyyteesi. J\u00e4rjest\u00e4 siis meikkisi t\u00e4ll\u00e4 SONGMICS-kosmetiikan j\u00e4rjestelij\u00e4ll\u00e4 ja tee el\u00e4m\u00e4st\u00e4si miellytt\u00e4v\u00e4mp\u00e4\u00e4 ja stressitt\u00f6m\u00e4mp\u00e4\u00e4! 2-in-1-meikkij\u00e4rjestelij\u00e4: K\u00e4yt\u00e4 kosmetiikkalaatikon kahta osaa yhdess\u00e4, jos sinulla on vain rajoitetusti s\u00e4ilytystilaa, tai kahdessa eri paikassa. Voit esimerkiksi sijoittaa yl\u00e4osan, jossa on 11 lokeroa huulipunille, siveltimille ja kynsilakoille, erikseen meikkip\u00f6yd\u00e4llesi. N\u00e4in alaosan pinta j\u00e4\u00e4 vapaaksi parfyymipulloille tai voiteille. Nelj\u00e4\u00e4n laatikkoon voi lis\u00e4ksi s\u00e4il\u00f6\u00e4 luomiv\u00e4rej\u00e4, pinsettej\u00e4 ja muita tarvikkeita. Tyytyv\u00e4isyytesi on meille t\u00e4rke\u00e4\u00e4: jos sinulla on lis\u00e4kysymyksi\u00e4, ota rohkeasti yhteytt\u00e4 asiakaspalveluumme. Yst\u00e4v\u00e4llinen henkil\u00f6kuntamme on aina valmiina auttamaan sinua. Varusta kauneudenhoitotuotteiden paratiisisi t\u00e4ll\u00e4 kosmetiikan s\u00e4ilytysj\u00e4rjestelm\u00e4ll\u00e4! Tuotetiedot: V\u00e4ri: valkoinen Materiaali: polystyreeni Koko: 24 x 13,5 x 18,5 cm (P x L x K) Paino: 1,2 kg Toimitus sis\u00e4lt\u00e4\u00e4: 1 x kosmetiikan s\u00e4ilytysj\u00e4rjestelm\u00e4 SONGMICS-ohjeet: K\u00e4sittele tuotetta varoen.<\/p>\n","protected":false},"excerpt":{"rendered":"<p>SONGMICS meikkij\u00e4rjestelij\u00e4, kosmetiikan j\u00e4rjestelij\u00e4, 4 laatikkoa ja 11 eri kokoista lokeroa, luistamattomat pohjalevyt, meikkej\u00e4 ja koruja varten, valkoinen JKA001WT<\/p>\n","protected":false},"featured_media":40987,"comment_status":"open","ping_status":"closed","template":"","meta":[],"product_brand":[],"product_cat":[32],"product_tag":[],"class_list":{"0":"post-31920","1":"product","2":"type-product","3":"status-publish","4":"has-post-thumbnail","6":"product_cat-uncategorized-fi","8":"first","9":"instock","10":"shipping-taxable","11":"purchasable","12":"product-type-simple"},"_links":{"self":[{"href":"https:\/\/nordicmart.andreevmaster.com\/fi\/wp-json\/wp\/v2\/product\/31920","targetHints":{"allow":["GET"]}}],"collection":[{"href":"https:\/\/nordicmart.andreevmaster.com\/fi\/wp-json\/wp\/v2\/product"}],"about":[{"href":"https:\/\/nordicmart.andreevmaster.com\/fi\/wp-json\/wp\/v2\/types\/product"}],"replies":[{"embeddable":true,"href":"https:\/\/nordicmart.andreevmaster.com\/fi\/wp-json\/wp\/v2\/comments?post=31920"}],"wp:featuredmedia":[{"embeddable":true,"href":"https:\/\/nordicmart.andreevmaster.com\/fi\/wp-json\/wp\/v2\/media\/40987"}],"wp:attachment":[{"href":"https:\/\/nordicmart.andreevmaster.com\/fi\/wp-json\/wp\/v2\/media?parent=31920"}],"wp:term":[{"taxonomy":"product_brand","embeddable":true,"href":"https:\/\/nordicmart.andreevmaster.com\/fi\/wp-json\/wp\/v2\/product_brand?post=31920"},{"taxonomy":"product_cat","embeddable":true,"href":"https:\/\/nordicmart.andreevmaster.com\/fi\/wp-json\/wp\/v2\/product_cat?post=31920"},{"taxonomy":"product_tag","embeddable":true,"href":"https:\/\/nordicmart.andreevmaster.com\/fi\/wp-json\/wp\/v2\/product_tag?post=31920"}],"curies":[{"name":"wp","href":"https:\/\/api.w.org\/{rel}","templated":true}]}}