{"id":31919,"date":"2026-02-27T00:15:19","date_gmt":"2026-02-27T00:15:19","guid":{"rendered":"https:\/\/nordicmart.andreevmaster.com\/product\/songmics-kosmetiikan-sailytyslaatikko-4-laatikkoa-ja-11-lokeroa\/"},"modified":"2026-02-27T09:37:35","modified_gmt":"2026-02-27T09:37:35","slug":"songmics-kosmetiikan-sailytyslaatikko-4-laatikkoa-ja-11-lokeroa","status":"publish","type":"product","link":"https:\/\/nordicmart.andreevmaster.com\/fi\/tuote\/songmics-kosmetiikan-sailytyslaatikko-4-laatikkoa-ja-11-lokeroa\/","title":{"rendered":"SONGMICS kosmetiikan s\u00e4ilytyslaatikko, 4 laatikkoa ja 11 lokeroa"},"content":{"rendered":"<p>SONGMICS meikkij\u00e4rjestelij\u00e4, kosmetiikan j\u00e4rjestelij\u00e4, 4 laatikkoa ja 11 eri kokoista lokeroa, luistamattomat pohjalevyt, meikkej\u00e4 ja koruja varten, valkoinen JKA001WT<br \/>\nV\u00e4ri: l\u00e4pin\u00e4kyv\u00e4<br \/>\nMateriaali: akryyli<br \/>\nKoko: 14 x 23,5 x 18,7 cm (S x L x K)<br \/>\nPaino: 1,2 kg<\/p>\n","protected":false},"excerpt":{"rendered":"<p>SONGMICS meikkij\u00e4rjestelij\u00e4, kosmetiikan j\u00e4rjestelij\u00e4, 4 laatikkoa ja 11 eri kokoista lokeroa, luistamattomat pohjalevyt, meikkej\u00e4 ja koruja varten, valkoinen JKA001WT<\/p>\n","protected":false},"featured_media":40986,"comment_status":"open","ping_status":"closed","template":"","meta":[],"product_brand":[],"product_cat":[32],"product_tag":[],"class_list":{"0":"post-31919","1":"product","2":"type-product","3":"status-publish","4":"has-post-thumbnail","6":"product_cat-uncategorized-fi","8":"first","9":"instock","10":"shipping-taxable","11":"purchasable","12":"product-type-simple"},"_links":{"self":[{"href":"https:\/\/nordicmart.andreevmaster.com\/fi\/wp-json\/wp\/v2\/product\/31919","targetHints":{"allow":["GET"]}}],"collection":[{"href":"https:\/\/nordicmart.andreevmaster.com\/fi\/wp-json\/wp\/v2\/product"}],"about":[{"href":"https:\/\/nordicmart.andreevmaster.com\/fi\/wp-json\/wp\/v2\/types\/product"}],"replies":[{"embeddable":true,"href":"https:\/\/nordicmart.andreevmaster.com\/fi\/wp-json\/wp\/v2\/comments?post=31919"}],"wp:featuredmedia":[{"embeddable":true,"href":"https:\/\/nordicmart.andreevmaster.com\/fi\/wp-json\/wp\/v2\/media\/40986"}],"wp:attachment":[{"href":"https:\/\/nordicmart.andreevmaster.com\/fi\/wp-json\/wp\/v2\/media?parent=31919"}],"wp:term":[{"taxonomy":"product_brand","embeddable":true,"href":"https:\/\/nordicmart.andreevmaster.com\/fi\/wp-json\/wp\/v2\/product_brand?post=31919"},{"taxonomy":"product_cat","embeddable":true,"href":"https:\/\/nordicmart.andreevmaster.com\/fi\/wp-json\/wp\/v2\/product_cat?post=31919"},{"taxonomy":"product_tag","embeddable":true,"href":"https:\/\/nordicmart.andreevmaster.com\/fi\/wp-json\/wp\/v2\/product_tag?post=31919"}],"curies":[{"name":"wp","href":"https:\/\/api.w.org\/{rel}","templated":true}]}}