{"id":31916,"date":"2026-02-27T00:15:19","date_gmt":"2026-02-27T00:15:19","guid":{"rendered":"https:\/\/nordicmart.andreevmaster.com\/product\/songmics-meikkijarjestelija-laatikoilla-valkoinen\/"},"modified":"2026-02-27T09:37:34","modified_gmt":"2026-02-27T09:37:34","slug":"songmics-meikkijarjestelija-laatikoilla-valkoinen","status":"publish","type":"product","link":"https:\/\/nordicmart.andreevmaster.com\/fi\/tuote\/songmics-meikkijarjestelija-laatikoilla-valkoinen\/","title":{"rendered":"SONGMICS meikkij\u00e4rjestelij\u00e4 laatikoilla, valkoinen"},"content":{"rendered":"<p>Ei ole vain sinun kykyjesi tai erityisen aktiivisen aamuvirkkyytesi ansiota, ett\u00e4 voit olla niin tyytyv\u00e4inen. Se, ett\u00e4 l\u00f6yd\u00e4t meikkitarvikkeesi nopeasti, vaikuttaa my\u00f6s suuresti tyytyv\u00e4isyyteesi. J\u00e4rjest\u00e4 siis meikkisi t\u00e4ll\u00e4 SONGMICS-kosmetiikkaj\u00e4rjestimell\u00e4 ja tee el\u00e4m\u00e4st\u00e4si miellytt\u00e4v\u00e4mp\u00e4\u00e4 ja stressitt\u00f6m\u00e4mp\u00e4\u00e4! 2-in-1-meikkij\u00e4rjestin K\u00e4yt\u00e4 kosmetiikkalaatikon kahta osaa yhdess\u00e4, jos sinulla on vain rajoitetusti s\u00e4ilytystilaa, tai kahdessa eri paikassa. Voit esimerkiksi sijoittaa 16 lokerolla varustetun yl\u00e4osan, jossa on tilaa huulipunille, siveltimille ja kynsilakoille, erikseen meikkip\u00f6yd\u00e4llesi. N\u00e4in alaosan pinta j\u00e4\u00e4 vapaaksi parfyymipulloille tai voiteille. Nelj\u00e4\u00e4n laatikkoon voi lis\u00e4ksi s\u00e4il\u00f6\u00e4 luomiv\u00e4rej\u00e4, pinsettej\u00e4 ja muita tarvikkeita. SONGMICS-ohjeet: &#8211; K\u00e4sittele tuotetta varoen Tuotetiedot: &#8211; V\u00e4ri: valkoinen &#8211; Materiaali: polystyreeni &#8211; Koko: 24 x 13,5 x 18,5 cm (P x L x K) &#8211; Paino: 1,2 kg Toimitus sis\u00e4lt\u00e4\u00e4: &#8211; 1 x kosmetiikka-organisaattori<\/p>\n","protected":false},"excerpt":{"rendered":"<p>SONGMICS kosmetiikka- ja meikkij\u00e4rjestelij\u00e4 akryylist\u00e4, 4 laatikolla, s\u00e4ilytyst\u00e4 varten kylpyhuoneessa tai makuuhuoneessa, huulipunaa, koruja, kynsilakkaa, ompelulankoja, valkoinen, muovi, 24 x 18,5 x 13,5 cm<\/p>\n","protected":false},"featured_media":40983,"comment_status":"open","ping_status":"closed","template":"","meta":[],"product_brand":[],"product_cat":[32],"product_tag":[],"class_list":{"0":"post-31916","1":"product","2":"type-product","3":"status-publish","4":"has-post-thumbnail","6":"product_cat-uncategorized-fi","8":"first","9":"instock","10":"shipping-taxable","11":"purchasable","12":"product-type-simple"},"_links":{"self":[{"href":"https:\/\/nordicmart.andreevmaster.com\/fi\/wp-json\/wp\/v2\/product\/31916","targetHints":{"allow":["GET"]}}],"collection":[{"href":"https:\/\/nordicmart.andreevmaster.com\/fi\/wp-json\/wp\/v2\/product"}],"about":[{"href":"https:\/\/nordicmart.andreevmaster.com\/fi\/wp-json\/wp\/v2\/types\/product"}],"replies":[{"embeddable":true,"href":"https:\/\/nordicmart.andreevmaster.com\/fi\/wp-json\/wp\/v2\/comments?post=31916"}],"wp:featuredmedia":[{"embeddable":true,"href":"https:\/\/nordicmart.andreevmaster.com\/fi\/wp-json\/wp\/v2\/media\/40983"}],"wp:attachment":[{"href":"https:\/\/nordicmart.andreevmaster.com\/fi\/wp-json\/wp\/v2\/media?parent=31916"}],"wp:term":[{"taxonomy":"product_brand","embeddable":true,"href":"https:\/\/nordicmart.andreevmaster.com\/fi\/wp-json\/wp\/v2\/product_brand?post=31916"},{"taxonomy":"product_cat","embeddable":true,"href":"https:\/\/nordicmart.andreevmaster.com\/fi\/wp-json\/wp\/v2\/product_cat?post=31916"},{"taxonomy":"product_tag","embeddable":true,"href":"https:\/\/nordicmart.andreevmaster.com\/fi\/wp-json\/wp\/v2\/product_tag?post=31916"}],"curies":[{"name":"wp","href":"https:\/\/api.w.org\/{rel}","templated":true}]}}