{"id":31912,"date":"2026-02-27T00:15:18","date_gmt":"2026-02-27T00:15:18","guid":{"rendered":"https:\/\/nordicmart.andreevmaster.com\/product\/songmics-koruteline-metallikehyksella-lahjaidea-kultainen\/"},"modified":"2026-02-27T09:37:33","modified_gmt":"2026-02-27T09:37:33","slug":"songmics-koruteline-metallikehyksella-lahjaidea-kultainen","status":"publish","type":"product","link":"https:\/\/nordicmart.andreevmaster.com\/fi\/tuote\/songmics-koruteline-metallikehyksella-lahjaidea-kultainen\/","title":{"rendered":"SONGMICS Koruteline metallikehyksell\u00e4 Lahjaidea kultainen"},"content":{"rendered":"<p>SONGMICS koruteline, k\u00e4\u00e4nnett\u00e4v\u00e4 koruteline, 4 erillist\u00e4 osastoa, metallirunko, korujen s\u00e4ilytys kaulakoruille, rannekoruille, korvakoruille, nappikorvakoruille, sormuksille, lahjaidea<br \/>\nV\u00e4ri: kultainen<br \/>\nMateriaali: metalli, MDF (keskitihe\u00e4 kuitulevy)<br \/>\nKoko: 20 x 20 x 33,4 cm (S x L x K)<br \/>\nPaino: 0,7 kg<\/p>\n","protected":false},"excerpt":{"rendered":"<p>SONGMICS koruteline, k\u00e4\u00e4nnett\u00e4v\u00e4 koruteline, 4 erillist\u00e4 osastoa, metallirunko, korujen s\u00e4ilytys kaulakoruille, rannekoruille, korvakoruille, nappikorvakoruille, sormuksille, lahjaidea<\/p>\n","protected":false},"featured_media":40979,"comment_status":"open","ping_status":"closed","template":"","meta":[],"product_brand":[],"product_cat":[32],"product_tag":[],"class_list":{"0":"post-31912","1":"product","2":"type-product","3":"status-publish","4":"has-post-thumbnail","6":"product_cat-uncategorized-fi","8":"first","9":"instock","10":"shipping-taxable","11":"purchasable","12":"product-type-simple"},"_links":{"self":[{"href":"https:\/\/nordicmart.andreevmaster.com\/fi\/wp-json\/wp\/v2\/product\/31912","targetHints":{"allow":["GET"]}}],"collection":[{"href":"https:\/\/nordicmart.andreevmaster.com\/fi\/wp-json\/wp\/v2\/product"}],"about":[{"href":"https:\/\/nordicmart.andreevmaster.com\/fi\/wp-json\/wp\/v2\/types\/product"}],"replies":[{"embeddable":true,"href":"https:\/\/nordicmart.andreevmaster.com\/fi\/wp-json\/wp\/v2\/comments?post=31912"}],"wp:featuredmedia":[{"embeddable":true,"href":"https:\/\/nordicmart.andreevmaster.com\/fi\/wp-json\/wp\/v2\/media\/40979"}],"wp:attachment":[{"href":"https:\/\/nordicmart.andreevmaster.com\/fi\/wp-json\/wp\/v2\/media?parent=31912"}],"wp:term":[{"taxonomy":"product_brand","embeddable":true,"href":"https:\/\/nordicmart.andreevmaster.com\/fi\/wp-json\/wp\/v2\/product_brand?post=31912"},{"taxonomy":"product_cat","embeddable":true,"href":"https:\/\/nordicmart.andreevmaster.com\/fi\/wp-json\/wp\/v2\/product_cat?post=31912"},{"taxonomy":"product_tag","embeddable":true,"href":"https:\/\/nordicmart.andreevmaster.com\/fi\/wp-json\/wp\/v2\/product_tag?post=31912"}],"curies":[{"name":"wp","href":"https:\/\/api.w.org\/{rel}","templated":true}]}}