{"id":31907,"date":"2026-02-27T00:15:17","date_gmt":"2026-02-27T00:15:17","guid":{"rendered":"https:\/\/nordicmart.andreevmaster.com\/product\/songmics-2-in-1-koruteline-tummanruskea-musta\/"},"modified":"2026-02-27T09:37:32","modified_gmt":"2026-02-27T09:37:32","slug":"songmics-2-in-1-koruteline-tummanruskea-musta","status":"publish","type":"product","link":"https:\/\/nordicmart.andreevmaster.com\/fi\/tuote\/songmics-2-in-1-koruteline-tummanruskea-musta\/","title":{"rendered":"SONGMICS 2-in-1 koruteline tummanruskea-musta"},"content":{"rendered":"<p>Tuo korusi oikeaan valoon: Kasvaako korukokoelmasi koko ajan? \u00c4l\u00e4 ker\u00e4\u00e4 sormuksiasi, kaulakoruja, rannekoruja ja korvakoruja yhteen laatikkoon! T\u00e4m\u00e4 fiksu 2-in-1 koruteline tarjoaa sinulle enemm\u00e4n apua kuin muut. S\u00e4ilyt\u00e4 lukuisia aarteitasi tangoilla ja pieness\u00e4 laatikossa! Hyv\u00e4t materiaalit puhuvat puolestaan:&nbsp;Yl\u00e4osan rautatangot ovat vakaita ja kest\u00e4vi\u00e4 ja pit\u00e4v\u00e4t aarteesi tukevasti paikoillaan. Alareunan korurasia on valmistettu korkealaatuisesta m\u00e4ntypuusta ja vuorattu pellavakankaalla, joka suojaa korujasi naarmuilta.Tuotetiedot: V\u00e4ri: tummanruskea-musta Materiaali: m\u00e4nty, rauta, pellavakangas Koko: 25,5 x 12,7 x (48-63) cm (P x L x K) Takimmaisen tangon korkeus: 40\u201355 cm Paino: 1,1 kg Toimitus sis\u00e4lt\u00e4\u00e4: 1 x koruteline 1 x ohjeet (DE, FR, EN, ES, IT) SONGMICS-huomautukset: Jos haluat s\u00e4\u00e4t\u00e4\u00e4 takimmainen tangon korkeutta, sinun on ensin avattava pystytangon ruuvi.<\/p>\n","protected":false},"excerpt":{"rendered":"<p>SONGMICS koruteline, 2-in-1 koruteline, 3 tankoa, aukot korvakoruille, korurasia, laatikko, sis\u00e4osa renkaiden ripustamiseen, ketjuille, sormuksille, vintage, tummanruskea-musta JJS14CB<\/p>\n","protected":false},"featured_media":40974,"comment_status":"open","ping_status":"closed","template":"","meta":[],"product_brand":[],"product_cat":[32],"product_tag":[],"class_list":{"0":"post-31907","1":"product","2":"type-product","3":"status-publish","4":"has-post-thumbnail","6":"product_cat-uncategorized-fi","8":"first","9":"instock","10":"shipping-taxable","11":"purchasable","12":"product-type-simple"},"_links":{"self":[{"href":"https:\/\/nordicmart.andreevmaster.com\/fi\/wp-json\/wp\/v2\/product\/31907","targetHints":{"allow":["GET"]}}],"collection":[{"href":"https:\/\/nordicmart.andreevmaster.com\/fi\/wp-json\/wp\/v2\/product"}],"about":[{"href":"https:\/\/nordicmart.andreevmaster.com\/fi\/wp-json\/wp\/v2\/types\/product"}],"replies":[{"embeddable":true,"href":"https:\/\/nordicmart.andreevmaster.com\/fi\/wp-json\/wp\/v2\/comments?post=31907"}],"wp:featuredmedia":[{"embeddable":true,"href":"https:\/\/nordicmart.andreevmaster.com\/fi\/wp-json\/wp\/v2\/media\/40974"}],"wp:attachment":[{"href":"https:\/\/nordicmart.andreevmaster.com\/fi\/wp-json\/wp\/v2\/media?parent=31907"}],"wp:term":[{"taxonomy":"product_brand","embeddable":true,"href":"https:\/\/nordicmart.andreevmaster.com\/fi\/wp-json\/wp\/v2\/product_brand?post=31907"},{"taxonomy":"product_cat","embeddable":true,"href":"https:\/\/nordicmart.andreevmaster.com\/fi\/wp-json\/wp\/v2\/product_cat?post=31907"},{"taxonomy":"product_tag","embeddable":true,"href":"https:\/\/nordicmart.andreevmaster.com\/fi\/wp-json\/wp\/v2\/product_tag?post=31907"}],"curies":[{"name":"wp","href":"https:\/\/api.w.org\/{rel}","templated":true}]}}