{"id":31906,"date":"2026-02-27T00:15:16","date_gmt":"2026-02-27T00:15:16","guid":{"rendered":"https:\/\/nordicmart.andreevmaster.com\/product\/songmics-ripustettava-korujen-sailytysjarjestelma\/"},"modified":"2026-02-27T09:37:32","modified_gmt":"2026-02-27T09:37:32","slug":"songmics-ripustettava-korujen-sailytysjarjestelma","status":"publish","type":"product","link":"https:\/\/nordicmart.andreevmaster.com\/fi\/tuote\/songmics-ripustettava-korujen-sailytysjarjestelma\/","title":{"rendered":"SONGMICS Ripustettava korujen s\u00e4ilytysj\u00e4rjestelm\u00e4"},"content":{"rendered":"<p>Rakastatko koruja? Sitten sinun ei kannata j\u00e4tt\u00e4\u00e4 v\u00e4liin n\u00e4it\u00e4 sein\u00e4hyllyj\u00e4, joissa yhdistyv\u00e4t toiminnallisuus ja esteettisyys! L\u00e4mmin m\u00e4ntypuuta ja viile\u00e4\u00e4 metallia \u2013 n\u00e4m\u00e4 tummanruskeat hyllyt huokuvat j\u00e4nnitt\u00e4v\u00e4\u00e4 vintage-charmea. Yksi hylly on varustettu tangolla, kahdessa muussa hyllyss\u00e4 on kummassakin 15 koukkua. Ripusta korvakoruja, kaulakoruja, rannekoruja ja kelloja t\u00e4h\u00e4n \u2013 kaikki sopii t\u00e4ydellisesti yhteen ja saa sein\u00e4n loistamaan. Valitse vain asusteet, jotka sopivat p\u00e4iv\u00e4n asuusi, ja katso peiliin \u2013 p\u00e4\u00e4 yl\u00f6s! Asusi n\u00e4ytt\u00e4\u00e4 t\u00e4n\u00e4\u00e4n upealta! Tuotetiedot: V\u00e4ri: Tummanruskea\/vintage Materiaali: m\u00e4nty, rauta Koko per hylly: 40 x 1,3 x 7 cm (P x L x K) Paino: 0,5 kg Maks. staattinen kantavuus per hylly: 3 kg Toimitus sis\u00e4lt\u00e4\u00e4: 3 x sein\u00e4hylly 1 x ohjeet (DE, EN, FR, ES, IT) SONGMICS-ohjeet: Asenna tuote paikkaan, johon lapset eiv\u00e4t p\u00e4\u00e4se.<\/p>\n","protected":false},"excerpt":{"rendered":"<p>SONGMICS korujen s\u00e4ilytyslaatikko, ripustettava, 3 kpl:n sarja, sein\u00e4hyllyt, korujen s\u00e4ilytys, tanko rannekoruille, 30 koukkua korvakoruille ja kaulakoruille, ihanteellinen lahjaidea, vintage, tummanruskea JJS11CB<\/p>\n","protected":false},"featured_media":40973,"comment_status":"open","ping_status":"closed","template":"","meta":[],"product_brand":[],"product_cat":[32],"product_tag":[],"class_list":{"0":"post-31906","1":"product","2":"type-product","3":"status-publish","4":"has-post-thumbnail","6":"product_cat-uncategorized-fi","8":"first","9":"instock","10":"shipping-taxable","11":"purchasable","12":"product-type-simple"},"_links":{"self":[{"href":"https:\/\/nordicmart.andreevmaster.com\/fi\/wp-json\/wp\/v2\/product\/31906","targetHints":{"allow":["GET"]}}],"collection":[{"href":"https:\/\/nordicmart.andreevmaster.com\/fi\/wp-json\/wp\/v2\/product"}],"about":[{"href":"https:\/\/nordicmart.andreevmaster.com\/fi\/wp-json\/wp\/v2\/types\/product"}],"replies":[{"embeddable":true,"href":"https:\/\/nordicmart.andreevmaster.com\/fi\/wp-json\/wp\/v2\/comments?post=31906"}],"wp:featuredmedia":[{"embeddable":true,"href":"https:\/\/nordicmart.andreevmaster.com\/fi\/wp-json\/wp\/v2\/media\/40973"}],"wp:attachment":[{"href":"https:\/\/nordicmart.andreevmaster.com\/fi\/wp-json\/wp\/v2\/media?parent=31906"}],"wp:term":[{"taxonomy":"product_brand","embeddable":true,"href":"https:\/\/nordicmart.andreevmaster.com\/fi\/wp-json\/wp\/v2\/product_brand?post=31906"},{"taxonomy":"product_cat","embeddable":true,"href":"https:\/\/nordicmart.andreevmaster.com\/fi\/wp-json\/wp\/v2\/product_cat?post=31906"},{"taxonomy":"product_tag","embeddable":true,"href":"https:\/\/nordicmart.andreevmaster.com\/fi\/wp-json\/wp\/v2\/product_tag?post=31906"}],"curies":[{"name":"wp","href":"https:\/\/api.w.org\/{rel}","templated":true}]}}