{"id":31905,"date":"2026-02-27T00:15:16","date_gmt":"2026-02-27T00:15:16","guid":{"rendered":"https:\/\/nordicmart.andreevmaster.com\/product\/songmics-seinahylly-koruille\/"},"modified":"2026-02-27T09:37:32","modified_gmt":"2026-02-27T09:37:32","slug":"songmics-seinahylly-koruille","status":"publish","type":"product","link":"https:\/\/nordicmart.andreevmaster.com\/fi\/tuote\/songmics-seinahylly-koruille\/","title":{"rendered":"SONGMICS sein\u00e4hylly koruille"},"content":{"rendered":"<p>My\u00f6s sein\u00e4t haluavat kaunistua: t\u00e4m\u00e4 korujen s\u00e4ilytysratkaisu yhdist\u00e4\u00e4 toiminnallisuuden ja esteettisyyden. Tummanruskean ja mustan v\u00e4riyhdistelm\u00e4 tuo kotiisi jotain erityist\u00e4; vankka puurakente ja kest\u00e4v\u00e4 rauta takaavat vakauden arvotavaroillesi. Anna mielikuvituksesi lent\u00e4\u00e4 ja anna koruillesi (kun et k\u00e4yt\u00e4 niit\u00e4) uusi teht\u00e4v\u00e4: koristella tyhj\u00e4t sein\u00e4t t\u00e4m\u00e4n hyllyn avulla! Kaikki korut ker\u00e4\u00e4ntyv\u00e4t t\u00e4nne: korusi haluavat kokoontua ja keskustella uudesta teht\u00e4v\u00e4st\u00e4\u00e4n. T\u00e4m\u00e4 sein\u00e4hylly, jossa on hylly, rautatangot, 16 koukkua ja 26 aukkoa, tarjoaa niille t\u00e4ydellisen kohtaamispaikan. Kaulakorut, rannekorut, korvakorut, jopa kynsilakat ja hajuvedet osallistuvat kaikki aktiivisesti keskusteluun. Mutta he eiv\u00e4t tied\u00e4, ett\u00e4 he ovat jo suorittaneet teht\u00e4v\u00e4ns\u00e4. N\u00e4m\u00e4 esineet sek\u00e4 hylly itsess\u00e4\u00e4n ovat tyylikk\u00e4it\u00e4 sisustuselementtej\u00e4, jotka kaunistavat tyhji\u00e4 seini\u00e4 kotonasi. Tuotetiedot: V\u00e4ri: tummanruskea\/vintage Materiaali: m\u00e4nty, rauta Koko: 40 x 7,5 x 7,5 cm (P x L x K) Paino: 1 kg Maks. staattinen kantavuus: 5 kg Toimitus sis\u00e4lt\u00e4\u00e4: 1 x sein\u00e4hylly 1 x ohjeet (DE, EN, ES, FR, IT) SONGMICS-ohjeet: \u00c4l\u00e4 taivuta rautatankoa edestakaisin, jotta se ei katkea. Asenna tuote vain paikkoihin, joihin lapset eiv\u00e4t p\u00e4\u00e4se.<\/p>\n","protected":false},"excerpt":{"rendered":"<p>SONGMICS sein\u00e4hylly, korujen j\u00e4rjestelij\u00e4, korujen s\u00e4ilytys, puusta, sein\u00e4hylly, koukut kaulakoruille, tanko rannekoruille, aukot korvakoruille, lahjaidea, vintage, tummanruskea JJS10CB<\/p>\n","protected":false},"featured_media":40972,"comment_status":"open","ping_status":"closed","template":"","meta":[],"product_brand":[],"product_cat":[32],"product_tag":[],"class_list":{"0":"post-31905","1":"product","2":"type-product","3":"status-publish","4":"has-post-thumbnail","6":"product_cat-uncategorized-fi","8":"first","9":"instock","10":"shipping-taxable","11":"purchasable","12":"product-type-simple"},"_links":{"self":[{"href":"https:\/\/nordicmart.andreevmaster.com\/fi\/wp-json\/wp\/v2\/product\/31905","targetHints":{"allow":["GET"]}}],"collection":[{"href":"https:\/\/nordicmart.andreevmaster.com\/fi\/wp-json\/wp\/v2\/product"}],"about":[{"href":"https:\/\/nordicmart.andreevmaster.com\/fi\/wp-json\/wp\/v2\/types\/product"}],"replies":[{"embeddable":true,"href":"https:\/\/nordicmart.andreevmaster.com\/fi\/wp-json\/wp\/v2\/comments?post=31905"}],"wp:featuredmedia":[{"embeddable":true,"href":"https:\/\/nordicmart.andreevmaster.com\/fi\/wp-json\/wp\/v2\/media\/40972"}],"wp:attachment":[{"href":"https:\/\/nordicmart.andreevmaster.com\/fi\/wp-json\/wp\/v2\/media?parent=31905"}],"wp:term":[{"taxonomy":"product_brand","embeddable":true,"href":"https:\/\/nordicmart.andreevmaster.com\/fi\/wp-json\/wp\/v2\/product_brand?post=31905"},{"taxonomy":"product_cat","embeddable":true,"href":"https:\/\/nordicmart.andreevmaster.com\/fi\/wp-json\/wp\/v2\/product_cat?post=31905"},{"taxonomy":"product_tag","embeddable":true,"href":"https:\/\/nordicmart.andreevmaster.com\/fi\/wp-json\/wp\/v2\/product_tag?post=31905"}],"curies":[{"name":"wp","href":"https:\/\/api.w.org\/{rel}","templated":true}]}}