{"id":31903,"date":"2026-02-27T00:15:16","date_gmt":"2026-02-27T00:15:16","guid":{"rendered":"https:\/\/nordicmart.andreevmaster.com\/product\/songmics-metallinen-koruteline\/"},"modified":"2026-02-27T09:37:32","modified_gmt":"2026-02-27T09:37:32","slug":"songmics-metallinen-koruteline","status":"publish","type":"product","link":"https:\/\/nordicmart.andreevmaster.com\/fi\/tuote\/songmics-metallinen-koruteline\/","title":{"rendered":"SONGMICS metallinen koruteline"},"content":{"rendered":"<p>L\u00f6yd\u00e4 korusi helposti T\u00e4m\u00e4 SONGMICS-koruteline auttaa sinua ripustamaan korusi siististi ja esittelem\u00e4\u00e4n ne tyylikk\u00e4\u00e4sti. N\u00e4in sinun ei tarvitse kaivella sekavia laatikoita vain l\u00f6yt\u00e4\u00e4ksesi kaulakorun. K\u00e4yt\u00e4nn\u00f6llinen ja koristeellinen Telineen 6 tankoa tarjoavat riitt\u00e4v\u00e4sti ripustustilaa asusteillesi. P\u00e4iss\u00e4 olevat pallot est\u00e4v\u00e4t kaulakoruja liukumasta alas. Lis\u00e4ksi t\u00e4m\u00e4n korutelineen korkeutta voi s\u00e4\u00e4t\u00e4\u00e4 (28\u201345 cm), joten voit ripustaa siihen eripituisia kaulakoruja. Mit\u00e4 muuta? Yl\u00e4osan kaarevat koristeet tuovat ripauksen eleganssia huoneeseesi. Sopii yksityiseen ja kaupalliseen k\u00e4ytt\u00f6\u00f6n Hanki t\u00e4m\u00e4 koruteline kotiisi ja ripusta korvakorut, kaulakorut ja rannekorut siististi. T\u00e4m\u00e4 korujen j\u00e4rjestelij\u00e4 sopii my\u00f6s kauppoihin korujen esittelyyn. Tuotetiedot:- V\u00e4ri: musta &#8211; Materiaali: metalli &#8211; Koko: 20,7 x 14 x (28-45) cm (P x L x K) &#8211; Pohja: \u00d8 12 cm &#8211; Tangon pituus: 14 cm (6 tankoa) &#8211; Tankojen v\u00e4linen et\u00e4isyys: 4 cm &#8211; Paino: 0,4 kg Toimitus sis\u00e4lt\u00e4\u00e4: &#8211; 1 x koruteline SONGMICS Huomautukset:- Ripusta korut niin, ett\u00e4 paino jakautuu tasaisesti, jotta teline ei kaadu.<\/p>\n","protected":false},"excerpt":{"rendered":"<p>SONGMICS koruteline, metallinen koruteline, kaulakoruille, rannekoruille ja korvakoruille, lahjaksi, valkoinen JJS04WT<\/p>\n","protected":false},"featured_media":40970,"comment_status":"open","ping_status":"closed","template":"","meta":[],"product_brand":[],"product_cat":[32],"product_tag":[],"class_list":{"0":"post-31903","1":"product","2":"type-product","3":"status-publish","4":"has-post-thumbnail","6":"product_cat-uncategorized-fi","8":"first","9":"instock","10":"shipping-taxable","11":"purchasable","12":"product-type-simple"},"_links":{"self":[{"href":"https:\/\/nordicmart.andreevmaster.com\/fi\/wp-json\/wp\/v2\/product\/31903","targetHints":{"allow":["GET"]}}],"collection":[{"href":"https:\/\/nordicmart.andreevmaster.com\/fi\/wp-json\/wp\/v2\/product"}],"about":[{"href":"https:\/\/nordicmart.andreevmaster.com\/fi\/wp-json\/wp\/v2\/types\/product"}],"replies":[{"embeddable":true,"href":"https:\/\/nordicmart.andreevmaster.com\/fi\/wp-json\/wp\/v2\/comments?post=31903"}],"wp:featuredmedia":[{"embeddable":true,"href":"https:\/\/nordicmart.andreevmaster.com\/fi\/wp-json\/wp\/v2\/media\/40970"}],"wp:attachment":[{"href":"https:\/\/nordicmart.andreevmaster.com\/fi\/wp-json\/wp\/v2\/media?parent=31903"}],"wp:term":[{"taxonomy":"product_brand","embeddable":true,"href":"https:\/\/nordicmart.andreevmaster.com\/fi\/wp-json\/wp\/v2\/product_brand?post=31903"},{"taxonomy":"product_cat","embeddable":true,"href":"https:\/\/nordicmart.andreevmaster.com\/fi\/wp-json\/wp\/v2\/product_cat?post=31903"},{"taxonomy":"product_tag","embeddable":true,"href":"https:\/\/nordicmart.andreevmaster.com\/fi\/wp-json\/wp\/v2\/product_tag?post=31903"}],"curies":[{"name":"wp","href":"https:\/\/api.w.org\/{rel}","templated":true}]}}