{"id":31901,"date":"2026-02-27T00:15:15","date_gmt":"2026-02-27T00:15:15","guid":{"rendered":"https:\/\/nordicmart.andreevmaster.com\/product\/songmics-koruteline-musta\/"},"modified":"2026-02-27T09:37:31","modified_gmt":"2026-02-27T09:37:31","slug":"songmics-koruteline-musta","status":"publish","type":"product","link":"https:\/\/nordicmart.andreevmaster.com\/fi\/tuote\/songmics-koruteline-musta\/","title":{"rendered":"SONGMICS koruteline, musta"},"content":{"rendered":"<p>J\u00e4rjest\u00e4 korusi vaivattomasti: ei en\u00e4\u00e4 tarvetta kaivella korujasi sotkuisista laatikoista tai pahvilaatikoista! Pid\u00e4 korusi n\u00e4kyvill\u00e4, hyvin j\u00e4rjestettyin\u00e4 ja helposti saatavilla t\u00e4ll\u00e4 SONGMICS-korutelineell\u00e4. K\u00e4tev\u00e4 ja koristeellinen koruteline: 2 tankoa ja 3 pylv\u00e4st\u00e4 tarjoavat runsaasti tilaa, ja pallop\u00e4\u00e4t est\u00e4v\u00e4t koruja liukumasta. Mustan ja luonnollisten puun v\u00e4rien yhdistelm\u00e4 luo esteettisen korutelineen. Ihanteellinen yksityiseen ja kaupalliseen k\u00e4ytt\u00f6\u00f6n: t\u00e4m\u00e4 korupuu voi s\u00e4ilytt\u00e4\u00e4 kaulakoruja, rannekoruja, korvakoruja, nappikorvakoruja ja sormuksia kotona. Se toimii kuitenkin yht\u00e4 hyvin my\u00f6s esittelytelineen\u00e4 kaupassa tai salonkissa.Tuotetiedot: V\u00e4ri: musta, ruskea\/vintage Materiaali: rautakehys, massiivipuupohja Koko: 20,5 x 18 x 36 cm (P x L x K) Paino: 0,51 kg Toimitus sis\u00e4lt\u00e4\u00e4: 1 x koruteline SONGMICS-ohjeet: Aseta tangot ja tiiviste oikeaan asentoon ja kirist\u00e4 sitten ruuvit. Liiallinen voima voi vahingoittaa puupohjaa. Rautakehys voi v\u00e4\u00e4nty\u00e4 kuljetuksen aikana, mutta sen voi s\u00e4\u00e4t\u00e4\u00e4 k\u00e4sin. \u00c4l\u00e4 sijoita tuotetta kosteisiin paikkoihin, jotta se ei v\u00e4\u00e4nny.<\/p>\n","protected":false},"excerpt":{"rendered":"<p>SONGMICS koruteline, koruteline, metallista ja puusta valmistettu korupuu, korujen s\u00e4ilytys kaulakoruille, rannekoruille, korvakoruille, nappikorvakoruille, sormuksille, lahjaidea, musta JJS03CB<\/p>\n","protected":false},"featured_media":40968,"comment_status":"open","ping_status":"closed","template":"","meta":[],"product_brand":[],"product_cat":[32],"product_tag":[],"class_list":{"0":"post-31901","1":"product","2":"type-product","3":"status-publish","4":"has-post-thumbnail","6":"product_cat-uncategorized-fi","8":"first","9":"instock","10":"shipping-taxable","11":"purchasable","12":"product-type-simple"},"_links":{"self":[{"href":"https:\/\/nordicmart.andreevmaster.com\/fi\/wp-json\/wp\/v2\/product\/31901","targetHints":{"allow":["GET"]}}],"collection":[{"href":"https:\/\/nordicmart.andreevmaster.com\/fi\/wp-json\/wp\/v2\/product"}],"about":[{"href":"https:\/\/nordicmart.andreevmaster.com\/fi\/wp-json\/wp\/v2\/types\/product"}],"replies":[{"embeddable":true,"href":"https:\/\/nordicmart.andreevmaster.com\/fi\/wp-json\/wp\/v2\/comments?post=31901"}],"wp:featuredmedia":[{"embeddable":true,"href":"https:\/\/nordicmart.andreevmaster.com\/fi\/wp-json\/wp\/v2\/media\/40968"}],"wp:attachment":[{"href":"https:\/\/nordicmart.andreevmaster.com\/fi\/wp-json\/wp\/v2\/media?parent=31901"}],"wp:term":[{"taxonomy":"product_brand","embeddable":true,"href":"https:\/\/nordicmart.andreevmaster.com\/fi\/wp-json\/wp\/v2\/product_brand?post=31901"},{"taxonomy":"product_cat","embeddable":true,"href":"https:\/\/nordicmart.andreevmaster.com\/fi\/wp-json\/wp\/v2\/product_cat?post=31901"},{"taxonomy":"product_tag","embeddable":true,"href":"https:\/\/nordicmart.andreevmaster.com\/fi\/wp-json\/wp\/v2\/product_tag?post=31901"}],"curies":[{"name":"wp","href":"https:\/\/api.w.org\/{rel}","templated":true}]}}