{"id":31898,"date":"2026-02-27T00:15:15","date_gmt":"2026-02-27T00:15:15","guid":{"rendered":"https:\/\/nordicmart.andreevmaster.com\/product\/songmics-koruteline-jossa-on-kolme-rannekorutelineita-ja-irrotettava-sormusteline\/"},"modified":"2026-02-27T09:37:31","modified_gmt":"2026-02-27T09:37:31","slug":"songmics-koruteline-jossa-on-kolme-rannekorutelineita-ja-irrotettava-sormusteline","status":"publish","type":"product","link":"https:\/\/nordicmart.andreevmaster.com\/fi\/tuote\/songmics-koruteline-jossa-on-kolme-rannekorutelineita-ja-irrotettava-sormusteline\/","title":{"rendered":"SONGMICS koruteline, jossa on kolme rannekorutelineit\u00e4 ja irrotettava sormusteline"},"content":{"rendered":"<p>SONGMICS koruteline, koruteline, 3 rannekoruteline, korujen j\u00e4rjestelij\u00e4, samettialustalla, irrotettava sormusteline, pilvinen valkoinen-kamelinruskea JJS027A01<br \/>\nV\u00e4ri: pilvinen valkoinen-kamelinruskea<br \/>\nMateriaali: MDF (keskitihe\u00e4 kuitulevy), ter\u00e4s, sametti<br \/>\nKoko: 15 x 22 x 29,6 cm (S x L x K)<br \/>\nPaino: 1,4 kg<\/p>\n","protected":false},"excerpt":{"rendered":"<p>SONGMICS koruteline, koruteline, 3 rannekoruteline, korujen j\u00e4rjestelij\u00e4, samettialustalla, irrotettava sormusteline, pilvinen valkoinen-kamelinruskea JJS027A01<\/p>\n","protected":false},"featured_media":40965,"comment_status":"open","ping_status":"closed","template":"","meta":[],"product_brand":[],"product_cat":[32],"product_tag":[],"class_list":{"0":"post-31898","1":"product","2":"type-product","3":"status-publish","4":"has-post-thumbnail","6":"product_cat-uncategorized-fi","8":"first","9":"instock","10":"shipping-taxable","11":"purchasable","12":"product-type-simple"},"_links":{"self":[{"href":"https:\/\/nordicmart.andreevmaster.com\/fi\/wp-json\/wp\/v2\/product\/31898","targetHints":{"allow":["GET"]}}],"collection":[{"href":"https:\/\/nordicmart.andreevmaster.com\/fi\/wp-json\/wp\/v2\/product"}],"about":[{"href":"https:\/\/nordicmart.andreevmaster.com\/fi\/wp-json\/wp\/v2\/types\/product"}],"replies":[{"embeddable":true,"href":"https:\/\/nordicmart.andreevmaster.com\/fi\/wp-json\/wp\/v2\/comments?post=31898"}],"wp:featuredmedia":[{"embeddable":true,"href":"https:\/\/nordicmart.andreevmaster.com\/fi\/wp-json\/wp\/v2\/media\/40965"}],"wp:attachment":[{"href":"https:\/\/nordicmart.andreevmaster.com\/fi\/wp-json\/wp\/v2\/media?parent=31898"}],"wp:term":[{"taxonomy":"product_brand","embeddable":true,"href":"https:\/\/nordicmart.andreevmaster.com\/fi\/wp-json\/wp\/v2\/product_brand?post=31898"},{"taxonomy":"product_cat","embeddable":true,"href":"https:\/\/nordicmart.andreevmaster.com\/fi\/wp-json\/wp\/v2\/product_cat?post=31898"},{"taxonomy":"product_tag","embeddable":true,"href":"https:\/\/nordicmart.andreevmaster.com\/fi\/wp-json\/wp\/v2\/product_tag?post=31898"}],"curies":[{"name":"wp","href":"https:\/\/api.w.org\/{rel}","templated":true}]}}