{"id":31895,"date":"2026-02-27T00:15:14","date_gmt":"2026-02-27T00:15:14","guid":{"rendered":"https:\/\/nordicmart.andreevmaster.com\/product\/songmics-koruteline-4-metallista-ripustustankoa-pilvinen-valkoinen\/"},"modified":"2026-02-27T09:37:30","modified_gmt":"2026-02-27T09:37:30","slug":"songmics-koruteline-4-metallista-ripustustankoa-pilvinen-valkoinen","status":"publish","type":"product","link":"https:\/\/nordicmart.andreevmaster.com\/fi\/tuote\/songmics-koruteline-4-metallista-ripustustankoa-pilvinen-valkoinen\/","title":{"rendered":"SONGMICS koruteline, 4 metallista ripustustankoa, pilvinen valkoinen"},"content":{"rendered":"<p>SONGMICS koruteline, koruteline, korujen s\u00e4ilytys, metallikehys, 2 pient\u00e4 korvakorujen j\u00e4rjest\u00e4j\u00e4\u00e4, 4 ripustustankoa, ketjuteline, korvakoruihin, rannekoruille, sormuksiin<br \/>\n&#8211; V\u00e4ri: pilvinen valkoinen<br \/>\n&#8211; Materiaali: ter\u00e4s, MDF (keskitihe\u00e4 kuitulevy), sametti<br \/>\n&#8211; Koko: 10,8 x 20,4 x 31,5 cm (S x L x K)<br \/>\n&#8211; Paino: 0,4 kg<\/p>\n","protected":false},"excerpt":{"rendered":"<p>SONGMICS koruteline, koruteline, korujen s\u00e4ilytys, metallikehys, 2 pient\u00e4 korvakorujen j\u00e4rjest\u00e4j\u00e4\u00e4, 4 ripustustankoa, ketjuteline, korvakoruihin, rannekoruille, sormuksiin<\/p>\n","protected":false},"featured_media":40962,"comment_status":"open","ping_status":"closed","template":"","meta":[],"product_brand":[],"product_cat":[32],"product_tag":[],"class_list":{"0":"post-31895","1":"product","2":"type-product","3":"status-publish","4":"has-post-thumbnail","6":"product_cat-uncategorized-fi","8":"first","9":"instock","10":"shipping-taxable","11":"purchasable","12":"product-type-simple"},"_links":{"self":[{"href":"https:\/\/nordicmart.andreevmaster.com\/fi\/wp-json\/wp\/v2\/product\/31895","targetHints":{"allow":["GET"]}}],"collection":[{"href":"https:\/\/nordicmart.andreevmaster.com\/fi\/wp-json\/wp\/v2\/product"}],"about":[{"href":"https:\/\/nordicmart.andreevmaster.com\/fi\/wp-json\/wp\/v2\/types\/product"}],"replies":[{"embeddable":true,"href":"https:\/\/nordicmart.andreevmaster.com\/fi\/wp-json\/wp\/v2\/comments?post=31895"}],"wp:featuredmedia":[{"embeddable":true,"href":"https:\/\/nordicmart.andreevmaster.com\/fi\/wp-json\/wp\/v2\/media\/40962"}],"wp:attachment":[{"href":"https:\/\/nordicmart.andreevmaster.com\/fi\/wp-json\/wp\/v2\/media?parent=31895"}],"wp:term":[{"taxonomy":"product_brand","embeddable":true,"href":"https:\/\/nordicmart.andreevmaster.com\/fi\/wp-json\/wp\/v2\/product_brand?post=31895"},{"taxonomy":"product_cat","embeddable":true,"href":"https:\/\/nordicmart.andreevmaster.com\/fi\/wp-json\/wp\/v2\/product_cat?post=31895"},{"taxonomy":"product_tag","embeddable":true,"href":"https:\/\/nordicmart.andreevmaster.com\/fi\/wp-json\/wp\/v2\/product_tag?post=31895"}],"curies":[{"name":"wp","href":"https:\/\/api.w.org\/{rel}","templated":true}]}}