{"id":31876,"date":"2026-02-27T00:15:10","date_gmt":"2026-02-27T00:15:10","guid":{"rendered":"https:\/\/nordicmart.andreevmaster.com\/product\/songmics-korujen-sailytyskoru-korvakoruille-vintage-tyylinen-puunvarinen-musta\/"},"modified":"2026-02-27T09:37:27","modified_gmt":"2026-02-27T09:37:27","slug":"songmics-korujen-sailytyskoru-korvakoruille-vintage-tyylinen-puunvarinen-musta","status":"publish","type":"product","link":"https:\/\/nordicmart.andreevmaster.com\/fi\/tuote\/songmics-korujen-sailytyskoru-korvakoruille-vintage-tyylinen-puunvarinen-musta\/","title":{"rendered":"SONGMICS korujen s\u00e4ilytyskoru korvakoruille Vintage-tyylinen puunv\u00e4rinen-musta"},"content":{"rendered":"<p>SONGMICS koruteline, koruteline korutelineell\u00e4, 4 tankoa, ketjuteline, puinen jalusta, korujen s\u00e4ilytyskorvakorut, nappikorvakorut, vintage-tyyli<br \/>\nV\u00e4ri: puunv\u00e4rinen musta<br \/>\nMateriaali: massiivipuu, metalli<br \/>\nKoko: 29 x 11,5 x 35 cm (P x L x K)<br \/>\nPaino: 0,3 kg<\/p>\n","protected":false},"excerpt":{"rendered":"<p>SONGMICS koruteline, koruteline korutelineell\u00e4, 4 tankoa, ketjuteline, puinen jalusta, korujen s\u00e4ilytyskorvakorut, nappikorvakorut, vintage-tyyli<\/p>\n","protected":false},"featured_media":40943,"comment_status":"open","ping_status":"closed","template":"","meta":[],"product_brand":[],"product_cat":[32],"product_tag":[],"class_list":{"0":"post-31876","1":"product","2":"type-product","3":"status-publish","4":"has-post-thumbnail","6":"product_cat-uncategorized-fi","8":"first","9":"instock","10":"shipping-taxable","11":"purchasable","12":"product-type-simple"},"_links":{"self":[{"href":"https:\/\/nordicmart.andreevmaster.com\/fi\/wp-json\/wp\/v2\/product\/31876","targetHints":{"allow":["GET"]}}],"collection":[{"href":"https:\/\/nordicmart.andreevmaster.com\/fi\/wp-json\/wp\/v2\/product"}],"about":[{"href":"https:\/\/nordicmart.andreevmaster.com\/fi\/wp-json\/wp\/v2\/types\/product"}],"replies":[{"embeddable":true,"href":"https:\/\/nordicmart.andreevmaster.com\/fi\/wp-json\/wp\/v2\/comments?post=31876"}],"wp:featuredmedia":[{"embeddable":true,"href":"https:\/\/nordicmart.andreevmaster.com\/fi\/wp-json\/wp\/v2\/media\/40943"}],"wp:attachment":[{"href":"https:\/\/nordicmart.andreevmaster.com\/fi\/wp-json\/wp\/v2\/media?parent=31876"}],"wp:term":[{"taxonomy":"product_brand","embeddable":true,"href":"https:\/\/nordicmart.andreevmaster.com\/fi\/wp-json\/wp\/v2\/product_brand?post=31876"},{"taxonomy":"product_cat","embeddable":true,"href":"https:\/\/nordicmart.andreevmaster.com\/fi\/wp-json\/wp\/v2\/product_cat?post=31876"},{"taxonomy":"product_tag","embeddable":true,"href":"https:\/\/nordicmart.andreevmaster.com\/fi\/wp-json\/wp\/v2\/product_tag?post=31876"}],"curies":[{"name":"wp","href":"https:\/\/api.w.org\/{rel}","templated":true}]}}