{"id":31874,"date":"2026-02-27T00:15:09","date_gmt":"2026-02-27T00:15:09","guid":{"rendered":"https:\/\/nordicmart.andreevmaster.com\/product\/songmics-3-in-1-koruteline-musta\/"},"modified":"2026-02-27T09:37:27","modified_gmt":"2026-02-27T09:37:27","slug":"songmics-3-in-1-koruteline-musta","status":"publish","type":"product","link":"https:\/\/nordicmart.andreevmaster.com\/fi\/tuote\/songmics-3-in-1-koruteline-musta\/","title":{"rendered":"SONGMICS 3-in-1 koruteline, musta"},"content":{"rendered":"<p>Yksi koruteline, kolme etua: 3 tukevaa ter\u00e4sputkea, joista yksi on korkeuss\u00e4\u00e4dett\u00e4v\u00e4 pidemmille kaulakoruille ja kaulaketjuille. 24 reik\u00e4\u00e4 kahdessa muussa putkessa korvakorujen ripustamista varten. 1 Massiivipuinen jalusta toimii tarjottimena pienten aarteiden, kuten rintakorujen ja riipusten, s\u00e4ilytt\u00e4miseen.Kolme askelta kimaltelevaan el\u00e4m\u00e4\u00e4n: Aseta 3 tankoa jalustaan ja aseta t\u00e4m\u00e4 koruteline meikkip\u00f6yd\u00e4llesi tai makuuhuoneesi lipastoon. Ripusta siihen suosikkikaulakorusi, rannekorusi, kellosi, korvakorusi ja sormuksesi, joita arvostat.Ihaile kimaltelevia jalokivi\u00e4 ja timantteja t\u00e4ll\u00e4 korutelineell\u00e4. Tuotetiedot: V\u00e4ri: puunv\u00e4rinen-musta Materiaali: puu, ter\u00e4s Koko: 15 x 15 x (43,5-60) cm (P x L x K) Paino: 0,4 kg Toimitus sis\u00e4lt\u00e4\u00e4: 1 x koruteline 1 x lis\u00e4varustepaketti 1 x ohjeet SONGMICS Huomautukset:Jos haluat s\u00e4\u00e4t\u00e4\u00e4 tangon korkeutta, sinun on ensin l\u00f6ys\u00e4tt\u00e4v\u00e4 pystytangon ruuvia.<\/p>\n","protected":false},"excerpt":{"rendered":"<p>SONGMICS koruteline, 3-in-1 koruteline, 3 T-muotoista tankoa, rei&#8217;ill\u00e4, tarjotin, ketjuille, sormuksille, korvakoruille, puunv\u00e4rinen-musta JJS018B01<\/p>\n","protected":false},"featured_media":40941,"comment_status":"open","ping_status":"closed","template":"","meta":[],"product_brand":[],"product_cat":[32],"product_tag":[],"class_list":{"0":"post-31874","1":"product","2":"type-product","3":"status-publish","4":"has-post-thumbnail","6":"product_cat-uncategorized-fi","8":"first","9":"instock","10":"shipping-taxable","11":"purchasable","12":"product-type-simple"},"_links":{"self":[{"href":"https:\/\/nordicmart.andreevmaster.com\/fi\/wp-json\/wp\/v2\/product\/31874","targetHints":{"allow":["GET"]}}],"collection":[{"href":"https:\/\/nordicmart.andreevmaster.com\/fi\/wp-json\/wp\/v2\/product"}],"about":[{"href":"https:\/\/nordicmart.andreevmaster.com\/fi\/wp-json\/wp\/v2\/types\/product"}],"replies":[{"embeddable":true,"href":"https:\/\/nordicmart.andreevmaster.com\/fi\/wp-json\/wp\/v2\/comments?post=31874"}],"wp:featuredmedia":[{"embeddable":true,"href":"https:\/\/nordicmart.andreevmaster.com\/fi\/wp-json\/wp\/v2\/media\/40941"}],"wp:attachment":[{"href":"https:\/\/nordicmart.andreevmaster.com\/fi\/wp-json\/wp\/v2\/media?parent=31874"}],"wp:term":[{"taxonomy":"product_brand","embeddable":true,"href":"https:\/\/nordicmart.andreevmaster.com\/fi\/wp-json\/wp\/v2\/product_brand?post=31874"},{"taxonomy":"product_cat","embeddable":true,"href":"https:\/\/nordicmart.andreevmaster.com\/fi\/wp-json\/wp\/v2\/product_cat?post=31874"},{"taxonomy":"product_tag","embeddable":true,"href":"https:\/\/nordicmart.andreevmaster.com\/fi\/wp-json\/wp\/v2\/product_tag?post=31874"}],"curies":[{"name":"wp","href":"https:\/\/api.w.org\/{rel}","templated":true}]}}