{"id":31873,"date":"2026-02-27T00:15:09","date_gmt":"2026-02-27T00:15:09","guid":{"rendered":"https:\/\/nordicmart.andreevmaster.com\/product\/songmics-koruteline-seinalle-vintage-ruskea-valkoinen\/"},"modified":"2026-02-27T09:37:27","modified_gmt":"2026-02-27T09:37:27","slug":"songmics-koruteline-seinalle-vintage-ruskea-valkoinen","status":"publish","type":"product","link":"https:\/\/nordicmart.andreevmaster.com\/fi\/tuote\/songmics-koruteline-seinalle-vintage-ruskea-valkoinen\/","title":{"rendered":"SONGMICS koruteline sein\u00e4lle, vintage-ruskea-valkoinen"},"content":{"rendered":"<p>Tyylik\u00e4s ja k\u00e4yt\u00e4nn\u00f6llinen Yksinkertainen rakenne, vintage-tyylinen ruskea m\u00e4ntypuuta, valkoiset metallitangot \u2013 kaikki n\u00e4m\u00e4 elementit tekev\u00e4t t\u00e4st\u00e4 monik\u00e4ytt\u00f6isest\u00e4 korutelineest\u00e4 paitsi k\u00e4yt\u00e4nn\u00f6llisen s\u00e4ilytysratkaisun my\u00f6s taideteoksen, joka kaunistaa huoneesi! Omaper\u00e4inen lahjaidea Ovatko lahjaideasi rajoittuneet suklaaseen tai kukkiin? Katso t\u00e4t\u00e4 yksinkertaista, mutta silti tyylik\u00e4st\u00e4 koruteline\u00e4! Se on erinomainen lahja korujen yst\u00e4ville. Juuri sinun tarpeisiisi Sopii sinulle henkil\u00f6kohtaisesti t\u00e4m\u00e4 koruteline on tyylik\u00e4s ratkaisu korujen esillepanoon ja meikkip\u00f6yd\u00e4n siistimiseen. Teline on my\u00f6s loistava idea kaikille kauppiaille, jotka haluavat esitell\u00e4 korujaan n\u00e4yteikkunassa koko loistossaan. Tuotetiedot: &#8211; V\u00e4ri: vintage-ruskea-valkoinen &#8211; Materiaali: m\u00e4ntypuuta, metallia &#8211; Koko: 26,2 x 6 x 27 cm (P x L x K) &#8211; Paino: 0,3 kg Toimitus sis\u00e4lt\u00e4\u00e4:- 1 x koruteline &#8211; 1 x ohjeet (DE, EN, FR, ES, IT) SONGMICS-ohjeet: &#8211; Jos haluat s\u00e4\u00e4t\u00e4\u00e4 tangon korkeutta, sinun on ensin avattava ruuvi pystytangossa.<\/p>\n","protected":false},"excerpt":{"rendered":"<p>SONGMICS koruteline, korvakoruteline, sein\u00e4lle tai p\u00f6yd\u00e4lle, 3 metallitankoa reikiin, kulma s\u00e4\u00e4dett\u00e4viss\u00e4, lahjaidea, vintage-ruskea-musta JJS017B01<\/p>\n","protected":false},"featured_media":40940,"comment_status":"open","ping_status":"closed","template":"","meta":[],"product_brand":[],"product_cat":[32],"product_tag":[],"class_list":{"0":"post-31873","1":"product","2":"type-product","3":"status-publish","4":"has-post-thumbnail","6":"product_cat-uncategorized-fi","8":"first","9":"instock","10":"shipping-taxable","11":"purchasable","12":"product-type-simple"},"_links":{"self":[{"href":"https:\/\/nordicmart.andreevmaster.com\/fi\/wp-json\/wp\/v2\/product\/31873","targetHints":{"allow":["GET"]}}],"collection":[{"href":"https:\/\/nordicmart.andreevmaster.com\/fi\/wp-json\/wp\/v2\/product"}],"about":[{"href":"https:\/\/nordicmart.andreevmaster.com\/fi\/wp-json\/wp\/v2\/types\/product"}],"replies":[{"embeddable":true,"href":"https:\/\/nordicmart.andreevmaster.com\/fi\/wp-json\/wp\/v2\/comments?post=31873"}],"wp:featuredmedia":[{"embeddable":true,"href":"https:\/\/nordicmart.andreevmaster.com\/fi\/wp-json\/wp\/v2\/media\/40940"}],"wp:attachment":[{"href":"https:\/\/nordicmart.andreevmaster.com\/fi\/wp-json\/wp\/v2\/media?parent=31873"}],"wp:term":[{"taxonomy":"product_brand","embeddable":true,"href":"https:\/\/nordicmart.andreevmaster.com\/fi\/wp-json\/wp\/v2\/product_brand?post=31873"},{"taxonomy":"product_cat","embeddable":true,"href":"https:\/\/nordicmart.andreevmaster.com\/fi\/wp-json\/wp\/v2\/product_cat?post=31873"},{"taxonomy":"product_tag","embeddable":true,"href":"https:\/\/nordicmart.andreevmaster.com\/fi\/wp-json\/wp\/v2\/product_tag?post=31873"}],"curies":[{"name":"wp","href":"https:\/\/api.w.org\/{rel}","templated":true}]}}