{"id":31870,"date":"2026-02-27T00:15:08","date_gmt":"2026-02-27T00:15:08","guid":{"rendered":"https:\/\/nordicmart.andreevmaster.com\/product\/songmics-koruteline-vintage-ruskea-musta\/"},"modified":"2026-02-27T09:37:26","modified_gmt":"2026-02-27T09:37:26","slug":"songmics-koruteline-vintage-ruskea-musta","status":"publish","type":"product","link":"https:\/\/nordicmart.andreevmaster.com\/fi\/tuote\/songmics-koruteline-vintage-ruskea-musta\/","title":{"rendered":"SONGMICS koruteline vintage-ruskea-musta"},"content":{"rendered":"<p>Aseta korusi oikeaan valoon Kasvaako korukokoelmasi koko ajan? Kertyv\u00e4tk\u00f6 sormuksesi, kaulakorusi, rannekorusi ja korvakorusi laatikkoon? T\u00e4m\u00e4 fiksu 2-in-1-koruteline tarjoaa sinulle enemm\u00e4n apua kuin muut. S\u00e4ilyt\u00e4 lukuisia aarteitasi tangoissa ja tarjottimella! Hyv\u00e4t materiaalit puhuvat puolestaan Mustat metallitangot ovat vakaita ja kest\u00e4vi\u00e4 ja pit\u00e4v\u00e4t aarteesi tukevasti paikoillaan. Alareunassa oleva korkealaatuinen m\u00e4ntypuinen tarjotin takaa pitk\u00e4n k\u00e4ytt\u00f6i\u00e4n, ja pohjassa olevat tyynyt tekev\u00e4t korutelineest\u00e4 liukumattoman. Tuotetiedot:- V\u00e4ri: vintage-ruskea-musta &#8211; Materiaali: m\u00e4ntypuuta, metallia &#8211; Koko: 25 x 11,8 x (41,5-56,5) cm (P x L x K) &#8211; S\u00e4\u00e4dett\u00e4v\u00e4n tangon korkeus (ilman tarjottimen korkeutta): 40-54 cm &#8211; Paino: 0,7 kg Toimitus sis\u00e4lt\u00e4\u00e4:- 1 x koruteline &#8211; 1 x ohjeet (DE, EN, FR, ES, IT) SONGMICS-ohjeet: &#8211; Jos haluat s\u00e4\u00e4t\u00e4\u00e4 tangon korkeutta, sinun on ensin l\u00f6ys\u00e4tt\u00e4v\u00e4 pystytangon ruuvia.<\/p>\n","protected":false},"excerpt":{"rendered":"<p>SONGMICS koruteline, 2-in-1 koruteline, 3 T-muotoista tankoa, aukot korvakoruille, tarjotin, kaulakoruille, rannekoruille, sormuksille, vintage-ruskea-valkoinen JJS016W01<\/p>\n","protected":false},"featured_media":40937,"comment_status":"open","ping_status":"closed","template":"","meta":[],"product_brand":[],"product_cat":[32],"product_tag":[],"class_list":{"0":"post-31870","1":"product","2":"type-product","3":"status-publish","4":"has-post-thumbnail","6":"product_cat-uncategorized-fi","8":"first","9":"instock","10":"shipping-taxable","11":"purchasable","12":"product-type-simple"},"_links":{"self":[{"href":"https:\/\/nordicmart.andreevmaster.com\/fi\/wp-json\/wp\/v2\/product\/31870","targetHints":{"allow":["GET"]}}],"collection":[{"href":"https:\/\/nordicmart.andreevmaster.com\/fi\/wp-json\/wp\/v2\/product"}],"about":[{"href":"https:\/\/nordicmart.andreevmaster.com\/fi\/wp-json\/wp\/v2\/types\/product"}],"replies":[{"embeddable":true,"href":"https:\/\/nordicmart.andreevmaster.com\/fi\/wp-json\/wp\/v2\/comments?post=31870"}],"wp:featuredmedia":[{"embeddable":true,"href":"https:\/\/nordicmart.andreevmaster.com\/fi\/wp-json\/wp\/v2\/media\/40937"}],"wp:attachment":[{"href":"https:\/\/nordicmart.andreevmaster.com\/fi\/wp-json\/wp\/v2\/media?parent=31870"}],"wp:term":[{"taxonomy":"product_brand","embeddable":true,"href":"https:\/\/nordicmart.andreevmaster.com\/fi\/wp-json\/wp\/v2\/product_brand?post=31870"},{"taxonomy":"product_cat","embeddable":true,"href":"https:\/\/nordicmart.andreevmaster.com\/fi\/wp-json\/wp\/v2\/product_cat?post=31870"},{"taxonomy":"product_tag","embeddable":true,"href":"https:\/\/nordicmart.andreevmaster.com\/fi\/wp-json\/wp\/v2\/product_tag?post=31870"}],"curies":[{"name":"wp","href":"https:\/\/api.w.org\/{rel}","templated":true}]}}