{"id":31869,"date":"2026-02-27T00:15:08","date_gmt":"2026-02-27T00:15:08","guid":{"rendered":"https:\/\/nordicmart.andreevmaster.com\/product\/songmics-2-in-1-koruteline-vintage-ruskea-valkoinen\/"},"modified":"2026-02-27T09:37:26","modified_gmt":"2026-02-27T09:37:26","slug":"songmics-2-in-1-koruteline-vintage-ruskea-valkoinen","status":"publish","type":"product","link":"https:\/\/nordicmart.andreevmaster.com\/fi\/tuote\/songmics-2-in-1-koruteline-vintage-ruskea-valkoinen\/","title":{"rendered":"SONGMICS 2-in-1 koruteline, vintage-ruskea-valkoinen"},"content":{"rendered":"<p>Aseta korusi oikeaan valoon Kasvaako korukokoelmasi koko ajan? \u00c4l\u00e4 ker\u00e4\u00e4 sormuksiasi, kaulakoruja, rannekoruja ja korvakoruja yhteen laatikkoon! T\u00e4m\u00e4 fiksu 2-in-1 koruteline tarjoaa sinulle enemm\u00e4n apua kuin muut. S\u00e4ilyt\u00e4 lukuisia aarteitasi tangoissa ja pieness\u00e4 laatikossa! Hyv\u00e4t materiaalit puhuvat puolestaan Yl\u00e4osan metallitangot ovat vakaita ja kest\u00e4vi\u00e4 ja pit\u00e4v\u00e4t aarteesi tukevasti paikoillaan. Alareunan korurasia on valmistettu korkealaatuisesta m\u00e4ntypuusta ja sen sis\u00e4ll\u00e4 on pellavavuori, joka suojaa korujasi naarmuilta. Tuotetiedot:- V\u00e4ri: vintage-ruskea-valkoinen &#8211; Materiaali: m\u00e4ntypuuta, metallia, pellavakangasta &#8211; Koko: 25,5 x 12,7 x (48-63) cm (P x L x K) &#8211; Takimmaisen tangon korkeus: 40-55 cm &#8211; Paino: 1,1 kg Toimitus sis\u00e4lt\u00e4\u00e4:- 1 x koruteline &#8211; 1 x ohjeet (DE, FR, EN, ES, IT) SONGMICS-ohjeet: &#8211; Jos haluat s\u00e4\u00e4t\u00e4\u00e4 takimmainen tangon korkeutta, sinun on ensin l\u00f6ys\u00e4tt\u00e4v\u00e4 pystytangon ruuvia.<\/p>\n","protected":false},"excerpt":{"rendered":"<p>SONGMICS koruteline, 2-in-1 koruteline, 3 tankoa, aukot korvakoruille, korurasia, laatikko, sis\u00e4osa renkaiden ripustustelineill\u00e4, ketjuille, sormuksille, vintage-ruskea-valkoinen JJS014W01<\/p>\n","protected":false},"featured_media":40936,"comment_status":"open","ping_status":"closed","template":"","meta":[],"product_brand":[],"product_cat":[32],"product_tag":[],"class_list":{"0":"post-31869","1":"product","2":"type-product","3":"status-publish","4":"has-post-thumbnail","6":"product_cat-uncategorized-fi","8":"first","9":"instock","10":"shipping-taxable","11":"purchasable","12":"product-type-simple"},"_links":{"self":[{"href":"https:\/\/nordicmart.andreevmaster.com\/fi\/wp-json\/wp\/v2\/product\/31869","targetHints":{"allow":["GET"]}}],"collection":[{"href":"https:\/\/nordicmart.andreevmaster.com\/fi\/wp-json\/wp\/v2\/product"}],"about":[{"href":"https:\/\/nordicmart.andreevmaster.com\/fi\/wp-json\/wp\/v2\/types\/product"}],"replies":[{"embeddable":true,"href":"https:\/\/nordicmart.andreevmaster.com\/fi\/wp-json\/wp\/v2\/comments?post=31869"}],"wp:featuredmedia":[{"embeddable":true,"href":"https:\/\/nordicmart.andreevmaster.com\/fi\/wp-json\/wp\/v2\/media\/40936"}],"wp:attachment":[{"href":"https:\/\/nordicmart.andreevmaster.com\/fi\/wp-json\/wp\/v2\/media?parent=31869"}],"wp:term":[{"taxonomy":"product_brand","embeddable":true,"href":"https:\/\/nordicmart.andreevmaster.com\/fi\/wp-json\/wp\/v2\/product_brand?post=31869"},{"taxonomy":"product_cat","embeddable":true,"href":"https:\/\/nordicmart.andreevmaster.com\/fi\/wp-json\/wp\/v2\/product_cat?post=31869"},{"taxonomy":"product_tag","embeddable":true,"href":"https:\/\/nordicmart.andreevmaster.com\/fi\/wp-json\/wp\/v2\/product_tag?post=31869"}],"curies":[{"name":"wp","href":"https:\/\/api.w.org\/{rel}","templated":true}]}}