{"id":31868,"date":"2026-02-27T00:15:08","date_gmt":"2026-02-27T00:15:08","guid":{"rendered":"https:\/\/nordicmart.andreevmaster.com\/product\/songmics-koruteline-4-erillista-metalliosastoa-kultainen-valkoinen\/"},"modified":"2026-02-27T09:37:26","modified_gmt":"2026-02-27T09:37:26","slug":"songmics-koruteline-4-erillista-metalliosastoa-kultainen-valkoinen","status":"publish","type":"product","link":"https:\/\/nordicmart.andreevmaster.com\/fi\/tuote\/songmics-koruteline-4-erillista-metalliosastoa-kultainen-valkoinen\/","title":{"rendered":"SONGMICS koruteline, 4 erillist\u00e4 metalliosastoa, kultainen-valkoinen"},"content":{"rendered":"<p>SONGMICS koruteline, koruteline, 4 erillist\u00e4 osastoa, metallinen korvakoruteline, korujen s\u00e4ilytys kaulakoruille, rannekoruille ja korvakoruille, lahjaidea<br \/>\nV\u00e4ri: kultainen-valkoinen<br \/>\nMateriaali: metallirunko<br \/>\nKoko: 18 x 20,5 x 36 cm (S x L x K)<br \/>\nPaino: 0,5 kg<\/p>\n","protected":false},"excerpt":{"rendered":"<p>SONGMICS koruteline, koruteline, 4 erillist\u00e4 osastoa, metallinen korvakoruteline, korujen s\u00e4ilytys kaulakoruille, rannekoruille ja korvakoruille, lahjaidea<\/p>\n","protected":false},"featured_media":40935,"comment_status":"open","ping_status":"closed","template":"","meta":[],"product_brand":[],"product_cat":[32],"product_tag":[],"class_list":{"0":"post-31868","1":"product","2":"type-product","3":"status-publish","4":"has-post-thumbnail","6":"product_cat-uncategorized-fi","8":"first","9":"instock","10":"shipping-taxable","11":"purchasable","12":"product-type-simple"},"_links":{"self":[{"href":"https:\/\/nordicmart.andreevmaster.com\/fi\/wp-json\/wp\/v2\/product\/31868","targetHints":{"allow":["GET"]}}],"collection":[{"href":"https:\/\/nordicmart.andreevmaster.com\/fi\/wp-json\/wp\/v2\/product"}],"about":[{"href":"https:\/\/nordicmart.andreevmaster.com\/fi\/wp-json\/wp\/v2\/types\/product"}],"replies":[{"embeddable":true,"href":"https:\/\/nordicmart.andreevmaster.com\/fi\/wp-json\/wp\/v2\/comments?post=31868"}],"wp:featuredmedia":[{"embeddable":true,"href":"https:\/\/nordicmart.andreevmaster.com\/fi\/wp-json\/wp\/v2\/media\/40935"}],"wp:attachment":[{"href":"https:\/\/nordicmart.andreevmaster.com\/fi\/wp-json\/wp\/v2\/media?parent=31868"}],"wp:term":[{"taxonomy":"product_brand","embeddable":true,"href":"https:\/\/nordicmart.andreevmaster.com\/fi\/wp-json\/wp\/v2\/product_brand?post=31868"},{"taxonomy":"product_cat","embeddable":true,"href":"https:\/\/nordicmart.andreevmaster.com\/fi\/wp-json\/wp\/v2\/product_cat?post=31868"},{"taxonomy":"product_tag","embeddable":true,"href":"https:\/\/nordicmart.andreevmaster.com\/fi\/wp-json\/wp\/v2\/product_tag?post=31868"}],"curies":[{"name":"wp","href":"https:\/\/api.w.org\/{rel}","templated":true}]}}