{"id":31867,"date":"2026-02-27T00:15:08","date_gmt":"2026-02-27T00:15:08","guid":{"rendered":"https:\/\/nordicmart.andreevmaster.com\/product\/songmics-korukaappi-ripustettava-peilikaappi-led-sisavalaistuksella-seinakaappi-kokovartalopeililla\/"},"modified":"2026-02-27T09:37:26","modified_gmt":"2026-02-27T09:37:26","slug":"songmics-korukaappi-ripustettava-peilikaappi-led-sisavalaistuksella-seinakaappi-kokovartalopeililla","status":"publish","type":"product","link":"https:\/\/nordicmart.andreevmaster.com\/fi\/tuote\/songmics-korukaappi-ripustettava-peilikaappi-led-sisavalaistuksella-seinakaappi-kokovartalopeililla\/","title":{"rendered":"SONGMICS korukaappi, ripustettava, peilikaappi LED-sis\u00e4valaistuksella, sein\u00e4kaappi kokovartalopeilill\u00e4"},"content":{"rendered":"<p>Uusi punainen mekko istuu kuin valettu. Pue korkokeng\u00e4t jalkaasi ja ihaile asuasi t\u00e4m\u00e4n huomiota her\u00e4tt\u00e4v\u00e4n korukomeron suuressa peiliss\u00e4, joka voidaan ripustaa makuuhuoneen oveen tai kiinnitt\u00e4\u00e4 sein\u00e4lle. Hetkinen! Jotain puuttuu viel\u00e4! Sopivat korvakorut ja kimaltava kaulakoru viimeistelev\u00e4t tyylisi. Onneksi sinun ei tarvitse etsi\u00e4 sopivia koruja kauan, sill\u00e4 ne ovat siististi riviss\u00e4 peilikaapin oven takana. Mukana toimitetut ovenkoukut sopivat vain tavallisille oville. Saksalaisille oville sinun on ostettava sopivat ovenkoukut erikseen.Korujen yst\u00e4ville tarjotaan seuraavat edut: Leve\u00e4 peili ilman kehyst\u00e4, joka tarjoaa suuremman peilipinnan Voidaan ripustaa ovenkarmiin tai kiinnitt\u00e4\u00e4 sein\u00e4lle 6 rivi\u00e4, joissa kussakin 15 pidikett\u00e4 ja 8 paikkaa korvakoruille (yhteens\u00e4 90 pidikett\u00e4 ja 48 paikkaa) 7 rivi\u00e4, joissa kussakin 12 paikkaa sormuksille (yhteens\u00e4 84) 32 koukkua ketjuille jne. 1 tanko huiveille ja kaulahuiveille 5 hylly\u00e4 parfyymille, kynsilakalle jne. 2 laatikkoa LED-sis\u00e4valaistus Lukittava Tuotetiedot: V\u00e4ri: valkoinen Materiaali: MDF (keskitihe\u00e4 kuitulevy)Koko: 37 x 9,3 x 108 cm (P x L x K) Paino: 9,1 kg Toimitus sis\u00e4lt\u00e4\u00e4: 1 x ripustettava korukaappi 1 x lis\u00e4varustepaketti 2 x tavallinen ovikoukku 1 x ohjeet SONGMICSin huomautukset: Pid\u00e4 lapset poissa kaikista lis\u00e4varusteista ja pakkausosista t\u00e4m\u00e4n tuotteen asennuksen aikana. Niiden nieleminen tai hengitt\u00e4minen voi aiheuttaa hengenvaarallisia tilanteita.<\/p>\n","protected":false},"excerpt":{"rendered":"<p>SONGMICS korukotelo 37 x 9,3 x 108 cm ripustettava, peilikaappi LED-sis\u00e4valaistuksella, sein\u00e4kaappi kokovartalopeilill\u00e4, sein\u00e4kiinnitys, ripustettava oveen, lahja, valkoinen JJC99WT<\/p>\n","protected":false},"featured_media":40934,"comment_status":"open","ping_status":"closed","template":"","meta":[],"product_brand":[],"product_cat":[32],"product_tag":[],"class_list":{"0":"post-31867","1":"product","2":"type-product","3":"status-publish","4":"has-post-thumbnail","6":"product_cat-uncategorized-fi","8":"first","9":"instock","10":"shipping-taxable","11":"purchasable","12":"product-type-simple"},"_links":{"self":[{"href":"https:\/\/nordicmart.andreevmaster.com\/fi\/wp-json\/wp\/v2\/product\/31867","targetHints":{"allow":["GET"]}}],"collection":[{"href":"https:\/\/nordicmart.andreevmaster.com\/fi\/wp-json\/wp\/v2\/product"}],"about":[{"href":"https:\/\/nordicmart.andreevmaster.com\/fi\/wp-json\/wp\/v2\/types\/product"}],"replies":[{"embeddable":true,"href":"https:\/\/nordicmart.andreevmaster.com\/fi\/wp-json\/wp\/v2\/comments?post=31867"}],"wp:featuredmedia":[{"embeddable":true,"href":"https:\/\/nordicmart.andreevmaster.com\/fi\/wp-json\/wp\/v2\/media\/40934"}],"wp:attachment":[{"href":"https:\/\/nordicmart.andreevmaster.com\/fi\/wp-json\/wp\/v2\/media?parent=31867"}],"wp:term":[{"taxonomy":"product_brand","embeddable":true,"href":"https:\/\/nordicmart.andreevmaster.com\/fi\/wp-json\/wp\/v2\/product_brand?post=31867"},{"taxonomy":"product_cat","embeddable":true,"href":"https:\/\/nordicmart.andreevmaster.com\/fi\/wp-json\/wp\/v2\/product_cat?post=31867"},{"taxonomy":"product_tag","embeddable":true,"href":"https:\/\/nordicmart.andreevmaster.com\/fi\/wp-json\/wp\/v2\/product_tag?post=31867"}],"curies":[{"name":"wp","href":"https:\/\/api.w.org\/{rel}","templated":true}]}}