{"id":31864,"date":"2026-02-27T00:15:07","date_gmt":"2026-02-27T00:15:07","guid":{"rendered":"https:\/\/nordicmart.andreevmaster.com\/product\/songmics-korukaappi-peililla-ripustettava\/"},"modified":"2026-02-27T09:37:25","modified_gmt":"2026-02-27T09:37:25","slug":"songmics-korukaappi-peililla-ripustettava","status":"publish","type":"product","link":"https:\/\/nordicmart.andreevmaster.com\/fi\/tuote\/songmics-korukaappi-peililla-ripustettava\/","title":{"rendered":"SONGMICS korukaappi peilill\u00e4, ripustettava"},"content":{"rendered":"<p>SONGMICS ripustettava korukaappi, lukittava peilikaappi, sein\u00e4kaappi peilill\u00e4 ja lukuisilla lokeroilla, sein\u00e4kiinnitys, ripustetaan oveen, ketjuille, korvakoruille, musta JJC093B01<br \/>\nTuotetiedot:<br \/>\nV\u00e4ri: musta<br \/>\nMateriaali: MDF (keskitihe\u00e4 kuitulevy), sametti, lasi<br \/>\nKoko yhteens\u00e4: 37 x 10 x 120 cm (P x L x K)<br \/>\nPeilin koko: 27,3 x 110 cm<br \/>\nPaino: 10 kg<\/p>\n","protected":false},"excerpt":{"rendered":"<p>SONGMICS ripustettava korukaappi, lukittava peilikaappi, sein\u00e4kaappi peilill\u00e4 ja lukuisilla lokeroilla, sein\u00e4kiinnitys, ripustetaan oveen, ketjuille, korvakoruille, musta JJC093B01<\/p>\n","protected":false},"featured_media":46589,"comment_status":"open","ping_status":"closed","template":"","meta":[],"product_brand":[],"product_cat":[32],"product_tag":[],"class_list":{"0":"post-31864","1":"product","2":"type-product","3":"status-publish","4":"has-post-thumbnail","6":"product_cat-uncategorized-fi","8":"first","9":"instock","10":"shipping-taxable","11":"purchasable","12":"product-type-simple"},"_links":{"self":[{"href":"https:\/\/nordicmart.andreevmaster.com\/fi\/wp-json\/wp\/v2\/product\/31864","targetHints":{"allow":["GET"]}}],"collection":[{"href":"https:\/\/nordicmart.andreevmaster.com\/fi\/wp-json\/wp\/v2\/product"}],"about":[{"href":"https:\/\/nordicmart.andreevmaster.com\/fi\/wp-json\/wp\/v2\/types\/product"}],"replies":[{"embeddable":true,"href":"https:\/\/nordicmart.andreevmaster.com\/fi\/wp-json\/wp\/v2\/comments?post=31864"}],"wp:featuredmedia":[{"embeddable":true,"href":"https:\/\/nordicmart.andreevmaster.com\/fi\/wp-json\/wp\/v2\/media\/46589"}],"wp:attachment":[{"href":"https:\/\/nordicmart.andreevmaster.com\/fi\/wp-json\/wp\/v2\/media?parent=31864"}],"wp:term":[{"taxonomy":"product_brand","embeddable":true,"href":"https:\/\/nordicmart.andreevmaster.com\/fi\/wp-json\/wp\/v2\/product_brand?post=31864"},{"taxonomy":"product_cat","embeddable":true,"href":"https:\/\/nordicmart.andreevmaster.com\/fi\/wp-json\/wp\/v2\/product_cat?post=31864"},{"taxonomy":"product_tag","embeddable":true,"href":"https:\/\/nordicmart.andreevmaster.com\/fi\/wp-json\/wp\/v2\/product_tag?post=31864"}],"curies":[{"name":"wp","href":"https:\/\/api.w.org\/{rel}","templated":true}]}}