{"id":31862,"date":"2026-02-27T00:15:06","date_gmt":"2026-02-27T00:15:06","guid":{"rendered":"https:\/\/nordicmart.andreevmaster.com\/product\/songmics-korukotelo-peililla-360-kaantyva-peilikaappi-lukittava\/"},"modified":"2026-02-27T09:37:25","modified_gmt":"2026-02-27T09:37:25","slug":"songmics-korukotelo-peililla-360-kaantyva-peilikaappi-lukittava","status":"publish","type":"product","link":"https:\/\/nordicmart.andreevmaster.com\/fi\/tuote\/songmics-korukotelo-peililla-360-kaantyva-peilikaappi-lukittava\/","title":{"rendered":"SONGMICS korukotelo peilill\u00e4, 360\u00b0 k\u00e4\u00e4ntyv\u00e4 peilikaappi, lukittava"},"content":{"rendered":"<p>Korujen yst\u00e4ville T\u00e4m\u00e4 tilava korukaappi on suunniteltu korujen yst\u00e4ville. Sen koko on 37 x 9,5 x 155 cm, joten se on 35 cm korkeampi kuin useimmat korukaapit ja tarjoaa runsaasti tilaa yli 200 korulle. Ei vain koruille Kaapin 5 hyllylle voi sijoittaa hajuvesi\u00e4, ihonhoitotuotteita, meikkej\u00e4 ja kynsilakkoja. Kahdelle hyllylle ja takasein\u00e4lle mahtuu k\u00e4silaukku, taitetut vaatteet, kirjat ja kasvit. K\u00e4tev\u00e4 peili sis\u00e4ll\u00e4 Sis\u00e4ll\u00e4 olevan peilin ansiosta voit viimeistell\u00e4 meikkisi ilman, ett\u00e4 sinun tarvitsee menn\u00e4 peilip\u00f6yd\u00e4n \u00e4\u00e4reen tai sulkea korukaapin ovea. Turvallinen ja vakaa T\u00e4m\u00e4 korukaappi on valmistettu kest\u00e4v\u00e4st\u00e4 puumateriaalista ja se on lukittava. Kaapin ovi sulkeutuu tiiviisti magneetin ansiosta. Tuotetiedot: &#8211; V\u00e4ri: vintage-ruskea &#8211; Materiaali: MDF (keskitihe\u00e4 kuitulevy), lasipeili, samettiverhoilu &#8211; Kokonaismitat: 54 x 54 x 161 cm (P x L x K) &#8211; Kaapin mitat: 37 x 9,5 x 155 cm (P x L x K) &#8211; Ulkopeilin mitat: 26 x 144 cm (P x K) &#8211; Sis\u00e4peilin koko: 34,5 x 23 cm (P x K) &#8211; Paino: 21,4 kg Toimitus sis\u00e4lt\u00e4\u00e4: &#8211; 1 x korukaappi &#8211; 1 x lis\u00e4varustepaketti &#8211; 1 x ohjeet (DE, EN, FR, ES, IT) SONGMICS-ohjeet:- \u00c4l\u00e4 altista tuotetta voimakkaalle auringonvalolle pitk\u00e4ksi aikaa. &#8211; Sijoita tuote kuivaan paikkaan. &#8211; Turvallisuussyist\u00e4 lapset eiv\u00e4t saa kiivet\u00e4 tuotteen p\u00e4\u00e4lle tai leikki\u00e4 sill\u00e4.<\/p>\n","protected":false},"excerpt":{"rendered":"<p>SONGMICS korukotelo, 360\u00b0 k\u00e4\u00e4ntyv\u00e4, kokovartalopeili, lukittava korujen s\u00e4ilytyslaatikko, pienell\u00e4 peilill\u00e4, hyllyt takana, vintage-ruskea JJC062K01<\/p>\n","protected":false},"featured_media":40930,"comment_status":"open","ping_status":"closed","template":"","meta":[],"product_brand":[],"product_cat":[32],"product_tag":[],"class_list":{"0":"post-31862","1":"product","2":"type-product","3":"status-publish","4":"has-post-thumbnail","6":"product_cat-uncategorized-fi","8":"first","9":"instock","10":"shipping-taxable","11":"purchasable","12":"product-type-simple"},"_links":{"self":[{"href":"https:\/\/nordicmart.andreevmaster.com\/fi\/wp-json\/wp\/v2\/product\/31862","targetHints":{"allow":["GET"]}}],"collection":[{"href":"https:\/\/nordicmart.andreevmaster.com\/fi\/wp-json\/wp\/v2\/product"}],"about":[{"href":"https:\/\/nordicmart.andreevmaster.com\/fi\/wp-json\/wp\/v2\/types\/product"}],"replies":[{"embeddable":true,"href":"https:\/\/nordicmart.andreevmaster.com\/fi\/wp-json\/wp\/v2\/comments?post=31862"}],"wp:featuredmedia":[{"embeddable":true,"href":"https:\/\/nordicmart.andreevmaster.com\/fi\/wp-json\/wp\/v2\/media\/40930"}],"wp:attachment":[{"href":"https:\/\/nordicmart.andreevmaster.com\/fi\/wp-json\/wp\/v2\/media?parent=31862"}],"wp:term":[{"taxonomy":"product_brand","embeddable":true,"href":"https:\/\/nordicmart.andreevmaster.com\/fi\/wp-json\/wp\/v2\/product_brand?post=31862"},{"taxonomy":"product_cat","embeddable":true,"href":"https:\/\/nordicmart.andreevmaster.com\/fi\/wp-json\/wp\/v2\/product_cat?post=31862"},{"taxonomy":"product_tag","embeddable":true,"href":"https:\/\/nordicmart.andreevmaster.com\/fi\/wp-json\/wp\/v2\/product_tag?post=31862"}],"curies":[{"name":"wp","href":"https:\/\/api.w.org\/{rel}","templated":true}]}}