{"id":31860,"date":"2026-02-27T00:15:06","date_gmt":"2026-02-27T00:15:06","guid":{"rendered":"https:\/\/nordicmart.andreevmaster.com\/product\/songmics-ripustettava-korukaappi-vintage-ruskea\/"},"modified":"2026-02-27T09:37:25","modified_gmt":"2026-02-27T09:37:25","slug":"songmics-ripustettava-korukaappi-vintage-ruskea","status":"publish","type":"product","link":"https:\/\/nordicmart.andreevmaster.com\/fi\/tuote\/songmics-ripustettava-korukaappi-vintage-ruskea\/","title":{"rendered":"SONGMICS Ripustettava korukaappi Vintage-ruskea"},"content":{"rendered":"<p>T\u00e4ydellinen tyyli kotona Tarvitsetko viel\u00e4 paikan, jossa voit laittaa itsesi t\u00e4ydelliseen kuntoon ennen kuin l\u00e4hdet kotoa? Tyylik\u00e4s ja k\u00e4yt\u00e4nn\u00f6llinen \u2013 t\u00e4m\u00e4 SONGMICS-korukaappi on t\u00e4ydellinen valinta sinulle! Pieni korukaappi, niin joustava Kooltaan 37 x 10 x 67 cm, pieni korukaappi vie vain v\u00e4h\u00e4n tilaa. Se voidaan asentaa mihin tahansa talossa, esimerkiksi eteiseen tai kylpyhuoneeseen&#8230; J\u00e4rjest\u00e4 korusi yhteen paikkaan Kun avaat peilisen oven, n\u00e4et monipuoliset s\u00e4ilytysmahdollisuudet jalokivillesi ja koruillesi. Selke\u00e4 rakenne mahdollistaa usein k\u00e4ytt\u00e4miesi esineiden n\u00e4kemisen yhdell\u00e4 silm\u00e4yksell\u00e4. Et en\u00e4\u00e4 tuhlaa aikaa etsim\u00e4ll\u00e4 ep\u00e4toivoisesti tarvitsemiasi asusteita. Tuotetiedot: &#8211; V\u00e4ri: vintage-ruskea &#8211; Materiaali: MDF (keskitihe\u00e4 kuitulevy), lasipeili, samettivuori &#8211; Koko: 37 x 10 x 67 cm (P x L x K) &#8211; Paino: 5,4 kg Toimitus sis\u00e4lt\u00e4\u00e4:- 1 x korukaappi &#8211; 2 x avain &#8211; 1 x lis\u00e4varustepaketti &#8211; 1 x ohjeet (DE, EN, FR, ES, IT) SONGMICS-ohjeet: &#8211; Pid\u00e4 lapset poissa kaikista lis\u00e4varusteista ja pakkausosista t\u00e4m\u00e4n tuotteen asennuksen aikana. &#8211; Lapset eiv\u00e4t saa leikki\u00e4 asennetun kaapin alla.<\/p>\n","protected":false},"excerpt":{"rendered":"<p>SONGMICS korukaappi, peilikaappi, ripustettava kaappi, lukittava sein\u00e4kaappi, tilaa s\u00e4\u00e4st\u00e4v\u00e4 korujen s\u00e4ilytysj\u00e4rjestelm\u00e4, vintage-ruskea JJC051K01<\/p>\n","protected":false},"featured_media":40928,"comment_status":"open","ping_status":"closed","template":"","meta":[],"product_brand":[],"product_cat":[32],"product_tag":[],"class_list":{"0":"post-31860","1":"product","2":"type-product","3":"status-publish","4":"has-post-thumbnail","6":"product_cat-uncategorized-fi","8":"first","9":"instock","10":"shipping-taxable","11":"purchasable","12":"product-type-simple"},"_links":{"self":[{"href":"https:\/\/nordicmart.andreevmaster.com\/fi\/wp-json\/wp\/v2\/product\/31860","targetHints":{"allow":["GET"]}}],"collection":[{"href":"https:\/\/nordicmart.andreevmaster.com\/fi\/wp-json\/wp\/v2\/product"}],"about":[{"href":"https:\/\/nordicmart.andreevmaster.com\/fi\/wp-json\/wp\/v2\/types\/product"}],"replies":[{"embeddable":true,"href":"https:\/\/nordicmart.andreevmaster.com\/fi\/wp-json\/wp\/v2\/comments?post=31860"}],"wp:featuredmedia":[{"embeddable":true,"href":"https:\/\/nordicmart.andreevmaster.com\/fi\/wp-json\/wp\/v2\/media\/40928"}],"wp:attachment":[{"href":"https:\/\/nordicmart.andreevmaster.com\/fi\/wp-json\/wp\/v2\/media?parent=31860"}],"wp:term":[{"taxonomy":"product_brand","embeddable":true,"href":"https:\/\/nordicmart.andreevmaster.com\/fi\/wp-json\/wp\/v2\/product_brand?post=31860"},{"taxonomy":"product_cat","embeddable":true,"href":"https:\/\/nordicmart.andreevmaster.com\/fi\/wp-json\/wp\/v2\/product_cat?post=31860"},{"taxonomy":"product_tag","embeddable":true,"href":"https:\/\/nordicmart.andreevmaster.com\/fi\/wp-json\/wp\/v2\/product_tag?post=31860"}],"curies":[{"name":"wp","href":"https:\/\/api.w.org\/{rel}","templated":true}]}}