{"id":31856,"date":"2026-02-27T00:15:05","date_gmt":"2026-02-27T00:15:05","guid":{"rendered":"https:\/\/nordicmart.andreevmaster.com\/product\/songmics-korukotelo-peilikaappi-kehyksettomalla-kokovartalopeililla\/"},"modified":"2026-02-27T09:37:24","modified_gmt":"2026-02-27T09:37:24","slug":"songmics-korukotelo-peilikaappi-kehyksettomalla-kokovartalopeililla","status":"publish","type":"product","link":"https:\/\/nordicmart.andreevmaster.com\/fi\/tuote\/songmics-korukotelo-peilikaappi-kehyksettomalla-kokovartalopeililla\/","title":{"rendered":"SONGMICS korukotelo, peilikaappi, kehyksett\u00f6m\u00e4ll\u00e4 kokovartalopeilill\u00e4"},"content":{"rendered":"<p>Korukotelo, peilikaappi, kehykset\u00f6n kokovartalopeili, 360\u00b0 k\u00e4\u00e4ntyv\u00e4, lukittava, pinta valkoinen, sis\u00e4vuori musta<br \/>\nTekniset tiedot:<\/p>\n<p>&#8211; Kokonaismitat: 54,5 x 54,5 x 162 cm (S x L x K)<br \/>\n&#8211; Kaapin mitat: 9,4 x 37 x 155 cm (S x L x K)<br \/>\n&#8211; Sis\u00e4peilin mitat: 34,5 x 24 cm (L x K)<br \/>\n&#8211; Paino: 22,8 kg<br \/>\n&#8211; Materiaali: MDF (keskitihe\u00e4 kuitulevy), ter\u00e4s, sametti, lasi<br \/>\n&#8211; V\u00e4ri: pinta tuhkanruskea, sis\u00e4vuori musta<\/p>\n","protected":false},"excerpt":{"rendered":"<p>Korukotelo, peilikaappi, kehykset\u00f6n kokovartalopeili, 360\u00b0 k\u00e4\u00e4ntyv\u00e4, lukittava, pinta valkoinen, sis\u00e4vuori musta<\/p>\n","protected":false},"featured_media":40925,"comment_status":"open","ping_status":"closed","template":"","meta":[],"product_brand":[],"product_cat":[32],"product_tag":[],"class_list":{"0":"post-31856","1":"product","2":"type-product","3":"status-publish","4":"has-post-thumbnail","6":"product_cat-uncategorized-fi","8":"first","9":"instock","10":"shipping-taxable","11":"purchasable","12":"product-type-simple"},"_links":{"self":[{"href":"https:\/\/nordicmart.andreevmaster.com\/fi\/wp-json\/wp\/v2\/product\/31856","targetHints":{"allow":["GET"]}}],"collection":[{"href":"https:\/\/nordicmart.andreevmaster.com\/fi\/wp-json\/wp\/v2\/product"}],"about":[{"href":"https:\/\/nordicmart.andreevmaster.com\/fi\/wp-json\/wp\/v2\/types\/product"}],"replies":[{"embeddable":true,"href":"https:\/\/nordicmart.andreevmaster.com\/fi\/wp-json\/wp\/v2\/comments?post=31856"}],"wp:featuredmedia":[{"embeddable":true,"href":"https:\/\/nordicmart.andreevmaster.com\/fi\/wp-json\/wp\/v2\/media\/40925"}],"wp:attachment":[{"href":"https:\/\/nordicmart.andreevmaster.com\/fi\/wp-json\/wp\/v2\/media?parent=31856"}],"wp:term":[{"taxonomy":"product_brand","embeddable":true,"href":"https:\/\/nordicmart.andreevmaster.com\/fi\/wp-json\/wp\/v2\/product_brand?post=31856"},{"taxonomy":"product_cat","embeddable":true,"href":"https:\/\/nordicmart.andreevmaster.com\/fi\/wp-json\/wp\/v2\/product_cat?post=31856"},{"taxonomy":"product_tag","embeddable":true,"href":"https:\/\/nordicmart.andreevmaster.com\/fi\/wp-json\/wp\/v2\/product_tag?post=31856"}],"curies":[{"name":"wp","href":"https:\/\/api.w.org\/{rel}","templated":true}]}}