{"id":31852,"date":"2026-02-27T00:15:04","date_gmt":"2026-02-27T00:15:04","guid":{"rendered":"https:\/\/nordicmart.andreevmaster.com\/product\/songmics-korukotelo-seisova\/"},"modified":"2026-02-27T09:37:23","modified_gmt":"2026-02-27T09:37:23","slug":"songmics-korukotelo-seisova","status":"publish","type":"product","link":"https:\/\/nordicmart.andreevmaster.com\/fi\/tuote\/songmics-korukotelo-seisova\/","title":{"rendered":"SONGMICS Korukotelo, seisova"},"content":{"rendered":"<p>Enemm\u00e4n toimintoja, enemm\u00e4n tunteita T\u00e4m\u00e4n kaapin lukuisat s\u00e4ilytysmahdollisuudet tarjoavat suuren YLL\u00c4TYKSEN. Ristikkohyllyn ansiosta sinun ei tarvitse laittaa laukkujasi lattialle, mik\u00e4 tekee sinut ONNELLISEKSI. IHAILE asuasi p\u00e4\u00e4st\u00e4 jalkoihin kokovartalopeiliss\u00e4. Kaikki yst\u00e4v\u00e4si tulevat olemaan KATEELLISIA sinulle, koska hekin haluavat t\u00e4m\u00e4n peilin! Kerromme sinulle kaiken t\u00e4m\u00e4n kaapin eduista: &#8211; Kallistettava korukaappi, jossa on suuri kehykset\u00f6n peili &#8211; 108 paikkaa korvakoruille &#8211; 36 aukkoa nappikorvakoruille &#8211; 78 paikkaa sormuksille &#8211; 36 koukkua kaulakoruille &#8211; Tanko rannekoruille &#8211; Joustava j\u00e4rjestelij\u00e4, jossa 3 lokeroa siveltimille &#8211; Joustava j\u00e4rjestelij\u00e4, jossa useita lokeroita huulipunille &#8211; 4 hyllytasoa kauneustuotteillesi &#8211; Yksi hyllytaso alaosassa muille esineille &#8211; Lukko ja 2 avainta lis\u00e4\u00e4 turvallisuutta &#8211; Hylly taskuillesi Tuotetiedot:- V\u00e4ri: vintage-ruskea-musta &#8211; Materiaali: MDF (keskitihe\u00e4 kuitulevy), ter\u00e4s &#8211; Koko: 41 x 36 x 153 cm (P x L x K) &#8211; Paino: 13,7 kg Toimitus sis\u00e4lt\u00e4\u00e4:- 1 x korukaappi &#8211; 1 x kaatumissuoja &#8211; 1 x lis\u00e4varustepaketti &#8211; 1 x ohjeet (DE, EN, FR, ES, IT) SONGMICS-ohjeet: &#8211; Turvallisuussyist\u00e4 lapset eiv\u00e4t saa kiivet\u00e4 tuotteen p\u00e4\u00e4lle tai leikki\u00e4 sill\u00e4. &#8211; Kiinnit\u00e4 t\u00e4m\u00e4 tuote sein\u00e4\u00e4n mukana toimitetulla kaatumissuojalla turvallisen k\u00e4yt\u00f6n varmistamiseksi.<\/p>\n","protected":false},"excerpt":{"rendered":"<p>SONGMICS koruteline, peilikaappi, 3-in-1, meikkien s\u00e4ilytys, peilill\u00e4, ritil\u00e4hyllyll\u00e4, lukolla ja metallirungolla, lukittava, teollinen tyyli, vintage-ruskea-musta JJC97BC<\/p>\n","protected":false},"featured_media":40921,"comment_status":"open","ping_status":"closed","template":"","meta":[],"product_brand":[],"product_cat":[32],"product_tag":[],"class_list":{"0":"post-31852","1":"product","2":"type-product","3":"status-publish","4":"has-post-thumbnail","6":"product_cat-uncategorized-fi","8":"first","9":"instock","10":"shipping-taxable","11":"purchasable","12":"product-type-simple"},"_links":{"self":[{"href":"https:\/\/nordicmart.andreevmaster.com\/fi\/wp-json\/wp\/v2\/product\/31852","targetHints":{"allow":["GET"]}}],"collection":[{"href":"https:\/\/nordicmart.andreevmaster.com\/fi\/wp-json\/wp\/v2\/product"}],"about":[{"href":"https:\/\/nordicmart.andreevmaster.com\/fi\/wp-json\/wp\/v2\/types\/product"}],"replies":[{"embeddable":true,"href":"https:\/\/nordicmart.andreevmaster.com\/fi\/wp-json\/wp\/v2\/comments?post=31852"}],"wp:featuredmedia":[{"embeddable":true,"href":"https:\/\/nordicmart.andreevmaster.com\/fi\/wp-json\/wp\/v2\/media\/40921"}],"wp:attachment":[{"href":"https:\/\/nordicmart.andreevmaster.com\/fi\/wp-json\/wp\/v2\/media?parent=31852"}],"wp:term":[{"taxonomy":"product_brand","embeddable":true,"href":"https:\/\/nordicmart.andreevmaster.com\/fi\/wp-json\/wp\/v2\/product_brand?post=31852"},{"taxonomy":"product_cat","embeddable":true,"href":"https:\/\/nordicmart.andreevmaster.com\/fi\/wp-json\/wp\/v2\/product_cat?post=31852"},{"taxonomy":"product_tag","embeddable":true,"href":"https:\/\/nordicmart.andreevmaster.com\/fi\/wp-json\/wp\/v2\/product_tag?post=31852"}],"curies":[{"name":"wp","href":"https:\/\/api.w.org\/{rel}","templated":true}]}}