{"id":31851,"date":"2026-02-27T00:15:04","date_gmt":"2026-02-27T00:15:04","guid":{"rendered":"https:\/\/nordicmart.andreevmaster.com\/product\/songmics-korukaappi-sisavalaistuksella\/"},"modified":"2026-02-27T09:37:23","modified_gmt":"2026-02-27T09:37:23","slug":"songmics-korukaappi-sisavalaistuksella","status":"publish","type":"product","link":"https:\/\/nordicmart.andreevmaster.com\/fi\/tuote\/songmics-korukaappi-sisavalaistuksella\/","title":{"rendered":"SONGMICS korukaappi sis\u00e4valaistuksella"},"content":{"rendered":"<p>Tuotetiedot:  &#8211; V\u00e4ri: harmaa &#8211; Materiaali: MDF (keskitihe\u00e4 kuitulevy), sametti, lasi &#8211; Koko: 37 x 10 x 120 cm (P x L x K) &#8211; Peilin mitat: 110 x 27,3 cm (P x L) &#8211; Paino: 9,96 kg  Toimitus sis\u00e4lt\u00e4\u00e4: &#8211; 1 x korukaappi &#8211; 2 x koukku &#8211; 1 x s\u00e4ilytyslaatikko lis\u00e4varusteille &#8211; 1 x k\u00e4ytt\u00f6ohje (DE, EN, FR, ES, IT)  SONGMICS Huomautukset: &#8211; Poista paristot, jos LED-valoa ei k\u00e4ytet\u00e4 pitk\u00e4\u00e4n aikaan. &#8211; \u00c4l\u00e4 sijoita t\u00e4t\u00e4 tuotetta kosteaan ymp\u00e4rist\u00f6\u00f6n, jotta se ei v\u00e4\u00e4nny.<\/p>\n","protected":false},"excerpt":{"rendered":"<p>SONGMICS korukotelo 6 LED-valolla, peilikaappi, lukittava sein\u00e4kaappi, korujen s\u00e4ilytys, peilill\u00e4 ja 2 laatikolla, sein\u00e4kiinnitys, harmaa JJC93GY<\/p>\n","protected":false},"featured_media":40920,"comment_status":"open","ping_status":"closed","template":"","meta":[],"product_brand":[],"product_cat":[32],"product_tag":[],"class_list":{"0":"post-31851","1":"product","2":"type-product","3":"status-publish","4":"has-post-thumbnail","6":"product_cat-uncategorized-fi","8":"first","9":"instock","10":"shipping-taxable","11":"purchasable","12":"product-type-simple"},"_links":{"self":[{"href":"https:\/\/nordicmart.andreevmaster.com\/fi\/wp-json\/wp\/v2\/product\/31851","targetHints":{"allow":["GET"]}}],"collection":[{"href":"https:\/\/nordicmart.andreevmaster.com\/fi\/wp-json\/wp\/v2\/product"}],"about":[{"href":"https:\/\/nordicmart.andreevmaster.com\/fi\/wp-json\/wp\/v2\/types\/product"}],"replies":[{"embeddable":true,"href":"https:\/\/nordicmart.andreevmaster.com\/fi\/wp-json\/wp\/v2\/comments?post=31851"}],"wp:featuredmedia":[{"embeddable":true,"href":"https:\/\/nordicmart.andreevmaster.com\/fi\/wp-json\/wp\/v2\/media\/40920"}],"wp:attachment":[{"href":"https:\/\/nordicmart.andreevmaster.com\/fi\/wp-json\/wp\/v2\/media?parent=31851"}],"wp:term":[{"taxonomy":"product_brand","embeddable":true,"href":"https:\/\/nordicmart.andreevmaster.com\/fi\/wp-json\/wp\/v2\/product_brand?post=31851"},{"taxonomy":"product_cat","embeddable":true,"href":"https:\/\/nordicmart.andreevmaster.com\/fi\/wp-json\/wp\/v2\/product_cat?post=31851"},{"taxonomy":"product_tag","embeddable":true,"href":"https:\/\/nordicmart.andreevmaster.com\/fi\/wp-json\/wp\/v2\/product_tag?post=31851"}],"curies":[{"name":"wp","href":"https:\/\/api.w.org\/{rel}","templated":true}]}}