{"id":31849,"date":"2026-02-27T00:15:04","date_gmt":"2026-02-27T00:15:04","guid":{"rendered":"https:\/\/nordicmart.andreevmaster.com\/product\/songmics-ovikoukku-korukotelolle-hopea\/"},"modified":"2026-02-27T09:37:22","modified_gmt":"2026-02-27T09:37:22","slug":"songmics-ovikoukku-korukotelolle-hopea","status":"publish","type":"product","link":"https:\/\/nordicmart.andreevmaster.com\/fi\/tuote\/songmics-ovikoukku-korukotelolle-hopea\/","title":{"rendered":"SONGMICS ovikoukku korukotelolle, hopea"},"content":{"rendered":"<p>Ripusta korukaappi oveen n\u00e4ill\u00e4 koukuilla ja s\u00e4\u00e4st\u00e4 tilaa siistimp\u00e4\u00e4n el\u00e4m\u00e4\u00e4n. Tuotetiedot: &#8211; V\u00e4ri: hopea &#8211; Materiaali: ter\u00e4s &#8211; Koko: 1,2 x 2,2 x 32 cm (P x L x K) &#8211; Paino per koukku: 67,5 g Toimitus sis\u00e4lt\u00e4\u00e4: &#8211; 2 x koukku &#8211; 6 x EVA-vaahtomuovipehmusteet SONGMICS-ohjeet: &#8211; Liimaa ensin pehmusteet koukkuihin, jotta v\u00e4lt\u00e4t oven naarmuuntumisen. Ripusta sitten koukut paikoilleen.<\/p>\n","protected":false},"excerpt":{"rendered":"<p>SONGMICS SONGCMICS ovikoukut, korukoteloon, 2 kpl, ter\u00e4st\u00e4, sopivat saksalaisille oville, 1,2 x 2,2 x 32 cm (P x L x K), hopeanv\u00e4riset JJC901E01<\/p>\n","protected":false},"featured_media":40918,"comment_status":"open","ping_status":"closed","template":"","meta":[],"product_brand":[],"product_cat":[32],"product_tag":[],"class_list":{"0":"post-31849","1":"product","2":"type-product","3":"status-publish","4":"has-post-thumbnail","6":"product_cat-uncategorized-fi","8":"first","9":"instock","10":"shipping-taxable","11":"purchasable","12":"product-type-simple"},"_links":{"self":[{"href":"https:\/\/nordicmart.andreevmaster.com\/fi\/wp-json\/wp\/v2\/product\/31849","targetHints":{"allow":["GET"]}}],"collection":[{"href":"https:\/\/nordicmart.andreevmaster.com\/fi\/wp-json\/wp\/v2\/product"}],"about":[{"href":"https:\/\/nordicmart.andreevmaster.com\/fi\/wp-json\/wp\/v2\/types\/product"}],"replies":[{"embeddable":true,"href":"https:\/\/nordicmart.andreevmaster.com\/fi\/wp-json\/wp\/v2\/comments?post=31849"}],"wp:featuredmedia":[{"embeddable":true,"href":"https:\/\/nordicmart.andreevmaster.com\/fi\/wp-json\/wp\/v2\/media\/40918"}],"wp:attachment":[{"href":"https:\/\/nordicmart.andreevmaster.com\/fi\/wp-json\/wp\/v2\/media?parent=31849"}],"wp:term":[{"taxonomy":"product_brand","embeddable":true,"href":"https:\/\/nordicmart.andreevmaster.com\/fi\/wp-json\/wp\/v2\/product_brand?post=31849"},{"taxonomy":"product_cat","embeddable":true,"href":"https:\/\/nordicmart.andreevmaster.com\/fi\/wp-json\/wp\/v2\/product_cat?post=31849"},{"taxonomy":"product_tag","embeddable":true,"href":"https:\/\/nordicmart.andreevmaster.com\/fi\/wp-json\/wp\/v2\/product_tag?post=31849"}],"curies":[{"name":"wp","href":"https:\/\/api.w.org\/{rel}","templated":true}]}}