{"id":31848,"date":"2026-02-27T00:15:03","date_gmt":"2026-02-27T00:15:03","guid":{"rendered":"https:\/\/nordicmart.andreevmaster.com\/product\/songmics-korukaappi-kokovartalopeililla\/"},"modified":"2026-02-27T09:37:22","modified_gmt":"2026-02-27T09:37:22","slug":"songmics-korukaappi-kokovartalopeililla","status":"publish","type":"product","link":"https:\/\/nordicmart.andreevmaster.com\/fi\/tuote\/songmics-korukaappi-kokovartalopeililla\/","title":{"rendered":"SONGMICS korukaappi kokovartalopeilill\u00e4"},"content":{"rendered":"<p>Uusi punainen mekko istuu kuin valettu, sujautat jalkaasi korkokeng\u00e4t ja ihailet asuasi t\u00e4m\u00e4n huomiota her\u00e4tt\u00e4v\u00e4n korukotelon suuressa peiliss\u00e4. Hetkinen! Jotain puuttuu viel\u00e4! Sopivat korvakorut ja kimaltava kaulakoru viimeistelev\u00e4t tyylisi. Onneksi sinun ei tarvitse etsi\u00e4 sopivia koruja kauan, sill\u00e4 ne ovat siististi riviss\u00e4 peilikaapin oven takana. Korujen yst\u00e4ville tarjotaan seuraavat edut:- Koko vartalon peili hillityll\u00e4 kehyksell\u00e4, joka lis\u00e4\u00e4 peilin pinta-alaa &#8211; 5 rivi\u00e4, joissa kussakin 18 korvakorutelineit\u00e4 (yhteens\u00e4 90) ja 6 korvakorupaikkaa (yhteens\u00e4 30) &#8211; 6 rivi\u00e4, joissa kussakin 13 paikkaa sormuksille (yhteens\u00e4 78) &#8211; 2 x 12 koukkua ketjuille jne. (yhteens\u00e4 24) &#8211; 4 s\u00e4\u00e4dett\u00e4v\u00e4\u00e4 kallistuskulmaa &#8211; Lukittava Tuotetiedot:- V\u00e4ri: valkoinen &#8211; Materiaali: MDF (keskitihe\u00e4 kuitulevy) &#8211; Kokonaismitat: 41,1 x 36,5 x 151,5 cm (P x L x K) &#8211; Kaapin rungon mitat: 37,2 x 9,5 x 108,3 cm (P x L x K) &#8211; Paino: 11,3 kg Toimitus sis\u00e4lt\u00e4\u00e4:- 1 x korukaappi &#8211; 1 x s\u00e4ilytyslaatikko lis\u00e4varusteille &#8211; 1 x ohjeet (DE, EN, FR, ES, IT) SONGMICS-ohjeet: &#8211; Pid\u00e4 lapset poissa t\u00e4m\u00e4n tuotteen asennuksen aikana kaikista lis\u00e4varusteista ja pakkausosista. Niiden nieleminen tai hengitt\u00e4minen voi aiheuttaa hengenvaarallisia tilanteita.<\/p>\n","protected":false},"excerpt":{"rendered":"<p>SONGMICS korukotelo, peilikaappi, seisomapeili, kokovartalopeili, lahja, helppo asentaa, ruskea JJC69BR<\/p>\n","protected":false},"featured_media":40917,"comment_status":"open","ping_status":"closed","template":"","meta":[],"product_brand":[],"product_cat":[32],"product_tag":[],"class_list":{"0":"post-31848","1":"product","2":"type-product","3":"status-publish","4":"has-post-thumbnail","6":"product_cat-uncategorized-fi","8":"first","9":"instock","10":"shipping-taxable","11":"purchasable","12":"product-type-simple"},"_links":{"self":[{"href":"https:\/\/nordicmart.andreevmaster.com\/fi\/wp-json\/wp\/v2\/product\/31848","targetHints":{"allow":["GET"]}}],"collection":[{"href":"https:\/\/nordicmart.andreevmaster.com\/fi\/wp-json\/wp\/v2\/product"}],"about":[{"href":"https:\/\/nordicmart.andreevmaster.com\/fi\/wp-json\/wp\/v2\/types\/product"}],"replies":[{"embeddable":true,"href":"https:\/\/nordicmart.andreevmaster.com\/fi\/wp-json\/wp\/v2\/comments?post=31848"}],"wp:featuredmedia":[{"embeddable":true,"href":"https:\/\/nordicmart.andreevmaster.com\/fi\/wp-json\/wp\/v2\/media\/40917"}],"wp:attachment":[{"href":"https:\/\/nordicmart.andreevmaster.com\/fi\/wp-json\/wp\/v2\/media?parent=31848"}],"wp:term":[{"taxonomy":"product_brand","embeddable":true,"href":"https:\/\/nordicmart.andreevmaster.com\/fi\/wp-json\/wp\/v2\/product_brand?post=31848"},{"taxonomy":"product_cat","embeddable":true,"href":"https:\/\/nordicmart.andreevmaster.com\/fi\/wp-json\/wp\/v2\/product_cat?post=31848"},{"taxonomy":"product_tag","embeddable":true,"href":"https:\/\/nordicmart.andreevmaster.com\/fi\/wp-json\/wp\/v2\/product_tag?post=31848"}],"curies":[{"name":"wp","href":"https:\/\/api.w.org\/{rel}","templated":true}]}}