{"id":31846,"date":"2026-02-27T00:15:03","date_gmt":"2026-02-27T00:15:03","guid":{"rendered":"https:\/\/nordicmart.andreevmaster.com\/product\/songmics-korukaappi-valaistuksella\/"},"modified":"2026-02-27T09:37:22","modified_gmt":"2026-02-27T09:37:22","slug":"songmics-korukaappi-valaistuksella","status":"publish","type":"product","link":"https:\/\/nordicmart.andreevmaster.com\/fi\/tuote\/songmics-korukaappi-valaistuksella\/","title":{"rendered":"SONGMICS korukaappi valaistuksella"},"content":{"rendered":"<p>SONGMICS korukotelo valaistuksella, peilikaappi LED-sis\u00e4valaistuksella, seisomapeili, kokovartalopeili, lahja, helppo asentaa, himmennett\u00e4v\u00e4, 3 valov\u00e4ri\u00e4, ruskea JJC67BR<\/p>\n","protected":false},"excerpt":{"rendered":"<p>SONGMICS korukotelo valaistuksella, peilikaappi LED-sis\u00e4valaistuksella, seisomapeili, kokovartalopeili, lahja, helppo asentaa, himmennett\u00e4v\u00e4, 3 valov\u00e4ri\u00e4, ruskea JJC67BR<\/p>\n","protected":false},"featured_media":40915,"comment_status":"open","ping_status":"closed","template":"","meta":[],"product_brand":[],"product_cat":[32],"product_tag":[],"class_list":{"0":"post-31846","1":"product","2":"type-product","3":"status-publish","4":"has-post-thumbnail","6":"product_cat-uncategorized-fi","8":"first","9":"instock","10":"shipping-taxable","11":"purchasable","12":"product-type-simple"},"_links":{"self":[{"href":"https:\/\/nordicmart.andreevmaster.com\/fi\/wp-json\/wp\/v2\/product\/31846","targetHints":{"allow":["GET"]}}],"collection":[{"href":"https:\/\/nordicmart.andreevmaster.com\/fi\/wp-json\/wp\/v2\/product"}],"about":[{"href":"https:\/\/nordicmart.andreevmaster.com\/fi\/wp-json\/wp\/v2\/types\/product"}],"replies":[{"embeddable":true,"href":"https:\/\/nordicmart.andreevmaster.com\/fi\/wp-json\/wp\/v2\/comments?post=31846"}],"wp:featuredmedia":[{"embeddable":true,"href":"https:\/\/nordicmart.andreevmaster.com\/fi\/wp-json\/wp\/v2\/media\/40915"}],"wp:attachment":[{"href":"https:\/\/nordicmart.andreevmaster.com\/fi\/wp-json\/wp\/v2\/media?parent=31846"}],"wp:term":[{"taxonomy":"product_brand","embeddable":true,"href":"https:\/\/nordicmart.andreevmaster.com\/fi\/wp-json\/wp\/v2\/product_brand?post=31846"},{"taxonomy":"product_cat","embeddable":true,"href":"https:\/\/nordicmart.andreevmaster.com\/fi\/wp-json\/wp\/v2\/product_cat?post=31846"},{"taxonomy":"product_tag","embeddable":true,"href":"https:\/\/nordicmart.andreevmaster.com\/fi\/wp-json\/wp\/v2\/product_tag?post=31846"}],"curies":[{"name":"wp","href":"https:\/\/api.w.org\/{rel}","templated":true}]}}