{"id":31843,"date":"2026-02-27T00:15:02","date_gmt":"2026-02-27T00:15:02","guid":{"rendered":"https:\/\/nordicmart.andreevmaster.com\/product\/songmics-korukaappi-korkeus-120-cm-valaistu-sisaspeili-tammipuunruskea\/"},"modified":"2026-02-27T09:37:22","modified_gmt":"2026-02-27T09:37:22","slug":"songmics-korukaappi-korkeus-120-cm-valaistu-sisaspeili-tammipuunruskea","status":"publish","type":"product","link":"https:\/\/nordicmart.andreevmaster.com\/fi\/tuote\/songmics-korukaappi-korkeus-120-cm-valaistu-sisaspeili-tammipuunruskea\/","title":{"rendered":"SONGMICS korukaappi, korkeus 120 cm, valaistu sis\u00e4speili, tammipuunruskea"},"content":{"rendered":"<p>SONGMICS korukaappi, ripustettava, lukittava peilikaappi, sein\u00e4kaappi peilill\u00e4 ja lukuisilla lokeroilla, sein\u00e4kiinnitys, ripustetaan oveen, ketjuille, korvakoruille, musta JJC093B01<br \/>\nV\u00e4ri: laakerinvihre\u00e4<br \/>\nMateriaali: MDF (keskitihe\u00e4 kuitulevy), sametti, lasi<br \/>\nKoko: 10 x 37 x 120 cm (S x L x K)<br \/>\nSis\u00e4peilin koko: 27,3 x 110 cm (L x K)<br \/>\nPaino: 9,3 kg<\/p>\n","protected":false},"excerpt":{"rendered":"<p>SONGMICS korukaappi, ripustettava, lukittava peilikaappi, sein\u00e4kaappi peilill\u00e4 ja lukuisilla lokeroilla, sein\u00e4kiinnitys, ripustetaan oveen, ketjuille, korvakoruille, musta JJC093B01<\/p>\n","protected":false},"featured_media":40912,"comment_status":"open","ping_status":"closed","template":"","meta":[],"product_brand":[],"product_cat":[32],"product_tag":[],"class_list":{"0":"post-31843","1":"product","2":"type-product","3":"status-publish","4":"has-post-thumbnail","6":"product_cat-uncategorized-fi","8":"first","9":"instock","10":"shipping-taxable","11":"purchasable","12":"product-type-simple"},"_links":{"self":[{"href":"https:\/\/nordicmart.andreevmaster.com\/fi\/wp-json\/wp\/v2\/product\/31843","targetHints":{"allow":["GET"]}}],"collection":[{"href":"https:\/\/nordicmart.andreevmaster.com\/fi\/wp-json\/wp\/v2\/product"}],"about":[{"href":"https:\/\/nordicmart.andreevmaster.com\/fi\/wp-json\/wp\/v2\/types\/product"}],"replies":[{"embeddable":true,"href":"https:\/\/nordicmart.andreevmaster.com\/fi\/wp-json\/wp\/v2\/comments?post=31843"}],"wp:featuredmedia":[{"embeddable":true,"href":"https:\/\/nordicmart.andreevmaster.com\/fi\/wp-json\/wp\/v2\/media\/40912"}],"wp:attachment":[{"href":"https:\/\/nordicmart.andreevmaster.com\/fi\/wp-json\/wp\/v2\/media?parent=31843"}],"wp:term":[{"taxonomy":"product_brand","embeddable":true,"href":"https:\/\/nordicmart.andreevmaster.com\/fi\/wp-json\/wp\/v2\/product_brand?post=31843"},{"taxonomy":"product_cat","embeddable":true,"href":"https:\/\/nordicmart.andreevmaster.com\/fi\/wp-json\/wp\/v2\/product_cat?post=31843"},{"taxonomy":"product_tag","embeddable":true,"href":"https:\/\/nordicmart.andreevmaster.com\/fi\/wp-json\/wp\/v2\/product_tag?post=31843"}],"curies":[{"name":"wp","href":"https:\/\/api.w.org\/{rel}","templated":true}]}}