{"id":31838,"date":"2026-02-27T00:15:01","date_gmt":"2026-02-27T00:15:01","guid":{"rendered":"https:\/\/nordicmart.andreevmaster.com\/product\/songmics-peilikaappi-pinta-valkoinen-sisaverhoilu-greige\/"},"modified":"2026-02-27T09:37:21","modified_gmt":"2026-02-27T09:37:21","slug":"songmics-peilikaappi-pinta-valkoinen-sisaverhoilu-greige","status":"publish","type":"product","link":"https:\/\/nordicmart.andreevmaster.com\/fi\/tuote\/songmics-peilikaappi-pinta-valkoinen-sisaverhoilu-greige\/","title":{"rendered":"SONGMICS peilikaappi Pinta valkoinen Sis\u00e4verhoilu greige"},"content":{"rendered":"<p>SONGMICS korukaappi, peilikaappi, ripustettava kaappi, lukittava sein\u00e4kaappi, tilaa s\u00e4\u00e4st\u00e4v\u00e4 korujen s\u00e4ilytysj\u00e4rjestelm\u00e4, vintage-ruskea JJC051K01<br \/>\n&#8211; V\u00e4ri: pinta valkoinen, sis\u00e4vuori greige<br \/>\n&#8211; Materiaali: MDF (keskitihe\u00e4 kuitulevy), lasipeili, samettivuori<br \/>\n&#8211; Koko: 10 x 37 x 67 cm (S x L x K)<br \/>\n&#8211; Paino: 5,4 kg<\/p>\n","protected":false},"excerpt":{"rendered":"<p>SONGMICS korukaappi, peilikaappi, ripustettava kaappi, lukittava sein\u00e4kaappi, tilaa s\u00e4\u00e4st\u00e4v\u00e4 korujen s\u00e4ilytysj\u00e4rjestelm\u00e4, vintage-ruskea JJC051K01<\/p>\n","protected":false},"featured_media":40907,"comment_status":"open","ping_status":"closed","template":"","meta":[],"product_brand":[],"product_cat":[32],"product_tag":[],"class_list":{"0":"post-31838","1":"product","2":"type-product","3":"status-publish","4":"has-post-thumbnail","6":"product_cat-uncategorized-fi","8":"first","9":"instock","10":"shipping-taxable","11":"purchasable","12":"product-type-simple"},"_links":{"self":[{"href":"https:\/\/nordicmart.andreevmaster.com\/fi\/wp-json\/wp\/v2\/product\/31838","targetHints":{"allow":["GET"]}}],"collection":[{"href":"https:\/\/nordicmart.andreevmaster.com\/fi\/wp-json\/wp\/v2\/product"}],"about":[{"href":"https:\/\/nordicmart.andreevmaster.com\/fi\/wp-json\/wp\/v2\/types\/product"}],"replies":[{"embeddable":true,"href":"https:\/\/nordicmart.andreevmaster.com\/fi\/wp-json\/wp\/v2\/comments?post=31838"}],"wp:featuredmedia":[{"embeddable":true,"href":"https:\/\/nordicmart.andreevmaster.com\/fi\/wp-json\/wp\/v2\/media\/40907"}],"wp:attachment":[{"href":"https:\/\/nordicmart.andreevmaster.com\/fi\/wp-json\/wp\/v2\/media?parent=31838"}],"wp:term":[{"taxonomy":"product_brand","embeddable":true,"href":"https:\/\/nordicmart.andreevmaster.com\/fi\/wp-json\/wp\/v2\/product_brand?post=31838"},{"taxonomy":"product_cat","embeddable":true,"href":"https:\/\/nordicmart.andreevmaster.com\/fi\/wp-json\/wp\/v2\/product_cat?post=31838"},{"taxonomy":"product_tag","embeddable":true,"href":"https:\/\/nordicmart.andreevmaster.com\/fi\/wp-json\/wp\/v2\/product_tag?post=31838"}],"curies":[{"name":"wp","href":"https:\/\/api.w.org\/{rel}","templated":true}]}}