{"id":31834,"date":"2026-02-27T00:15:00","date_gmt":"2026-02-27T00:15:00","guid":{"rendered":"https:\/\/nordicmart.andreevmaster.com\/product\/songmics-korujen-sailytyslaatikko-led-valaistuksella\/"},"modified":"2026-02-27T09:37:20","modified_gmt":"2026-02-27T09:37:20","slug":"songmics-korujen-sailytyslaatikko-led-valaistuksella","status":"publish","type":"product","link":"https:\/\/nordicmart.andreevmaster.com\/fi\/tuote\/songmics-korujen-sailytyslaatikko-led-valaistuksella\/","title":{"rendered":"SONGMICS korujen s\u00e4ilytyslaatikko LED-valaistuksella"},"content":{"rendered":"<p>SONGMICS korukotelo, peilikaappi, korujen s\u00e4ilytyslaatikko LED-valaistuksella, lukittava, sein\u00e4kaappi peilill\u00e4, korvakoruille, kaulakoruille<br \/>\nV\u00e4ri: pinta laakerinvihre\u00e4, sis\u00e4vuori kermanvalkoinen<br \/>\nMateriaali: MDF (keskitihe\u00e4 kuitulevy), samettiverhoilu, lasi<br \/>\nKoko: 10 x 42 x 108 cm (syvyys x leveys x korkeus)<br \/>\nPaino: 9,9 kg<\/p>\n","protected":false},"excerpt":{"rendered":"<p>SONGMICS korukotelo, peilikaappi, korujen s\u00e4ilytyslaatikko LED-valaistuksella, lukittava, sein\u00e4kaappi peilill\u00e4, korvakoruille, kaulakoruille<\/p>\n","protected":false},"featured_media":40903,"comment_status":"open","ping_status":"closed","template":"","meta":[],"product_brand":[],"product_cat":[32],"product_tag":[],"class_list":{"0":"post-31834","1":"product","2":"type-product","3":"status-publish","4":"has-post-thumbnail","6":"product_cat-uncategorized-fi","8":"first","9":"instock","10":"shipping-taxable","11":"purchasable","12":"product-type-simple"},"_links":{"self":[{"href":"https:\/\/nordicmart.andreevmaster.com\/fi\/wp-json\/wp\/v2\/product\/31834","targetHints":{"allow":["GET"]}}],"collection":[{"href":"https:\/\/nordicmart.andreevmaster.com\/fi\/wp-json\/wp\/v2\/product"}],"about":[{"href":"https:\/\/nordicmart.andreevmaster.com\/fi\/wp-json\/wp\/v2\/types\/product"}],"replies":[{"embeddable":true,"href":"https:\/\/nordicmart.andreevmaster.com\/fi\/wp-json\/wp\/v2\/comments?post=31834"}],"wp:featuredmedia":[{"embeddable":true,"href":"https:\/\/nordicmart.andreevmaster.com\/fi\/wp-json\/wp\/v2\/media\/40903"}],"wp:attachment":[{"href":"https:\/\/nordicmart.andreevmaster.com\/fi\/wp-json\/wp\/v2\/media?parent=31834"}],"wp:term":[{"taxonomy":"product_brand","embeddable":true,"href":"https:\/\/nordicmart.andreevmaster.com\/fi\/wp-json\/wp\/v2\/product_brand?post=31834"},{"taxonomy":"product_cat","embeddable":true,"href":"https:\/\/nordicmart.andreevmaster.com\/fi\/wp-json\/wp\/v2\/product_cat?post=31834"},{"taxonomy":"product_tag","embeddable":true,"href":"https:\/\/nordicmart.andreevmaster.com\/fi\/wp-json\/wp\/v2\/product_tag?post=31834"}],"curies":[{"name":"wp","href":"https:\/\/api.w.org\/{rel}","templated":true}]}}