{"id":31833,"date":"2026-02-27T00:15:00","date_gmt":"2026-02-27T00:15:00","guid":{"rendered":"https:\/\/nordicmart.andreevmaster.com\/product\/songmics-korukotelo-led-valaistuksella-ja-sisaspeeglilla-pilvinen-valkoinen\/"},"modified":"2026-02-27T09:37:20","modified_gmt":"2026-02-27T09:37:20","slug":"songmics-korukotelo-led-valaistuksella-ja-sisaspeeglilla-pilvinen-valkoinen","status":"publish","type":"product","link":"https:\/\/nordicmart.andreevmaster.com\/fi\/tuote\/songmics-korukotelo-led-valaistuksella-ja-sisaspeeglilla-pilvinen-valkoinen\/","title":{"rendered":"SONGMICS korukotelo LED-valaistuksella ja sis\u00e4speeglill\u00e4, pilvinen valkoinen"},"content":{"rendered":"<p>SONGMICS korukaappi, peilikaappi, korujen s\u00e4ilytyslaatikko LED-valaistuksella, lukittava, py\u00f6ristetyt kulmat, sis\u00e4peili, 10 x 42 x 108 cm, pilvinen valkoinen JJC020W01<br \/>\nV\u00e4ri: pilvinen valkoinen<br \/>\nMateriaali: MDF (keskitihe\u00e4 kuitulevy), samettiverhoilu, lasi<br \/>\nKoko: 10 x 42 x 108 cm (S x L x K)<br \/>\nPaino: 10,7 kg<\/p>\n","protected":false},"excerpt":{"rendered":"<p>SONGMICS korukaappi, peilikaappi, korujen s\u00e4ilytyslaatikko LED-valaistuksella, lukittava, py\u00f6ristetyt kulmat, sis\u00e4peili, 10 x 42 x 108 cm, pilvinen valkoinen JJC020W01<\/p>\n","protected":false},"featured_media":40902,"comment_status":"open","ping_status":"closed","template":"","meta":[],"product_brand":[],"product_cat":[32],"product_tag":[],"class_list":{"0":"post-31833","1":"product","2":"type-product","3":"status-publish","4":"has-post-thumbnail","6":"product_cat-uncategorized-fi","8":"first","9":"instock","10":"shipping-taxable","11":"purchasable","12":"product-type-simple"},"_links":{"self":[{"href":"https:\/\/nordicmart.andreevmaster.com\/fi\/wp-json\/wp\/v2\/product\/31833","targetHints":{"allow":["GET"]}}],"collection":[{"href":"https:\/\/nordicmart.andreevmaster.com\/fi\/wp-json\/wp\/v2\/product"}],"about":[{"href":"https:\/\/nordicmart.andreevmaster.com\/fi\/wp-json\/wp\/v2\/types\/product"}],"replies":[{"embeddable":true,"href":"https:\/\/nordicmart.andreevmaster.com\/fi\/wp-json\/wp\/v2\/comments?post=31833"}],"wp:featuredmedia":[{"embeddable":true,"href":"https:\/\/nordicmart.andreevmaster.com\/fi\/wp-json\/wp\/v2\/media\/40902"}],"wp:attachment":[{"href":"https:\/\/nordicmart.andreevmaster.com\/fi\/wp-json\/wp\/v2\/media?parent=31833"}],"wp:term":[{"taxonomy":"product_brand","embeddable":true,"href":"https:\/\/nordicmart.andreevmaster.com\/fi\/wp-json\/wp\/v2\/product_brand?post=31833"},{"taxonomy":"product_cat","embeddable":true,"href":"https:\/\/nordicmart.andreevmaster.com\/fi\/wp-json\/wp\/v2\/product_cat?post=31833"},{"taxonomy":"product_tag","embeddable":true,"href":"https:\/\/nordicmart.andreevmaster.com\/fi\/wp-json\/wp\/v2\/product_tag?post=31833"}],"curies":[{"name":"wp","href":"https:\/\/api.w.org\/{rel}","templated":true}]}}