{"id":31832,"date":"2026-02-27T00:15:00","date_gmt":"2026-02-27T00:15:00","guid":{"rendered":"https:\/\/nordicmart.andreevmaster.com\/product\/songmics-seinakaappi-kokovartalopeililla\/"},"modified":"2026-02-27T09:37:20","modified_gmt":"2026-02-27T09:37:20","slug":"songmics-seinakaappi-kokovartalopeililla","status":"publish","type":"product","link":"https:\/\/nordicmart.andreevmaster.com\/fi\/tuote\/songmics-seinakaappi-kokovartalopeililla\/","title":{"rendered":"SONGMICS sein\u00e4kaappi kokovartalopeilill\u00e4"},"content":{"rendered":"<p>SONGMICS korukaappi LED-valaistuksella, peilikaappi, korujen s\u00e4ilytysj\u00e4rjestelm\u00e4, sein\u00e4kaappi kokovartalopeilill\u00e4, 2 laatikkoa, sis\u00e4\u00e4nrakennettu meikkipeili, lukittava, valkoinen JJC013W01<br \/>\nV\u00e4ri: valkoinen<br \/>\nMateriaali: MDF (keskitihe\u00e4 kuitulevy), lasipeili, samettiverhoilu<br \/>\nKoko: 37,5 x 9,7 x 108 cm (P x L x K)<br \/>\nPeilin koko: 34,5 x 21 cm (P x L)<br \/>\nPaino: 9,9 kg<\/p>\n","protected":false},"excerpt":{"rendered":"<p>SONGMICS korukaappi LED-valaistuksella, peilikaappi, korujen s\u00e4ilytysj\u00e4rjestelm\u00e4, sein\u00e4kaappi kokovartalopeilill\u00e4, 2 laatikkoa, sis\u00e4\u00e4nrakennettu meikkipeili, lukittava, valkoinen JJC013W01<\/p>\n","protected":false},"featured_media":40901,"comment_status":"open","ping_status":"closed","template":"","meta":[],"product_brand":[],"product_cat":[32],"product_tag":[],"class_list":{"0":"post-31832","1":"product","2":"type-product","3":"status-publish","4":"has-post-thumbnail","6":"product_cat-uncategorized-fi","8":"first","9":"instock","10":"shipping-taxable","11":"purchasable","12":"product-type-simple"},"_links":{"self":[{"href":"https:\/\/nordicmart.andreevmaster.com\/fi\/wp-json\/wp\/v2\/product\/31832","targetHints":{"allow":["GET"]}}],"collection":[{"href":"https:\/\/nordicmart.andreevmaster.com\/fi\/wp-json\/wp\/v2\/product"}],"about":[{"href":"https:\/\/nordicmart.andreevmaster.com\/fi\/wp-json\/wp\/v2\/types\/product"}],"replies":[{"embeddable":true,"href":"https:\/\/nordicmart.andreevmaster.com\/fi\/wp-json\/wp\/v2\/comments?post=31832"}],"wp:featuredmedia":[{"embeddable":true,"href":"https:\/\/nordicmart.andreevmaster.com\/fi\/wp-json\/wp\/v2\/media\/40901"}],"wp:attachment":[{"href":"https:\/\/nordicmart.andreevmaster.com\/fi\/wp-json\/wp\/v2\/media?parent=31832"}],"wp:term":[{"taxonomy":"product_brand","embeddable":true,"href":"https:\/\/nordicmart.andreevmaster.com\/fi\/wp-json\/wp\/v2\/product_brand?post=31832"},{"taxonomy":"product_cat","embeddable":true,"href":"https:\/\/nordicmart.andreevmaster.com\/fi\/wp-json\/wp\/v2\/product_cat?post=31832"},{"taxonomy":"product_tag","embeddable":true,"href":"https:\/\/nordicmart.andreevmaster.com\/fi\/wp-json\/wp\/v2\/product_tag?post=31832"}],"curies":[{"name":"wp","href":"https:\/\/api.w.org\/{rel}","templated":true}]}}