{"id":31828,"date":"2026-02-27T00:14:59","date_gmt":"2026-02-27T00:14:59","guid":{"rendered":"https:\/\/nordicmart.andreevmaster.com\/product\/songmics-korukaappi-kehyksettomalla-kokovartalopeililla\/"},"modified":"2026-02-27T09:37:19","modified_gmt":"2026-02-27T09:37:19","slug":"songmics-korukaappi-kehyksettomalla-kokovartalopeililla","status":"publish","type":"product","link":"https:\/\/nordicmart.andreevmaster.com\/fi\/tuote\/songmics-korukaappi-kehyksettomalla-kokovartalopeililla\/","title":{"rendered":"SONGMICS korukaappi kehyksett\u00f6m\u00e4ll\u00e4 kokovartalopeilill\u00e4"},"content":{"rendered":"<p>SONGMICS peilikaappi, korukaappi peilill\u00e4, LED-sis\u00e4valaistus, kehykset\u00f6n kokovartalopeili, 3 hylly\u00e4, 360\u00b0 k\u00e4\u00e4ntyv\u00e4, lukittava, valkoinen puukuviolla JJC007W01<br \/>\nV\u00e4ri: pinta valkoinen, sis\u00e4vuori harmaa<br \/>\nMateriaali: MDF (keskitihe\u00e4 kuitulevy), ter\u00e4s, sametti, lasi<br \/>\nKokonaismitat: 54,5 x 54,5 x 162 cm (S x L x K)<br \/>\nKaapin koko: 9,4 x 37 x 155 cm (S x L x K)<br \/>\nSis\u00e4peilin koko: 34,5 x 24 cm (L x K)<br \/>\nPaino: 22,8 kg<\/p>\n","protected":false},"excerpt":{"rendered":"<p>SONGMICS peilikaappi, korukaappi peilill\u00e4, LED-sis\u00e4valaistus, kehykset\u00f6n kokovartalopeili, 3 hylly\u00e4, 360\u00b0 k\u00e4\u00e4ntyv\u00e4, lukittava, valkoinen puukuviolla JJC007W01<\/p>\n","protected":false},"featured_media":40897,"comment_status":"open","ping_status":"closed","template":"","meta":[],"product_brand":[],"product_cat":[32],"product_tag":[],"class_list":{"0":"post-31828","1":"product","2":"type-product","3":"status-publish","4":"has-post-thumbnail","6":"product_cat-uncategorized-fi","8":"first","9":"instock","10":"shipping-taxable","11":"purchasable","12":"product-type-simple"},"_links":{"self":[{"href":"https:\/\/nordicmart.andreevmaster.com\/fi\/wp-json\/wp\/v2\/product\/31828","targetHints":{"allow":["GET"]}}],"collection":[{"href":"https:\/\/nordicmart.andreevmaster.com\/fi\/wp-json\/wp\/v2\/product"}],"about":[{"href":"https:\/\/nordicmart.andreevmaster.com\/fi\/wp-json\/wp\/v2\/types\/product"}],"replies":[{"embeddable":true,"href":"https:\/\/nordicmart.andreevmaster.com\/fi\/wp-json\/wp\/v2\/comments?post=31828"}],"wp:featuredmedia":[{"embeddable":true,"href":"https:\/\/nordicmart.andreevmaster.com\/fi\/wp-json\/wp\/v2\/media\/40897"}],"wp:attachment":[{"href":"https:\/\/nordicmart.andreevmaster.com\/fi\/wp-json\/wp\/v2\/media?parent=31828"}],"wp:term":[{"taxonomy":"product_brand","embeddable":true,"href":"https:\/\/nordicmart.andreevmaster.com\/fi\/wp-json\/wp\/v2\/product_brand?post=31828"},{"taxonomy":"product_cat","embeddable":true,"href":"https:\/\/nordicmart.andreevmaster.com\/fi\/wp-json\/wp\/v2\/product_cat?post=31828"},{"taxonomy":"product_tag","embeddable":true,"href":"https:\/\/nordicmart.andreevmaster.com\/fi\/wp-json\/wp\/v2\/product_tag?post=31828"}],"curies":[{"name":"wp","href":"https:\/\/api.w.org\/{rel}","templated":true}]}}