{"id":31827,"date":"2026-02-27T00:14:59","date_gmt":"2026-02-27T00:14:59","guid":{"rendered":"https:\/\/nordicmart.andreevmaster.com\/product\/songmics-korukotelo-peililla\/"},"modified":"2026-02-27T09:37:19","modified_gmt":"2026-02-27T09:37:19","slug":"songmics-korukotelo-peililla","status":"publish","type":"product","link":"https:\/\/nordicmart.andreevmaster.com\/fi\/tuote\/songmics-korukotelo-peililla\/","title":{"rendered":"SONGMICS korukotelo peilill\u00e4"},"content":{"rendered":"<p>360\u00b0 k\u00e4\u00e4ntyv\u00e4 kaappi: T\u00e4m\u00e4 peilikaappi k\u00e4\u00e4ntyy 360 astetta, joten p\u00e4\u00e4set helposti k\u00e4siksi tavaroihisi takana olevilta 3 hyllylt\u00e4, ja kun et k\u00e4yt\u00e4 niit\u00e4, voit piilottaa kaiken hyvin. Niin joustava! Kuka ei haluaisi t\u00e4llaista kaunista ja k\u00e4yt\u00e4nn\u00f6llist\u00e4 kaappia? Helppo asennus: T\u00e4m\u00e4 korukaappi toimitetaan sinulle esiasennettuna. Sinun tarvitsee vain kiinnitt\u00e4\u00e4 jalusta ja takana olevat hyllyt! Seuraa selkeit\u00e4 ohjeita, niin saat sen koottua muutamassa minuutissa. Sulje aarteesi lukkojen taakse: Jos haluat s\u00e4ilytt\u00e4\u00e4 arvoesineesi turvallisesti, t\u00e4m\u00e4 korukaappi on juuri sinulle sopiva. Kahdella avaimella varustettu kaappi suojaa arvokkaita esineit\u00e4si vieraiden k\u00e4silt\u00e4. Tuotetiedot:- V\u00e4ri: valkoinen puukuviolla &#8211; Materiaali: MDF (keskitihe\u00e4 kuitulevy), ter\u00e4s, sametti, lasi &#8211; Kokonaismitat: 54,5 x 54,5 x 162 cm (P x L x K) &#8211; Kaapin mitat: 37 x 9,4 x 155 cm (P x L x K) &#8211; Sis\u00e4peilin mitat: 35,5 x 24 cm (P x L) &#8211; Paino: 22,8 kg Toimitus sis\u00e4lt\u00e4\u00e4: &#8211; 1 x korukaappi &#8211; 2 x avain &#8211; 1 x lis\u00e4varustepaketti &#8211; 1 x ohjeet SONGMICSin huomautukset: &#8211; Turvallisuussyist\u00e4 lapset eiv\u00e4t saa kiivet\u00e4 tuotteen p\u00e4\u00e4lle tai leikki\u00e4 sill\u00e4.<\/p>\n","protected":false},"excerpt":{"rendered":"<p>SONGMICS peilikaappi, korukaappi peilill\u00e4, LED-sis\u00e4valaistus, kehykset\u00f6n kokovartalopeili, 3 hylly\u00e4, 360\u00b0 k\u00e4\u00e4ntyv\u00e4, lukittava, valkoinen puukuviolla JJC007W01<\/p>\n","protected":false},"featured_media":40896,"comment_status":"open","ping_status":"closed","template":"","meta":[],"product_brand":[],"product_cat":[32],"product_tag":[],"class_list":{"0":"post-31827","1":"product","2":"type-product","3":"status-publish","4":"has-post-thumbnail","6":"product_cat-uncategorized-fi","8":"first","9":"instock","10":"shipping-taxable","11":"purchasable","12":"product-type-simple"},"_links":{"self":[{"href":"https:\/\/nordicmart.andreevmaster.com\/fi\/wp-json\/wp\/v2\/product\/31827","targetHints":{"allow":["GET"]}}],"collection":[{"href":"https:\/\/nordicmart.andreevmaster.com\/fi\/wp-json\/wp\/v2\/product"}],"about":[{"href":"https:\/\/nordicmart.andreevmaster.com\/fi\/wp-json\/wp\/v2\/types\/product"}],"replies":[{"embeddable":true,"href":"https:\/\/nordicmart.andreevmaster.com\/fi\/wp-json\/wp\/v2\/comments?post=31827"}],"wp:featuredmedia":[{"embeddable":true,"href":"https:\/\/nordicmart.andreevmaster.com\/fi\/wp-json\/wp\/v2\/media\/40896"}],"wp:attachment":[{"href":"https:\/\/nordicmart.andreevmaster.com\/fi\/wp-json\/wp\/v2\/media?parent=31827"}],"wp:term":[{"taxonomy":"product_brand","embeddable":true,"href":"https:\/\/nordicmart.andreevmaster.com\/fi\/wp-json\/wp\/v2\/product_brand?post=31827"},{"taxonomy":"product_cat","embeddable":true,"href":"https:\/\/nordicmart.andreevmaster.com\/fi\/wp-json\/wp\/v2\/product_cat?post=31827"},{"taxonomy":"product_tag","embeddable":true,"href":"https:\/\/nordicmart.andreevmaster.com\/fi\/wp-json\/wp\/v2\/product_tag?post=31827"}],"curies":[{"name":"wp","href":"https:\/\/api.w.org\/{rel}","templated":true}]}}