{"id":31826,"date":"2026-02-27T00:14:58","date_gmt":"2026-02-27T00:14:58","guid":{"rendered":"https:\/\/nordicmart.andreevmaster.com\/product\/songmics-korukaappi-jossa-on-kokovartalopeili-ja-3-hyllya\/"},"modified":"2026-02-27T09:37:19","modified_gmt":"2026-02-27T09:37:19","slug":"songmics-korukaappi-jossa-on-kokovartalopeili-ja-3-hyllya","status":"publish","type":"product","link":"https:\/\/nordicmart.andreevmaster.com\/fi\/tuote\/songmics-korukaappi-jossa-on-kokovartalopeili-ja-3-hyllya\/","title":{"rendered":"SONGMICS korukaappi, jossa on kokovartalopeili ja 3 hylly\u00e4"},"content":{"rendered":"<p>SONGMICS peilikaappi, korukaappi peilill\u00e4, LED-sis\u00e4valaistus, kehykset\u00f6n kokovartalopeili, 3 hylly\u00e4, 360\u00b0 k\u00e4\u00e4ntyv\u00e4, lukittava, valkoinen puukuviolla JJC007W01<\/p>\n","protected":false},"excerpt":{"rendered":"<p>SONGMICS peilikaappi, korukaappi peilill\u00e4, LED-sis\u00e4valaistus, kehykset\u00f6n kokovartalopeili, 3 hylly\u00e4, 360\u00b0 k\u00e4\u00e4ntyv\u00e4, lukittava, valkoinen puukuviolla JJC007W01<\/p>\n","protected":false},"featured_media":40895,"comment_status":"open","ping_status":"closed","template":"","meta":[],"product_brand":[],"product_cat":[32],"product_tag":[],"class_list":{"0":"post-31826","1":"product","2":"type-product","3":"status-publish","4":"has-post-thumbnail","6":"product_cat-uncategorized-fi","8":"first","9":"instock","10":"shipping-taxable","11":"purchasable","12":"product-type-simple"},"_links":{"self":[{"href":"https:\/\/nordicmart.andreevmaster.com\/fi\/wp-json\/wp\/v2\/product\/31826","targetHints":{"allow":["GET"]}}],"collection":[{"href":"https:\/\/nordicmart.andreevmaster.com\/fi\/wp-json\/wp\/v2\/product"}],"about":[{"href":"https:\/\/nordicmart.andreevmaster.com\/fi\/wp-json\/wp\/v2\/types\/product"}],"replies":[{"embeddable":true,"href":"https:\/\/nordicmart.andreevmaster.com\/fi\/wp-json\/wp\/v2\/comments?post=31826"}],"wp:featuredmedia":[{"embeddable":true,"href":"https:\/\/nordicmart.andreevmaster.com\/fi\/wp-json\/wp\/v2\/media\/40895"}],"wp:attachment":[{"href":"https:\/\/nordicmart.andreevmaster.com\/fi\/wp-json\/wp\/v2\/media?parent=31826"}],"wp:term":[{"taxonomy":"product_brand","embeddable":true,"href":"https:\/\/nordicmart.andreevmaster.com\/fi\/wp-json\/wp\/v2\/product_brand?post=31826"},{"taxonomy":"product_cat","embeddable":true,"href":"https:\/\/nordicmart.andreevmaster.com\/fi\/wp-json\/wp\/v2\/product_cat?post=31826"},{"taxonomy":"product_tag","embeddable":true,"href":"https:\/\/nordicmart.andreevmaster.com\/fi\/wp-json\/wp\/v2\/product_tag?post=31826"}],"curies":[{"name":"wp","href":"https:\/\/api.w.org\/{rel}","templated":true}]}}