{"id":31825,"date":"2026-02-27T00:14:58","date_gmt":"2026-02-27T00:14:58","guid":{"rendered":"https:\/\/nordicmart.andreevmaster.com\/product\/songmics-korukaappi-vintage-ruskea-musta\/"},"modified":"2026-02-27T09:37:19","modified_gmt":"2026-02-27T09:37:19","slug":"songmics-korukaappi-vintage-ruskea-musta","status":"publish","type":"product","link":"https:\/\/nordicmart.andreevmaster.com\/fi\/tuote\/songmics-korukaappi-vintage-ruskea-musta\/","title":{"rendered":"SONGMICS korukaappi vintage-ruskea-musta"},"content":{"rendered":"<p>Sano hyv\u00e4stit kaaokselle Tilava kaappi, kokovartalopeili, hylly ja laatikko \u2013 s\u00e4ilyt\u00e4 kaikki tarvitsemasi t\u00e4ss\u00e4 toimivassa kaapissa ja s\u00e4\u00e4st\u00e4 aikaa ja tilaa. T\u00e4m\u00e4n huonekalun tilavan ja fiksun rakenteen ansiosta voit j\u00e4rjestell\u00e4 tavarasi kuin ammattilainen.  S\u00e4ilytystilaa, kest\u00e4vyytt\u00e4 ja tyyli\u00e4 \u2013 arvostamme kaikkia n\u00e4it\u00e4 tekij\u00f6it\u00e4 t\u00e4ss\u00e4 korukaapissa: &#8211; Valmistettu korkealaatuisesta puumateriaalista, joka takaa hyv\u00e4n kest\u00e4vyyden p\u00e4ivitt\u00e4isess\u00e4 k\u00e4yt\u00f6ss\u00e4 &#8211; Useita lokeroita, koukkuja, reiki\u00e4 ja paikkoja erilaisten asusteiden s\u00e4ilytt\u00e4miseen &#8211; Yksinkertainen mutta tyylik\u00e4s muotoilu, joka tuo huoneeseesi l\u00e4mp\u00f6\u00e4 ja charmia &#8211; Lahjoita t\u00e4m\u00e4 tyylik\u00e4s korukaappi rakkaillesi ja tuo iloa heid\u00e4n kasvoilleen Tuotetiedot:- V\u00e4ri: vintage-ruskea-musta &#8211; Materiaali: MDF (keskitihe\u00e4 kuitulevy), metalli, lasipeili, kuitukankaasta valmistettu laatikko MDF-etupuolella &#8211; Kokonaismitat: 41,5 x 37 x 152,5 cm (P x L x K) &#8211; Kaapin rungon mitat: 37 x 10,5 x 108,5 cm (P x L x K) &#8211; Paino: 14,2 kg Toimitus sis\u00e4lt\u00e4\u00e4: &#8211; 1 x korukaappi &#8211; 1 x lis\u00e4varustepaketti &#8211; 1 x kaatumissuoja &#8211; 1 x ohjeet (DE, EN, FR, ES, IT) SONGMICS Huomautukset:- \u00c4l\u00e4 altista tuotetta voimakkaalle auringonvalolle pitk\u00e4ksi aikaa. &#8211; Sijoita tuote kuivaan paikkaan. &#8211; Turvallisuussyist\u00e4 lapset eiv\u00e4t saa kiivet\u00e4 tuotteen p\u00e4\u00e4lle tai leikki\u00e4 sill\u00e4.<\/p>\n","protected":false},"excerpt":{"rendered":"<p>SONGMICS korukotelo, kokovartalopeili, peilikaappi, lukittava korujen s\u00e4ilytyslaatikko, rullat, lahjaidea, valkoinen JJC004W02<\/p>\n","protected":false},"featured_media":40894,"comment_status":"open","ping_status":"closed","template":"","meta":[],"product_brand":[],"product_cat":[32],"product_tag":[],"class_list":{"0":"post-31825","1":"product","2":"type-product","3":"status-publish","4":"has-post-thumbnail","6":"product_cat-uncategorized-fi","8":"first","9":"instock","10":"shipping-taxable","11":"purchasable","12":"product-type-simple"},"_links":{"self":[{"href":"https:\/\/nordicmart.andreevmaster.com\/fi\/wp-json\/wp\/v2\/product\/31825","targetHints":{"allow":["GET"]}}],"collection":[{"href":"https:\/\/nordicmart.andreevmaster.com\/fi\/wp-json\/wp\/v2\/product"}],"about":[{"href":"https:\/\/nordicmart.andreevmaster.com\/fi\/wp-json\/wp\/v2\/types\/product"}],"replies":[{"embeddable":true,"href":"https:\/\/nordicmart.andreevmaster.com\/fi\/wp-json\/wp\/v2\/comments?post=31825"}],"wp:featuredmedia":[{"embeddable":true,"href":"https:\/\/nordicmart.andreevmaster.com\/fi\/wp-json\/wp\/v2\/media\/40894"}],"wp:attachment":[{"href":"https:\/\/nordicmart.andreevmaster.com\/fi\/wp-json\/wp\/v2\/media?parent=31825"}],"wp:term":[{"taxonomy":"product_brand","embeddable":true,"href":"https:\/\/nordicmart.andreevmaster.com\/fi\/wp-json\/wp\/v2\/product_brand?post=31825"},{"taxonomy":"product_cat","embeddable":true,"href":"https:\/\/nordicmart.andreevmaster.com\/fi\/wp-json\/wp\/v2\/product_cat?post=31825"},{"taxonomy":"product_tag","embeddable":true,"href":"https:\/\/nordicmart.andreevmaster.com\/fi\/wp-json\/wp\/v2\/product_tag?post=31825"}],"curies":[{"name":"wp","href":"https:\/\/api.w.org\/{rel}","templated":true}]}}