{"id":31821,"date":"2026-02-27T00:14:57","date_gmt":"2026-02-27T00:14:57","guid":{"rendered":"https:\/\/nordicmart.andreevmaster.com\/product\/songmics-korulaatikko-ripustettava-ruskea\/"},"modified":"2026-02-27T09:37:18","modified_gmt":"2026-02-27T09:37:18","slug":"songmics-korulaatikko-ripustettava-ruskea","status":"publish","type":"product","link":"https:\/\/nordicmart.andreevmaster.com\/fi\/tuote\/songmics-korulaatikko-ripustettava-ruskea\/","title":{"rendered":"SONGMICS korulaatikko, ripustettava, ruskea"},"content":{"rendered":"<p>T\u00e4ydellinen tyyli ulos kotoa Oletko jo valinnut asusi, mutta siit\u00e4 puuttuu viel\u00e4 se jokin? Avaa vain t\u00e4m\u00e4n korulaatikon ovi ja l\u00f6yd\u00e4 viimeistelev\u00e4 silaus tyyliisi! Kultaiset korvakorut ja suloinen kukkainen rannekoru sopisivat t\u00e4ydellisesti mekkoosi, eik\u00f6 vain? Hetkinen! \u00c4l\u00e4 unohda, ett\u00e4 my\u00f6s meikkisi ovat t\u00e4ss\u00e4 korulaatikossa. Viimeistele siis lookisi oikeilla koruilla ja meikill\u00e4 ja ihaile lopputulosta k\u00e4yt\u00e4nn\u00f6llisess\u00e4 kokovartalopeiliss\u00e4! Paikka, jossa korusi ovat turvassa \u00c4l\u00e4 j\u00e4t\u00e4 korujasi ja meikki\u00e4si pimeisiin laatikoihin! T\u00e4ss\u00e4 peilikaapissa voit s\u00e4ilytt\u00e4\u00e4 aarteitasi kuin vitriiniss\u00e4 ja suojata niit\u00e4 p\u00f6lylt\u00e4 ja varkailta lukon ja kahden avaimen avulla. Helminauhat, rannekorut, korvakorut ja meikkitarvikkeet viihtyv\u00e4t heti t\u00e4ss\u00e4 hienostuneessa korukaapissa! Tuotetiedot: &#8211; V\u00e4ri: ruskea &#8211; Materiaali: MDF (keskitihe\u00e4 kuitulevy) &#8211; Koko: 37,5 x 9,7 x 108 cm (P x L x K) &#8211; Paino: 9 kg Toimitus sis\u00e4lt\u00e4\u00e4:- 1 x korukaappi &#8211; 2 x avain &#8211; 1 x lis\u00e4varustepaketti &#8211; 1 x ohjeet (DE, EN, FR, ES, IT) SONGMICS-ohjeet: &#8211; Turvallisuussyist\u00e4 lapset eiv\u00e4t saa kiivet\u00e4 tuotteen p\u00e4\u00e4lle tai leikki\u00e4 sill\u00e4.<\/p>\n","protected":false},"excerpt":{"rendered":"<p>SONGMICS korukaappi, ripustettava, lukittava peilikaappi, sein\u00e4kaappi, jossa kehykset\u00f6n kokovartalopeili ja 2 erillist\u00e4 meikkij\u00e4rjest\u00e4j\u00e4\u00e4, kaulakoruille, korvakoruille, ruskea JJC001K01<\/p>\n","protected":false},"featured_media":40890,"comment_status":"open","ping_status":"closed","template":"","meta":[],"product_brand":[],"product_cat":[32],"product_tag":[],"class_list":{"0":"post-31821","1":"product","2":"type-product","3":"status-publish","4":"has-post-thumbnail","6":"product_cat-uncategorized-fi","8":"first","9":"instock","10":"shipping-taxable","11":"purchasable","12":"product-type-simple"},"_links":{"self":[{"href":"https:\/\/nordicmart.andreevmaster.com\/fi\/wp-json\/wp\/v2\/product\/31821","targetHints":{"allow":["GET"]}}],"collection":[{"href":"https:\/\/nordicmart.andreevmaster.com\/fi\/wp-json\/wp\/v2\/product"}],"about":[{"href":"https:\/\/nordicmart.andreevmaster.com\/fi\/wp-json\/wp\/v2\/types\/product"}],"replies":[{"embeddable":true,"href":"https:\/\/nordicmart.andreevmaster.com\/fi\/wp-json\/wp\/v2\/comments?post=31821"}],"wp:featuredmedia":[{"embeddable":true,"href":"https:\/\/nordicmart.andreevmaster.com\/fi\/wp-json\/wp\/v2\/media\/40890"}],"wp:attachment":[{"href":"https:\/\/nordicmart.andreevmaster.com\/fi\/wp-json\/wp\/v2\/media?parent=31821"}],"wp:term":[{"taxonomy":"product_brand","embeddable":true,"href":"https:\/\/nordicmart.andreevmaster.com\/fi\/wp-json\/wp\/v2\/product_brand?post=31821"},{"taxonomy":"product_cat","embeddable":true,"href":"https:\/\/nordicmart.andreevmaster.com\/fi\/wp-json\/wp\/v2\/product_cat?post=31821"},{"taxonomy":"product_tag","embeddable":true,"href":"https:\/\/nordicmart.andreevmaster.com\/fi\/wp-json\/wp\/v2\/product_tag?post=31821"}],"curies":[{"name":"wp","href":"https:\/\/api.w.org\/{rel}","templated":true}]}}