{"id":31820,"date":"2026-02-27T00:14:57","date_gmt":"2026-02-27T00:14:57","guid":{"rendered":"https:\/\/nordicmart.andreevmaster.com\/product\/songmics-kosmetiikkalaukku-matkalaukku-4-in-1-meikkilaukku\/"},"modified":"2026-02-27T09:37:18","modified_gmt":"2026-02-27T09:37:18","slug":"songmics-kosmetiikkalaukku-matkalaukku-4-in-1-meikkilaukku","status":"publish","type":"product","link":"https:\/\/nordicmart.andreevmaster.com\/fi\/tuote\/songmics-kosmetiikkalaukku-matkalaukku-4-in-1-meikkilaukku\/","title":{"rendered":"SONGMICS kosmetiikkalaukku, matkalaukku, 4-in-1 meikkilaukku"},"content":{"rendered":"<p>Oletko jo viett\u00e4nyt paljon aikaa sopivan meikkilaukun etsimiseen? Sitten etsint\u00e4si on nyt ohi! SONGMICS:n kosmetiikkalaukku on nimitt\u00e4in meikkien j\u00e4rjest\u00e4misen mestari: pienet tarvikkeet, kuten huulipunat tai luomiv\u00e4rit, mahtuvat nelj\u00e4\u00e4n ulosvedett\u00e4v\u00e4\u00e4n lokeroon. Alaosan tilava laatikko sopii erinomaisesti suurille esineille, kuten UV-kynsilakkalampulle, hiustenkuivaajalle jne. Saat tarvitsemasi esineet nopeasti k\u00e4siisi milloin tahansa!&#8230; kest\u00e4\u00e4 useita vuosia: musta ABS-kovakuori, tyylikk\u00e4\u00e4t alumiinilistat ja metallikulmat ovat tukevia ja kest\u00e4vi\u00e4 ja suojaavat kotelon sis\u00e4lt\u00f6\u00e4 iskuilta&#8230;. on t\u00e4ydellinen lahjaidea: Kotelo sopii erinomaisesti lahjaksi kaikille rakkaille yst\u00e4ville, joilla on paljon meikkej\u00e4, olivatpa he sitten meikkien yst\u00e4vi\u00e4 tai ammattimaisia meikkitaiteilijoita. Kun he saavat t\u00e4m\u00e4n lahjan syntym\u00e4p\u00e4iv\u00e4n\u00e4\u00e4n, he varmasti s\u00e4teilev\u00e4t onnesta. Aloita matkanne maagiseen kosmetiikan ja kauneuden maailmaan t\u00e4ll\u00e4 kosmetiikkakotelolla! Tuotetiedot:V\u00e4ri: musta Materiaali: alumiinilistat, MDF, polyesterikangas Koko: Kokonaiskoko (py\u00f6rill\u00e4): 35 x 25 x 82,5 cm (P x L x K) Kokonaiskoko (ilman py\u00f6ri\u00e4): 35 x 25 x 74,5 cm (P x L x K)Ensimm\u00e4isen tason (pienen matkalaukun) koko: 35 x 25 x 22,5 cm (P x L x K)Pienen matkalaukun alaosan lokeron koko: 33,5 x 23,5 x 10,3 cm (P x L x K)Ulosvedett\u00e4v\u00e4n lokeron (4 kpl) sis\u00e4koko: 22 x 15,1 x 3 cm (P x L x K)Toisen tason koko: 35 x 25 x 11 cm (P x L x K)Toisen tason sis\u00e4koko: 33,5 x 23,5 x 10,3 cm (P x L x K)Kolmannen tason koko: 35 x 25 x 11 cm (P x L x K) Kolmannen tason sis\u00e4mitat: 33,5 x 23,5 x 10,3 cm (P x L x K) Nelj\u00e4nnen tason (avoimen laatikon) mitat: 35 x 25 x 30 cm (P x L x K) Nelj\u00e4nnen tason sis\u00e4mitat: 33,5 x 23,5 x 29,8 cm (P x L x K)Nelj\u00e4nnen tason sis\u00e4osan koko: 33,2 x 21 x 7,5 cm (P x L x K)Nelj\u00e4nnen tason sis\u00e4osan koko: 31,5 x 19,7 x 17,3 cm (P x L x K) Paino: 7,4 kg Toimitus sis\u00e4lt\u00e4\u00e4: 1 x meikkilaukku 4 x yleispy\u00f6r\u00e4 4 x avain SONGMICS Huomautukset: Tuote voi valmistusprosessin vuoksi poiketa hieman (alle millimetrin) ilmoittamistamme mitoista.Tarkista tuotteen mitat (kokonaismitat ja sis\u00e4mitat) ennen ostamista. Tuote saattaa tuoksua hieman avattaessa. Siirr\u00e4 tuote t\u00e4ll\u00f6in viile\u00e4\u00e4n, hyvin ilmastoituun tilaan ennen k\u00e4ytt\u00f6\u00e4.<\/p>\n","protected":false},"excerpt":{"rendered":"<p>SONGMICS kosmetiikkalaukku, ammattimainen meikkilaukku, 4-in-1-meikkilaukku matkoille, iso rullalaukku kampaajille, lukittava, 360\u00b0 k\u00e4\u00e4ntyvill\u00e4 universaalipy\u00f6rill\u00e4, musta JHZ11BK<\/p>\n","protected":false},"featured_media":40889,"comment_status":"open","ping_status":"closed","template":"","meta":[],"product_brand":[],"product_cat":[32],"product_tag":[],"class_list":{"0":"post-31820","1":"product","2":"type-product","3":"status-publish","4":"has-post-thumbnail","6":"product_cat-uncategorized-fi","8":"first","9":"instock","10":"shipping-taxable","11":"purchasable","12":"product-type-simple"},"_links":{"self":[{"href":"https:\/\/nordicmart.andreevmaster.com\/fi\/wp-json\/wp\/v2\/product\/31820","targetHints":{"allow":["GET"]}}],"collection":[{"href":"https:\/\/nordicmart.andreevmaster.com\/fi\/wp-json\/wp\/v2\/product"}],"about":[{"href":"https:\/\/nordicmart.andreevmaster.com\/fi\/wp-json\/wp\/v2\/types\/product"}],"replies":[{"embeddable":true,"href":"https:\/\/nordicmart.andreevmaster.com\/fi\/wp-json\/wp\/v2\/comments?post=31820"}],"wp:featuredmedia":[{"embeddable":true,"href":"https:\/\/nordicmart.andreevmaster.com\/fi\/wp-json\/wp\/v2\/media\/40889"}],"wp:attachment":[{"href":"https:\/\/nordicmart.andreevmaster.com\/fi\/wp-json\/wp\/v2\/media?parent=31820"}],"wp:term":[{"taxonomy":"product_brand","embeddable":true,"href":"https:\/\/nordicmart.andreevmaster.com\/fi\/wp-json\/wp\/v2\/product_brand?post=31820"},{"taxonomy":"product_cat","embeddable":true,"href":"https:\/\/nordicmart.andreevmaster.com\/fi\/wp-json\/wp\/v2\/product_cat?post=31820"},{"taxonomy":"product_tag","embeddable":true,"href":"https:\/\/nordicmart.andreevmaster.com\/fi\/wp-json\/wp\/v2\/product_tag?post=31820"}],"curies":[{"name":"wp","href":"https:\/\/api.w.org\/{rel}","templated":true}]}}