{"id":31815,"date":"2026-02-27T00:14:56","date_gmt":"2026-02-27T00:14:56","guid":{"rendered":"https:\/\/nordicmart.andreevmaster.com\/product\/songmics-kosmetiikkalaukku-2-laatikkoa-kirkkaanpunainen\/"},"modified":"2026-02-27T09:37:17","modified_gmt":"2026-02-27T09:37:17","slug":"songmics-kosmetiikkalaukku-2-laatikkoa-kirkkaanpunainen","status":"publish","type":"product","link":"https:\/\/nordicmart.andreevmaster.com\/fi\/tuote\/songmics-kosmetiikkalaukku-2-laatikkoa-kirkkaanpunainen\/","title":{"rendered":"SONGMICS kosmetiikkalaukku 2 laatikkoa kirkkaanpunainen"},"content":{"rendered":"<p>Jos haluat ostaa k\u00e4yt\u00e4nn\u00f6llisen kosmetiikkalaukun, erityisesti matkoille, jotta voit siivota sekavat meikkitarvikkeesi, t\u00e4m\u00e4 SONGMICS-matkalaukku tulee varmasti miellytt\u00e4m\u00e4\u00e4n sinua. T\u00e4ss\u00e4 laukussa toiminnallisuus ja esteettisyys kohtaavat ja sopivat yhteen t\u00e4ydellisesti. Tavallisiin laukuihin verrattuna t\u00e4m\u00e4 laukku erottuu 3 yl\u00e4osasta, 2 liukukiskoilla varustetusta laatikosta ja 4 irrotettavasta universaalirullasta.   Huolellisesti suunnitellut yksityiskohdat  3 yl\u00e4osan pohja on muovia, joten se on helppo puhdistaa. Vahvistettu kuusikulmainen teleskooppikahva ja vahvistetut alumiiniset reunat ja kulmat takaavat pitk\u00e4n k\u00e4ytt\u00f6i\u00e4n. Kest\u00e4v\u00e4 saranat est\u00e4v\u00e4t kannen kaatumisen avattaessa. Kaareva ABS-kantokahva tuntuu mukavalta kantaa.  Yleisk\u00e4ytt\u00f6inen matkalaukku  Ihanteellinen meikkien, hiuskoristeiden ja kynsitarvikkeiden kuljettamiseen. V\u00e4ltt\u00e4m\u00e4t\u00f6n apulainen muotikonkeille, kynsisuunnittelijoille, meikkitaiteilijoille, kampaajille, kosmetologeille jne. On aika vaihtaa vanha meikkilaukku. T\u00e4m\u00e4n meikkilaukun avulla voit pakata kaikki meikkisi hetkess\u00e4. Nopea p\u00e4\u00e4sy tarvitsemiisi tavaroihin helpottaa p\u00e4ivitt\u00e4ist\u00e4 meikkirutiiniasi, my\u00f6s matkoilla. Lahjoita rakkaillesi SONGMICS-kosmetiikkalaukku, jotta he voivat toteuttaa ammattimaisen ja t\u00e4ydellisen meikin.  Tuotetiedot: V\u00e4ri: punainen Materiaali: alumiinilistat + MDF-levyt + ABS-muovi Kantavuus: 0\u201350 kg Mitat: 34 x 57 x 27 cm (L x K x S) Nettopaino: 7,05 kg Bruttopaino: 7,75 kg  Toimitus sis\u00e4lt\u00e4\u00e4:  &#8211; 1 x kosmetiikkalaukku<\/p>\n","protected":false},"excerpt":{"rendered":"<p>SONGMICS kosmetiikkalaukku, ammattimainen meikkilaukku, kampaajalaukku, 4 irrotettavaa universaalia py\u00f6r\u00e4\u00e4, 3 hylly\u00e4 yl\u00e4osassa, punainen JHZ08RD<\/p>\n","protected":false},"featured_media":40884,"comment_status":"open","ping_status":"closed","template":"","meta":[],"product_brand":[],"product_cat":[32],"product_tag":[],"class_list":{"0":"post-31815","1":"product","2":"type-product","3":"status-publish","4":"has-post-thumbnail","6":"product_cat-uncategorized-fi","8":"first","9":"instock","10":"shipping-taxable","11":"purchasable","12":"product-type-simple"},"_links":{"self":[{"href":"https:\/\/nordicmart.andreevmaster.com\/fi\/wp-json\/wp\/v2\/product\/31815","targetHints":{"allow":["GET"]}}],"collection":[{"href":"https:\/\/nordicmart.andreevmaster.com\/fi\/wp-json\/wp\/v2\/product"}],"about":[{"href":"https:\/\/nordicmart.andreevmaster.com\/fi\/wp-json\/wp\/v2\/types\/product"}],"replies":[{"embeddable":true,"href":"https:\/\/nordicmart.andreevmaster.com\/fi\/wp-json\/wp\/v2\/comments?post=31815"}],"wp:featuredmedia":[{"embeddable":true,"href":"https:\/\/nordicmart.andreevmaster.com\/fi\/wp-json\/wp\/v2\/media\/40884"}],"wp:attachment":[{"href":"https:\/\/nordicmart.andreevmaster.com\/fi\/wp-json\/wp\/v2\/media?parent=31815"}],"wp:term":[{"taxonomy":"product_brand","embeddable":true,"href":"https:\/\/nordicmart.andreevmaster.com\/fi\/wp-json\/wp\/v2\/product_brand?post=31815"},{"taxonomy":"product_cat","embeddable":true,"href":"https:\/\/nordicmart.andreevmaster.com\/fi\/wp-json\/wp\/v2\/product_cat?post=31815"},{"taxonomy":"product_tag","embeddable":true,"href":"https:\/\/nordicmart.andreevmaster.com\/fi\/wp-json\/wp\/v2\/product_tag?post=31815"}],"curies":[{"name":"wp","href":"https:\/\/api.w.org\/{rel}","templated":true}]}}