{"id":31814,"date":"2026-02-27T00:14:56","date_gmt":"2026-02-27T00:14:56","guid":{"rendered":"https:\/\/nordicmart.andreevmaster.com\/product\/songmics-kosmetiikkalaukku-trolley\/"},"modified":"2026-02-27T09:37:17","modified_gmt":"2026-02-27T09:37:17","slug":"songmics-kosmetiikkalaukku-trolley","status":"publish","type":"product","link":"https:\/\/nordicmart.andreevmaster.com\/fi\/tuote\/songmics-kosmetiikkalaukku-trolley\/","title":{"rendered":"SONGMICS kosmetiikkalaukku Trolley"},"content":{"rendered":"<p>SONGMICS kosmetiikkalaukku, ammattimainen meikkilaukku, kampaajalaukku, 4 irrotettavaa universaalia py\u00f6r\u00e4\u00e4, 3 hylly\u00e4 yl\u00e4osassa, punainen JHZ08RD<\/p>\n","protected":false},"excerpt":{"rendered":"<p>SONGMICS kosmetiikkalaukku, ammattimainen meikkilaukku, kampaajalaukku, 4 irrotettavaa universaalia py\u00f6r\u00e4\u00e4, 3 hylly\u00e4 yl\u00e4osassa, punainen JHZ08RD<\/p>\n","protected":false},"featured_media":40883,"comment_status":"open","ping_status":"closed","template":"","meta":[],"product_brand":[],"product_cat":[32],"product_tag":[],"class_list":{"0":"post-31814","1":"product","2":"type-product","3":"status-publish","4":"has-post-thumbnail","6":"product_cat-uncategorized-fi","8":"first","9":"instock","10":"shipping-taxable","11":"purchasable","12":"product-type-simple"},"_links":{"self":[{"href":"https:\/\/nordicmart.andreevmaster.com\/fi\/wp-json\/wp\/v2\/product\/31814","targetHints":{"allow":["GET"]}}],"collection":[{"href":"https:\/\/nordicmart.andreevmaster.com\/fi\/wp-json\/wp\/v2\/product"}],"about":[{"href":"https:\/\/nordicmart.andreevmaster.com\/fi\/wp-json\/wp\/v2\/types\/product"}],"replies":[{"embeddable":true,"href":"https:\/\/nordicmart.andreevmaster.com\/fi\/wp-json\/wp\/v2\/comments?post=31814"}],"wp:featuredmedia":[{"embeddable":true,"href":"https:\/\/nordicmart.andreevmaster.com\/fi\/wp-json\/wp\/v2\/media\/40883"}],"wp:attachment":[{"href":"https:\/\/nordicmart.andreevmaster.com\/fi\/wp-json\/wp\/v2\/media?parent=31814"}],"wp:term":[{"taxonomy":"product_brand","embeddable":true,"href":"https:\/\/nordicmart.andreevmaster.com\/fi\/wp-json\/wp\/v2\/product_brand?post=31814"},{"taxonomy":"product_cat","embeddable":true,"href":"https:\/\/nordicmart.andreevmaster.com\/fi\/wp-json\/wp\/v2\/product_cat?post=31814"},{"taxonomy":"product_tag","embeddable":true,"href":"https:\/\/nordicmart.andreevmaster.com\/fi\/wp-json\/wp\/v2\/product_tag?post=31814"}],"curies":[{"name":"wp","href":"https:\/\/api.w.org\/{rel}","templated":true}]}}