{"id":31812,"date":"2026-02-27T00:14:55","date_gmt":"2026-02-27T00:14:55","guid":{"rendered":"https:\/\/nordicmart.andreevmaster.com\/product\/songmics-meikkikarry-1-laatikko-musta\/"},"modified":"2026-02-27T09:37:17","modified_gmt":"2026-02-27T09:37:17","slug":"songmics-meikkikarry-1-laatikko-musta","status":"publish","type":"product","link":"https:\/\/nordicmart.andreevmaster.com\/fi\/tuote\/songmics-meikkikarry-1-laatikko-musta\/","title":{"rendered":"SONGMICS Meikkik\u00e4rry 1 laatikko Musta"},"content":{"rendered":"<p>K\u00e4tev\u00e4 matkalaukku, jossa on tyylik\u00e4s muotoilu ja looginen jako kaikkiin tilanteisiin! Tukevalla alumiinirungolla ja kest\u00e4vill\u00e4 metallikulmilla varustettu laukku on houkutteleva ja vakaa. Sivussa olevien lukittavien salpojen ansiosta se on helppo avata ja sulkea. Mukana toimitetaan erillinen kansi, jonka avulla matkalaukun k\u00e4ytt\u00f6 on monipuolista. Voit yhdistell\u00e4 t\u00e4m\u00e4n kannen toisen, kolmannen ja viimeisen tason kanssa haluamallasi tavalla. Teleskooppikahvan ja s\u00e4\u00e4dett\u00e4v\u00e4n, irrotettavan kantohihnan ansiosta matkalaukku on eritt\u00e4in joustava sek\u00e4 kantamisessa ett\u00e4 siirt\u00e4misess\u00e4. Kumitettu muovikahva takaa paremman otteen. Laukku sopii erilaisille koruille. Aarteesi ovat aina k\u00e4den ulottuvilla. Jokaisessa laukussa on silikageeli\u00e4 (homeenesto). Kaikki on j\u00e4rjestyksess\u00e4 ja tilaa s\u00e4\u00e4st\u00e4en. Tuotetiedot: Materiaali: Runko: alumiinilista + metallikulmat Verhoilu: MDF-levy + krokotiilikuviollinen keinonahka Teleskooppikahva: alumiini + muovi Rulla: PVC Sis\u00e4vuori: sateenvarjokangas Sis\u00e4osastot: sateenvarjokangas + MDF-levy + PE Mitat: Kokonaismitat (py\u00f6r\u00e4t mukaan lukien): 34,8 x 80 x 25 cm (L x K x S) Kokonaismitat (ilman py\u00f6ri\u00e4): 34,8 x 72 x 25 cm (L x K x S) 1. tason korkeus: 22 cm 2. tason korkeus: 10,2 cm 3. tason korkeus: 10,2 cm 4. tason korkeus: 29,8 cm Ulosty\u00f6ntyv\u00e4n lokeron mitat: 22,3 x 3 x 14,9 cm (L x K x S)Lokeron sis\u00e4mitat 1. tason alaosassa: 33,5 x 8,5 x 23 cm (L x K x S)Toimitus sis\u00e4lt\u00e4\u00e4:1 x matkalaukku1 x ylim\u00e4\u00e4r\u00e4inen kansi1 x kantohihna6 x avain<\/p>\n","protected":false},"excerpt":{"rendered":"<p>SONGMICS kosmetiikkalaukku, musta, XXL2<\/p>\n","protected":false},"featured_media":40881,"comment_status":"open","ping_status":"closed","template":"","meta":[],"product_brand":[],"product_cat":[32],"product_tag":[],"class_list":{"0":"post-31812","1":"product","2":"type-product","3":"status-publish","4":"has-post-thumbnail","6":"product_cat-uncategorized-fi","8":"first","9":"instock","10":"shipping-taxable","11":"purchasable","12":"product-type-simple"},"_links":{"self":[{"href":"https:\/\/nordicmart.andreevmaster.com\/fi\/wp-json\/wp\/v2\/product\/31812","targetHints":{"allow":["GET"]}}],"collection":[{"href":"https:\/\/nordicmart.andreevmaster.com\/fi\/wp-json\/wp\/v2\/product"}],"about":[{"href":"https:\/\/nordicmart.andreevmaster.com\/fi\/wp-json\/wp\/v2\/types\/product"}],"replies":[{"embeddable":true,"href":"https:\/\/nordicmart.andreevmaster.com\/fi\/wp-json\/wp\/v2\/comments?post=31812"}],"wp:featuredmedia":[{"embeddable":true,"href":"https:\/\/nordicmart.andreevmaster.com\/fi\/wp-json\/wp\/v2\/media\/40881"}],"wp:attachment":[{"href":"https:\/\/nordicmart.andreevmaster.com\/fi\/wp-json\/wp\/v2\/media?parent=31812"}],"wp:term":[{"taxonomy":"product_brand","embeddable":true,"href":"https:\/\/nordicmart.andreevmaster.com\/fi\/wp-json\/wp\/v2\/product_brand?post=31812"},{"taxonomy":"product_cat","embeddable":true,"href":"https:\/\/nordicmart.andreevmaster.com\/fi\/wp-json\/wp\/v2\/product_cat?post=31812"},{"taxonomy":"product_tag","embeddable":true,"href":"https:\/\/nordicmart.andreevmaster.com\/fi\/wp-json\/wp\/v2\/product_tag?post=31812"}],"curies":[{"name":"wp","href":"https:\/\/api.w.org\/{rel}","templated":true}]}}