{"id":31811,"date":"2026-02-27T00:14:55","date_gmt":"2026-02-27T00:14:55","guid":{"rendered":"https:\/\/nordicmart.andreevmaster.com\/product\/songmics-3-in-1-meikkikassi-musta\/"},"modified":"2026-02-27T09:37:16","modified_gmt":"2026-02-27T09:37:16","slug":"songmics-3-in-1-meikkikassi-musta","status":"publish","type":"product","link":"https:\/\/nordicmart.andreevmaster.com\/fi\/tuote\/songmics-3-in-1-meikkikassi-musta\/","title":{"rendered":"SONGMICS 3-in-1 meikkikassi, musta"},"content":{"rendered":"<p>4-py\u00f6r\u00e4inen trolley, jossa on tyylik\u00e4s muotoilu ja looginen jako \u2013 kannettava ja rullattava\uff01T\u00e4m\u00e4 tyylik\u00e4s laukku vakuuttaa paitsi tyylikk\u00e4\u00e4ll\u00e4 muotoilullaan my\u00f6s nerokkaalla jaollaan ja korkealla toiminnallisuudellaan. Tukevalla alumiinirungolla ja kest\u00e4vill\u00e4 metallikulmilla varustettu laukku on houkutteleva ja vakaa. Sivussa olevien lukittavien salpalukkojen ansiosta se on helppo avata ja sulkea. Nelj\u00e4n kevyesti py\u00f6riv\u00e4n py\u00f6r\u00e4n ja ulosvedett\u00e4v\u00e4n teleskooppikahvan ansiosta matkalaukku on eritt\u00e4in vakaa sek\u00e4 kannettaessa ett\u00e4 rullattaessa. Kumitettu muovikahva takaa paremman otteen. V\u00e4likansi saatavana erikseen lis\u00e4varusteena. Matkalaukku sopii erilaisille koruille. Huomautukset: 1. Ennen sulkemista sinun on kohdistettava ura oikein matkalaukun reunassa olevaan jouseen. 2. Ennen liikkumista tarkista, ett\u00e4 kaikki lukot ovat kunnolla kiinni, jotta laukku ei aukea. 3. Mitat on mitattu k\u00e4sin, joten niiss\u00e4 voi olla pieni\u00e4 poikkeamia. 4. Tuote voi tuoksua &#8221;uudelta&#8221; avattaessa. T\u00e4m\u00e4 haju h\u00e4vi\u00e4\u00e4 kuitenkin my\u00f6hemmin, kun asetat matkalaukun tuuletettuun tilaan. 5. Ennen ostamista tarkista matkalaukun tarkat mitat verkkosivustolta, jotta saat sopivan kosmetiikkalaukun. Tuotetiedot: &#8211; Materiaali: Runko: alumiinilista + metallikulmat; Verhoilu: MDF-levy + ABS, ruudullinen kuviomalli; Teleskooppikahva: alumiini + muovi; Sis\u00e4vuori: musta sametti Tuotteen mitat (py\u00f6rill\u00e4): 37 x 75 x 23 cm (L x K x S); Teleskooppikahva ulottuu 99 cm:iin &#8211; V\u00e4ri: musta &#8211; Paino: 6,6 kg Toimitus sis\u00e4lt\u00e4\u00e4: 1 x kosmetiikkalaukku 4 x avain 1 x ylim\u00e4\u00e4r\u00e4inen kansi<\/p>\n","protected":false},"excerpt":{"rendered":"<p>SONGMICS Matkalaukku, meikkilaukku, kosmetiikkalaukku, kynsien muotoiluun, meikkien j\u00e4rjestelij\u00e4, laukku kantokotelolla, musta JHZ04B<\/p>\n","protected":false},"featured_media":40880,"comment_status":"open","ping_status":"closed","template":"","meta":[],"product_brand":[],"product_cat":[32],"product_tag":[],"class_list":{"0":"post-31811","1":"product","2":"type-product","3":"status-publish","4":"has-post-thumbnail","6":"product_cat-uncategorized-fi","8":"first","9":"instock","10":"shipping-taxable","11":"purchasable","12":"product-type-simple"},"_links":{"self":[{"href":"https:\/\/nordicmart.andreevmaster.com\/fi\/wp-json\/wp\/v2\/product\/31811","targetHints":{"allow":["GET"]}}],"collection":[{"href":"https:\/\/nordicmart.andreevmaster.com\/fi\/wp-json\/wp\/v2\/product"}],"about":[{"href":"https:\/\/nordicmart.andreevmaster.com\/fi\/wp-json\/wp\/v2\/types\/product"}],"replies":[{"embeddable":true,"href":"https:\/\/nordicmart.andreevmaster.com\/fi\/wp-json\/wp\/v2\/comments?post=31811"}],"wp:featuredmedia":[{"embeddable":true,"href":"https:\/\/nordicmart.andreevmaster.com\/fi\/wp-json\/wp\/v2\/media\/40880"}],"wp:attachment":[{"href":"https:\/\/nordicmart.andreevmaster.com\/fi\/wp-json\/wp\/v2\/media?parent=31811"}],"wp:term":[{"taxonomy":"product_brand","embeddable":true,"href":"https:\/\/nordicmart.andreevmaster.com\/fi\/wp-json\/wp\/v2\/product_brand?post=31811"},{"taxonomy":"product_cat","embeddable":true,"href":"https:\/\/nordicmart.andreevmaster.com\/fi\/wp-json\/wp\/v2\/product_cat?post=31811"},{"taxonomy":"product_tag","embeddable":true,"href":"https:\/\/nordicmart.andreevmaster.com\/fi\/wp-json\/wp\/v2\/product_tag?post=31811"}],"curies":[{"name":"wp","href":"https:\/\/api.w.org\/{rel}","templated":true}]}}