{"id":31810,"date":"2026-02-27T00:14:55","date_gmt":"2026-02-27T00:14:55","guid":{"rendered":"https:\/\/nordicmart.andreevmaster.com\/product\/songmics-2-in-1-kosmetiikkalaukku-krokotiilikuvio\/"},"modified":"2026-02-27T09:37:16","modified_gmt":"2026-02-27T09:37:16","slug":"songmics-2-in-1-kosmetiikkalaukku-krokotiilikuvio","status":"publish","type":"product","link":"https:\/\/nordicmart.andreevmaster.com\/fi\/tuote\/songmics-2-in-1-kosmetiikkalaukku-krokotiilikuvio\/","title":{"rendered":"SONGMICS 2-in-1 kosmetiikkalaukku krokotiilikuvio"},"content":{"rendered":"<p>2-py\u00f6r\u00e4inen matkalaukku, jossa on tyylik\u00e4s muotoilu ja looginen jako \u2013 kannettava ja rullattava\uff01T\u00e4m\u00e4 tyylik\u00e4s matkalaukku vakuuttaa paitsi tyylikk\u00e4\u00e4ll\u00e4 muotoilullaan my\u00f6s nerokkaalla jaollaan ja korkealla toiminnallisuudellaan. Vankalla alumiinirungolla ja kest\u00e4vill\u00e4 metallikulmilla varustettu matkalaukku on houkutteleva ja vakaa. Siin\u00e4 on 2 tasoa, joita voidaan k\u00e4ytt\u00e4\u00e4 erikseen. Nelj\u00e4n sivussa olevan lukittavan salvan ansiosta laukku on helppo avata ja sulkea. Laukku sopii erilaisille koruille. Ulosty\u00f6ntyv\u00e4 kahva helpottaa k\u00e4sittely\u00e4 ja kuljetusta. Kumitettu muovikahva takaa paremman otteen. Huomautukset: 1. Ennen sulkemista sinun on kohdistettava ura oikein laukun reunassa olevaan jouseen. 2. Ennen liikkumista tarkista, ett\u00e4 kaikki lukot ovat kunnolla kiinni, jotta laukku ei aukea. 3. Mitat on mitattu k\u00e4sin, joten niiss\u00e4 voi olla pieni\u00e4 poikkeamia. 4. Tuote voi tuoksua &#8221;uudelta&#8221; avattaessa. T\u00e4m\u00e4 haju h\u00e4vi\u00e4\u00e4 kuitenkin my\u00f6hemmin, kun asetat matkalaukun tuuletettuun tilaan. 5. Ennen ostamista tarkista matkalaukun tarkat mitat verkkosivustolta, jotta saat sopivan kosmetiikkalaukun. Tuotetiedot: Materiaali: Runko: alumiinilista + metallikulmat; Verhoilu: MDF-levy + krokotiilikuviollinen keinonahka; Teleskooppikahva: alumiini + muovi; Sis\u00e4vuori: musta sametti Tuotteen mitat (py\u00f6r\u00e4t mukaan lukien): 35 x 59,5 x 25 cm (L x K x S); Teleskooppikahva ulottuu 87 cm:iin asti V\u00e4ri: musta Paino: 5,5 kg Toimitus sis\u00e4lt\u00e4\u00e4: 1 x kosmetiikkalaukku 4 x avain 1 x kantohihna<\/p>\n","protected":false},"excerpt":{"rendered":"<p>SONGMICS Matkalaukku, 2-in-1 kosmetiikkalaukku, meikkilaukku, alumiinirunko, kampaajalaukku, kovakuorinen meikkilaukku, tyhj\u00e4, monik\u00e4ytt\u00f6inen matkalaukku, musta JHZ03B<\/p>\n","protected":false},"featured_media":40879,"comment_status":"open","ping_status":"closed","template":"","meta":[],"product_brand":[],"product_cat":[32],"product_tag":[],"class_list":{"0":"post-31810","1":"product","2":"type-product","3":"status-publish","4":"has-post-thumbnail","6":"product_cat-uncategorized-fi","8":"first","9":"instock","10":"shipping-taxable","11":"purchasable","12":"product-type-simple"},"_links":{"self":[{"href":"https:\/\/nordicmart.andreevmaster.com\/fi\/wp-json\/wp\/v2\/product\/31810","targetHints":{"allow":["GET"]}}],"collection":[{"href":"https:\/\/nordicmart.andreevmaster.com\/fi\/wp-json\/wp\/v2\/product"}],"about":[{"href":"https:\/\/nordicmart.andreevmaster.com\/fi\/wp-json\/wp\/v2\/types\/product"}],"replies":[{"embeddable":true,"href":"https:\/\/nordicmart.andreevmaster.com\/fi\/wp-json\/wp\/v2\/comments?post=31810"}],"wp:featuredmedia":[{"embeddable":true,"href":"https:\/\/nordicmart.andreevmaster.com\/fi\/wp-json\/wp\/v2\/media\/40879"}],"wp:attachment":[{"href":"https:\/\/nordicmart.andreevmaster.com\/fi\/wp-json\/wp\/v2\/media?parent=31810"}],"wp:term":[{"taxonomy":"product_brand","embeddable":true,"href":"https:\/\/nordicmart.andreevmaster.com\/fi\/wp-json\/wp\/v2\/product_brand?post=31810"},{"taxonomy":"product_cat","embeddable":true,"href":"https:\/\/nordicmart.andreevmaster.com\/fi\/wp-json\/wp\/v2\/product_cat?post=31810"},{"taxonomy":"product_tag","embeddable":true,"href":"https:\/\/nordicmart.andreevmaster.com\/fi\/wp-json\/wp\/v2\/product_tag?post=31810"}],"curies":[{"name":"wp","href":"https:\/\/api.w.org\/{rel}","templated":true}]}}