{"id":31809,"date":"2026-02-27T00:14:55","date_gmt":"2026-02-27T00:14:55","guid":{"rendered":"https:\/\/nordicmart.andreevmaster.com\/product\/songmics-3-in-1-kosmetiikkalaukku-hopea\/"},"modified":"2026-02-27T09:37:16","modified_gmt":"2026-02-27T09:37:16","slug":"songmics-3-in-1-kosmetiikkalaukku-hopea","status":"publish","type":"product","link":"https:\/\/nordicmart.andreevmaster.com\/fi\/tuote\/songmics-3-in-1-kosmetiikkalaukku-hopea\/","title":{"rendered":"SONGMICS 3-in-1 kosmetiikkalaukku  hopea"},"content":{"rendered":"<p>Oletko jo viett\u00e4nyt paljon aikaa sopivan meikkilaukun etsimiseen? Sitten etsint\u00e4si on nyt ohi! SONGMICSin kosmetiikkalaukku&#8230; &#8230; on loistava apulainen meikkien j\u00e4rjest\u00e4misess\u00e4. Pienet tarvikkeet, kuten huulipunat tai luomiv\u00e4rit, voit sijoittaa nelj\u00e4\u00e4n ulosvedett\u00e4v\u00e4\u00e4n lokeroon. Alaosan tilava laatikko sopii erinomaisesti suurille esineille, kuten UV-kynsilakkapuhelimelle, hiustenkuivaajalle jne. Saat tarvitsemasi esineet nopeasti k\u00e4siisi milloin tahansa! &#8230; kest\u00e4\u00e4 useita vuosia Musta ABS-kovakuori, tyylikk\u00e4\u00e4t alumiinilistat ja metallikulmat ovat tukevia ja kest\u00e4vi\u00e4 ja suojaavat laukun sis\u00e4lt\u00f6\u00e4 iskuilta. &#8230; on t\u00e4ydellinen lahjaidea Laukku sopii erinomaisesti lahjaksi kaikille rakkaille yst\u00e4ville, joilla on paljon meikkej\u00e4, olivatpa he sitten meikkien yst\u00e4vi\u00e4 tai ammattimaisia meikkitaiteilijoita. Kun he saavat t\u00e4m\u00e4n lahjan syntym\u00e4p\u00e4iv\u00e4n\u00e4\u00e4n, he varmasti s\u00e4teilev\u00e4t onnesta. Aloita matka maagiseen kosmetiikan ja kauneuden maailmaan t\u00e4ll\u00e4 kosmetiikkalaukulla! Tuotetiedot: &#8211; V\u00e4ri: hopea &#8211; Materiaali: alumiinilistat, MDF, polyesterikangas &#8211; Mitat: Kokonaismitat (py\u00f6rill\u00e4): 34,8 x 25 x 71,5 cm (P x L x K) Kokonaismitat (ilman py\u00f6ri\u00e4): 34,8 x 25 x 67 cm (P x L x K) Pienen matkalaukun korkeus yl\u00e4osassa: 22,5 cm V\u00e4litason korkeus: 11 cm Alalaatikon korkeus: 30 cm Ulosvedett\u00e4v\u00e4n lokeron sis\u00e4mitat: 21,8 x 14,8 x 3 cm (P x L x K) Alalaatikon sis\u00e4osan mitat: 31,6 x 19,8 x 7 cm (P x L x K) Pienen matkalaukun sis\u00e4mitat yl\u00e4osassa: 33,5 x 23 x 10 cm (P x L x K) Laatikon sis\u00e4mitat alaosassa: 33,5 x 23,5 x 29,2 cm (P x L x K) &#8211; Paino: 6,5 kg Toimitus sis\u00e4lt\u00e4\u00e4: &#8211; 1 x meikkilaukku &#8211; 4 x yleisk\u00e4ytt\u00f6inen rulla &#8211; 4 x avain<\/p>\n","protected":false},"excerpt":{"rendered":"<p>SONGMICS kosmetiikkalaukku, ammattimainen meikkilaukku, 3-in-1 meikkilaukku matkoille, iso trolley kampaajille, lukittava, 360\u00b0 k\u00e4\u00e4ntyvill\u00e4 universaalipy\u00f6rill\u00e4, musta JHZ01B<\/p>\n","protected":false},"featured_media":40878,"comment_status":"open","ping_status":"closed","template":"","meta":[],"product_brand":[],"product_cat":[32],"product_tag":[],"class_list":{"0":"post-31809","1":"product","2":"type-product","3":"status-publish","4":"has-post-thumbnail","6":"product_cat-uncategorized-fi","8":"first","9":"instock","10":"shipping-taxable","11":"purchasable","12":"product-type-simple"},"_links":{"self":[{"href":"https:\/\/nordicmart.andreevmaster.com\/fi\/wp-json\/wp\/v2\/product\/31809","targetHints":{"allow":["GET"]}}],"collection":[{"href":"https:\/\/nordicmart.andreevmaster.com\/fi\/wp-json\/wp\/v2\/product"}],"about":[{"href":"https:\/\/nordicmart.andreevmaster.com\/fi\/wp-json\/wp\/v2\/types\/product"}],"replies":[{"embeddable":true,"href":"https:\/\/nordicmart.andreevmaster.com\/fi\/wp-json\/wp\/v2\/comments?post=31809"}],"wp:featuredmedia":[{"embeddable":true,"href":"https:\/\/nordicmart.andreevmaster.com\/fi\/wp-json\/wp\/v2\/media\/40878"}],"wp:attachment":[{"href":"https:\/\/nordicmart.andreevmaster.com\/fi\/wp-json\/wp\/v2\/media?parent=31809"}],"wp:term":[{"taxonomy":"product_brand","embeddable":true,"href":"https:\/\/nordicmart.andreevmaster.com\/fi\/wp-json\/wp\/v2\/product_brand?post=31809"},{"taxonomy":"product_cat","embeddable":true,"href":"https:\/\/nordicmart.andreevmaster.com\/fi\/wp-json\/wp\/v2\/product_cat?post=31809"},{"taxonomy":"product_tag","embeddable":true,"href":"https:\/\/nordicmart.andreevmaster.com\/fi\/wp-json\/wp\/v2\/product_tag?post=31809"}],"curies":[{"name":"wp","href":"https:\/\/api.w.org\/{rel}","templated":true}]}}