{"id":31808,"date":"2026-02-27T00:14:54","date_gmt":"2026-02-27T00:14:54","guid":{"rendered":"https:\/\/nordicmart.andreevmaster.com\/product\/songmics-3-in-1-kosmetiikkalaukku-vaaleanpunainen\/"},"modified":"2026-02-27T09:37:16","modified_gmt":"2026-02-27T09:37:16","slug":"songmics-3-in-1-kosmetiikkalaukku-vaaleanpunainen","status":"publish","type":"product","link":"https:\/\/nordicmart.andreevmaster.com\/fi\/tuote\/songmics-3-in-1-kosmetiikkalaukku-vaaleanpunainen\/","title":{"rendered":"SONGMICS 3-in-1 kosmetiikkalaukku, vaaleanpunainen"},"content":{"rendered":"<p>Kosmetiikkalaukun sakura-vaaleanpunainen kova kuori sulkeutuu kauniisti kuin karkkipakkaus aarteidesi ymp\u00e4rille. T\u00e4h\u00e4n tyylikk\u00e4\u00e4seen laukkuun mahtuu kaikki tarvitsemasi kosmetiikka- ja hoitotuotteet, joten l\u00f6yd\u00e4t aina tarvitsemasi helposti. J\u00e4rjestelytaitoa meikillesi: sijoita pienet tarvikkeet, kuten huulipunat tai luomiv\u00e4rit, nelj\u00e4\u00e4n ulosvedett\u00e4v\u00e4\u00e4n lokeroon; alaosan tilava laatikko sopii erinomaisesti suurille esineille, kuten UV-kynsilakkalampulle, hiustenkuivaajalle jne. Kest\u00e4\u00e4 vuosia: ABS-kovakuori, alumiinilistat ja metallikulmat ovat tukevia ja kest\u00e4vi\u00e4 ja suojaavat matkalaukun sis\u00e4lt\u00f6\u00e4 iskuilta.T\u00e4ydellinen lahjaidea: Kotelo sopii erinomaisesti lahjaksi kaikille rakkaille yst\u00e4ville, joilla on paljon meikkej\u00e4. Kun he saavat t\u00e4m\u00e4n lahjan  syntym\u00e4p\u00e4iv\u00e4n\u00e4\u00e4n, he varmasti s\u00e4teilev\u00e4t onnesta. Aloita nyt matka maagiseen kosmetiikan ja kauneuden maailmaan t\u00e4ll\u00e4 kosmetiikkakotelolla! Tuotetiedot:V\u00e4ri: vaaleanpunainen Materiaali: alumiinilistat, MDF, polyesterikangas, PVC-levyt Mitat: Kokonaismitat: 30 x 70 x 25 cm (L x K x S) Pienen matkalaukun korkeus yl\u00e4osassa: 22,3 cm V\u00e4litason korkeus: 8,5 cm Laatikon korkeus alaosassa: 29,3 cm. Ulosty\u00f6ntyv\u00e4n lokeron mitat: 22,7 x 3 x 16 cm (L x K x S). Alalaatikon sis\u00e4osan mitat: 33,4 x 7,2 x 22,2 cm (L x K x S). S\u00e4\u00e4dett\u00e4v\u00e4n teleskooppikahvan korkeus: 58,5\u201396,5 cm Paino: 6,4 kg Toimitus sis\u00e4lt\u00e4\u00e4: 1 x meikkilaukku 4 x yleispy\u00f6r\u00e4 4 x avain<\/p>\n","protected":false},"excerpt":{"rendered":"<p>SONGMICS kosmetiikkalaukku, ammattimainen meikkilaukku, 3-in-1 meikkilaukku matkoille, iso trolley kampaajille, lukittava, 360\u00b0 k\u00e4\u00e4ntyvill\u00e4 universaalipy\u00f6rill\u00e4, musta JHZ01B<\/p>\n","protected":false},"featured_media":40877,"comment_status":"open","ping_status":"closed","template":"","meta":[],"product_brand":[],"product_cat":[32],"product_tag":[],"class_list":{"0":"post-31808","1":"product","2":"type-product","3":"status-publish","4":"has-post-thumbnail","6":"product_cat-uncategorized-fi","8":"first","9":"instock","10":"shipping-taxable","11":"purchasable","12":"product-type-simple"},"_links":{"self":[{"href":"https:\/\/nordicmart.andreevmaster.com\/fi\/wp-json\/wp\/v2\/product\/31808","targetHints":{"allow":["GET"]}}],"collection":[{"href":"https:\/\/nordicmart.andreevmaster.com\/fi\/wp-json\/wp\/v2\/product"}],"about":[{"href":"https:\/\/nordicmart.andreevmaster.com\/fi\/wp-json\/wp\/v2\/types\/product"}],"replies":[{"embeddable":true,"href":"https:\/\/nordicmart.andreevmaster.com\/fi\/wp-json\/wp\/v2\/comments?post=31808"}],"wp:featuredmedia":[{"embeddable":true,"href":"https:\/\/nordicmart.andreevmaster.com\/fi\/wp-json\/wp\/v2\/media\/40877"}],"wp:attachment":[{"href":"https:\/\/nordicmart.andreevmaster.com\/fi\/wp-json\/wp\/v2\/media?parent=31808"}],"wp:term":[{"taxonomy":"product_brand","embeddable":true,"href":"https:\/\/nordicmart.andreevmaster.com\/fi\/wp-json\/wp\/v2\/product_brand?post=31808"},{"taxonomy":"product_cat","embeddable":true,"href":"https:\/\/nordicmart.andreevmaster.com\/fi\/wp-json\/wp\/v2\/product_cat?post=31808"},{"taxonomy":"product_tag","embeddable":true,"href":"https:\/\/nordicmart.andreevmaster.com\/fi\/wp-json\/wp\/v2\/product_tag?post=31808"}],"curies":[{"name":"wp","href":"https:\/\/api.w.org\/{rel}","templated":true}]}}