{"id":31807,"date":"2026-02-27T00:14:54","date_gmt":"2026-02-27T00:14:54","guid":{"rendered":"https:\/\/nordicmart.andreevmaster.com\/product\/songmics-3-in-1-kosmetiikkakassi-musta\/"},"modified":"2026-02-27T09:37:16","modified_gmt":"2026-02-27T09:37:16","slug":"songmics-3-in-1-kosmetiikkakassi-musta","status":"publish","type":"product","link":"https:\/\/nordicmart.andreevmaster.com\/fi\/tuote\/songmics-3-in-1-kosmetiikkakassi-musta\/","title":{"rendered":"SONGMICS 3-in-1 kosmetiikkakassi, musta"},"content":{"rendered":"<p>Kaunis, tyylik\u00e4s ja ajaton lentokassi! T\u00e4m\u00e4 hieno kassi vakuuttaa paitsi tyylikk\u00e4\u00e4ll\u00e4 muotoilullaan my\u00f6s nerokkaalla jaollaan ja korkealla toiminnallisuudellaan. Tukevalla alumiinirungolla ja kest\u00e4vill\u00e4 metallikulmilla varustettu kassi on houkutteleva ja vakaa. Siin\u00e4 on 3 tasoa, joista 1. ja 2. taso ovat irrotettavia ja k\u00e4ytett\u00e4viss\u00e4 erikseen. Nelj\u00e4n sivussa olevan lukittavan salvan ansiosta matkalaukku on helppo avata ja sulkea. Matkalaukku sopii erilaisille koruille. Ulosty\u00f6ntyv\u00e4 kahva helpottaa k\u00e4sittely\u00e4 ja kuljetusta. Kumitettu muovikahva takaa paremman otteen. Huomautukset: 1. Ennen sulkemista sinun on kohdistettava ura oikein salvan reunaan. 2. Jotta salkku sulkeutuu oikein, \u00e4l\u00e4 laita siihen liian korkeita esineit\u00e4. 3. Mitat on mitattu k\u00e4sin, joten niiss\u00e4 voi olla pieni\u00e4 poikkeamia. 4. Tuote saattaa tuoksua &#8221;uudelta&#8221; avattaessa. T\u00e4m\u00e4 haju h\u00e4vi\u00e4\u00e4 kuitenkin my\u00f6hemmin, kun asetat matkalaukun tuuletettuun tilaan. 5. Ennen ostamista lue matkalaukun tarkat mitat verkkosivustolta, jotta saat sopivan kosmetiikkalaukun. Tuotetiedot: &#8211; Materiaali: Runko: alumiinilista + metallikulmat; Verhoilu: MDF-levy + keinonahka; teleskooppikahva: alumiini + muovi; sis\u00e4vuori: musta sametti Tuotteen mitat: 35 x 68,5 x 25 cm (L x K x S) &#8211; 1. tason mitat: 35 x 22 x 25 cm (L x K x S) &#8211; 2. tason mitat: 35 x 10 x 25 cm (L x K x S) &#8211; 3. tason mitat: 35 x 30 x 25 cm (L x K x S) &#8211; Nettopaino: 6,56 kg Toimitus sis\u00e4lt\u00e4\u00e4: &#8211; 1 x kosmetiikkalaukku &#8211; 6 x avain<\/p>\n","protected":false},"excerpt":{"rendered":"<p>SONGMICS kosmetiikkalaukku, ammattimainen meikkilaukku, 3-in-1 meikkilaukku matkoille, iso trolley kampaajille, lukittava, 360\u00b0 k\u00e4\u00e4ntyvill\u00e4 universaalipy\u00f6rill\u00e4, musta JHZ01B<\/p>\n","protected":false},"featured_media":40876,"comment_status":"open","ping_status":"closed","template":"","meta":[],"product_brand":[],"product_cat":[32],"product_tag":[],"class_list":{"0":"post-31807","1":"product","2":"type-product","3":"status-publish","4":"has-post-thumbnail","6":"product_cat-uncategorized-fi","8":"first","9":"instock","10":"shipping-taxable","11":"purchasable","12":"product-type-simple"},"_links":{"self":[{"href":"https:\/\/nordicmart.andreevmaster.com\/fi\/wp-json\/wp\/v2\/product\/31807","targetHints":{"allow":["GET"]}}],"collection":[{"href":"https:\/\/nordicmart.andreevmaster.com\/fi\/wp-json\/wp\/v2\/product"}],"about":[{"href":"https:\/\/nordicmart.andreevmaster.com\/fi\/wp-json\/wp\/v2\/types\/product"}],"replies":[{"embeddable":true,"href":"https:\/\/nordicmart.andreevmaster.com\/fi\/wp-json\/wp\/v2\/comments?post=31807"}],"wp:featuredmedia":[{"embeddable":true,"href":"https:\/\/nordicmart.andreevmaster.com\/fi\/wp-json\/wp\/v2\/media\/40876"}],"wp:attachment":[{"href":"https:\/\/nordicmart.andreevmaster.com\/fi\/wp-json\/wp\/v2\/media?parent=31807"}],"wp:term":[{"taxonomy":"product_brand","embeddable":true,"href":"https:\/\/nordicmart.andreevmaster.com\/fi\/wp-json\/wp\/v2\/product_brand?post=31807"},{"taxonomy":"product_cat","embeddable":true,"href":"https:\/\/nordicmart.andreevmaster.com\/fi\/wp-json\/wp\/v2\/product_cat?post=31807"},{"taxonomy":"product_tag","embeddable":true,"href":"https:\/\/nordicmart.andreevmaster.com\/fi\/wp-json\/wp\/v2\/product_tag?post=31807"}],"curies":[{"name":"wp","href":"https:\/\/api.w.org\/{rel}","templated":true}]}}