{"id":31806,"date":"2026-02-27T00:14:54","date_gmt":"2026-02-27T00:14:54","guid":{"rendered":"https:\/\/nordicmart.andreevmaster.com\/product\/songmics-kosmetiikkalaukku-lukittava-matkalaukku\/"},"modified":"2026-02-27T09:37:16","modified_gmt":"2026-02-27T09:37:16","slug":"songmics-kosmetiikkalaukku-lukittava-matkalaukku","status":"publish","type":"product","link":"https:\/\/nordicmart.andreevmaster.com\/fi\/tuote\/songmics-kosmetiikkalaukku-lukittava-matkalaukku\/","title":{"rendered":"SONGMICS kosmetiikkalaukku, lukittava matkalaukku"},"content":{"rendered":"<p>SONGMICS kosmetiikkalaukku, matkalaukku, 4-in-1 meikkilaukku, eritt\u00e4in suuri, kampaajan laukku, 34 x 24 x 79,3 cm, lukittava, meikkilaukku, 360\u00b0 k\u00e4\u00e4ntyv\u00e4t py\u00f6r\u00e4t, matkoille, lahjaidea, musta JHZ015B01<br \/>\nV\u00e4ri: musta<br \/>\nMateriaali: alumiinirunko, MDF (keskitihe\u00e4 kuitulevy), ABS-muovi<br \/>\nKoko<br \/>\nKokonaismitat (py\u00f6rill\u00e4): 34 x 24 x 79,3 cm (P x L x K)<br \/>\nKokonaismitat (ilman rullia): 34 x 24 x 71,9 cm (P x L x K)<br \/>\n1. tason korkeus: 18,8 cm<br \/>\nUlosvedett\u00e4v\u00e4n lokeron koko (4 kpl): 21,5 x 15,3 x 3,5 cm (P x L x K)<br \/>\n2. tason korkeus: 8,8 cm<br \/>\n3. tason korkeus: 8,8 cm<br \/>\nNelj\u00e4nnen tason korkeus: 35,5 cm<br \/>\nPaino: 7 kg<br \/>\nMaks. staattinen kokonaiskuormitus: 30 kg<\/p>\n","protected":false},"excerpt":{"rendered":"<p>SONGMICS kosmetiikkalaukku, matkalaukku, 4-in-1 meikkilaukku, eritt\u00e4in suuri, kampaajan laukku, 34 x 24 x 79,3 cm, lukittava, meikkilaukku, 360\u00b0 k\u00e4\u00e4ntyv\u00e4t py\u00f6r\u00e4t, matkoille, lahjaidea, musta JHZ015B01<\/p>\n","protected":false},"featured_media":40875,"comment_status":"open","ping_status":"closed","template":"","meta":[],"product_brand":[],"product_cat":[32],"product_tag":[],"class_list":{"0":"post-31806","1":"product","2":"type-product","3":"status-publish","4":"has-post-thumbnail","6":"product_cat-uncategorized-fi","8":"first","9":"instock","10":"shipping-taxable","11":"purchasable","12":"product-type-simple"},"_links":{"self":[{"href":"https:\/\/nordicmart.andreevmaster.com\/fi\/wp-json\/wp\/v2\/product\/31806","targetHints":{"allow":["GET"]}}],"collection":[{"href":"https:\/\/nordicmart.andreevmaster.com\/fi\/wp-json\/wp\/v2\/product"}],"about":[{"href":"https:\/\/nordicmart.andreevmaster.com\/fi\/wp-json\/wp\/v2\/types\/product"}],"replies":[{"embeddable":true,"href":"https:\/\/nordicmart.andreevmaster.com\/fi\/wp-json\/wp\/v2\/comments?post=31806"}],"wp:featuredmedia":[{"embeddable":true,"href":"https:\/\/nordicmart.andreevmaster.com\/fi\/wp-json\/wp\/v2\/media\/40875"}],"wp:attachment":[{"href":"https:\/\/nordicmart.andreevmaster.com\/fi\/wp-json\/wp\/v2\/media?parent=31806"}],"wp:term":[{"taxonomy":"product_brand","embeddable":true,"href":"https:\/\/nordicmart.andreevmaster.com\/fi\/wp-json\/wp\/v2\/product_brand?post=31806"},{"taxonomy":"product_cat","embeddable":true,"href":"https:\/\/nordicmart.andreevmaster.com\/fi\/wp-json\/wp\/v2\/product_cat?post=31806"},{"taxonomy":"product_tag","embeddable":true,"href":"https:\/\/nordicmart.andreevmaster.com\/fi\/wp-json\/wp\/v2\/product_tag?post=31806"}],"curies":[{"name":"wp","href":"https:\/\/api.w.org\/{rel}","templated":true}]}}